{"id":25067,"date":"2024-01-24T10:44:28","date_gmt":"2024-01-24T02:44:28","guid":{"rendered":"https:\/\/www.fjpremium.com\/?post_type=product&#038;p=25067"},"modified":"2024-04-03T14:04:31","modified_gmt":"2024-04-03T06:04:31","slug":"usb-slot-bracket-usb-slot-plate-adapter","status":"publish","type":"product","link":"https:\/\/www.fjpremium.com\/pt\/product\/usb-slot-bracket-usb-slot-plate-adapter\/","title":{"rendered":"Suporte de ranhura USB USB 3.1 Tipo E para USB C, 20PIN para USB A Cabo adaptador de placa de ranhura"},"content":{"rendered":"<p>Atualize a configura\u00e7\u00e3o do seu PC sem esfor\u00e7o com o cabo adaptador de suporte de slot USB Farsince.<\/p>\n<p>Ele se conecta perfeitamente \u00e0 interface USB 3.1 Tipo-E ou USB 3.0 20PIN da placa-m\u00e3e, estendendo-se \u00e0s portas USB 3.1 Tipo C ou USB 3.0 Tipo A de alta velocidade fora do chassi.<\/p>\n<p>A instala\u00e7\u00e3o plug-and-play simples, a constru\u00e7\u00e3o dur\u00e1vel e as velocidades extremamente r\u00e1pidas de at\u00e9 10 Gbps tornam-no indispens\u00e1vel.<\/p>\n<p>Al\u00e9m disso, com suporte para carregamento r\u00e1pido de at\u00e9 100 W e compatibilidade retroativa com dispositivos USB 3.0 e 2.0, \u00e9 uma virada de jogo. N\u00e3o perca esta atualiza\u00e7\u00e3o!<\/p>\n<p><!-- notionvc: 9cc97f9d-f357-4ffa-a43a-a5c30e0ed0f5 --><!-- notionvc: 39e6d870-2ccd-4bdf-a9fa-167fb191cf76 --><\/p>\n<p><!-- notionvc: b095f5fd-12ca-4e3c-aa4a-6b7b9d201367 --><\/p>\n<p><!-- notionvc: d1bf7134-081f-4dda-91f6-fa2bc73c01d9 --><\/p>\n<p><!-- notionvc: 7691773d-0462-4a7f-b41c-a58ee20dbfad --><\/p>\n<p><!-- notionvc: e16f256b-1002-40c7-afcf-7c7c760a7e79 --><\/p>\n<p><span style=\"font-size: 16px;\">As suas especifica\u00e7\u00f5es:<\/span><\/p>\n<ul>\n<li>Conector 1: USB 3.1 Tipo E macho\/ USB 3.0 20PIN f\u00eamea interno<\/li>\n<li>Conector 2: USB 3.1 Type-C\/ USB 3.0 Type-A f\u00eamea externo<\/li>\n<li>Contacto banhado a ouro, concha banhada a n\u00edquel<\/li>\n<li>Tipo de porca e parafuso: M3 niquelado<\/li>\n<li>Passo do furo: 20\u00b10,5 mm ou 30\u00b10,5 mm<\/li>\n<li>Condutor do cabo: Cobre nu<\/li>\n<li>Bitola do fio: 32AWG para USB 3.1 Type-E OD4.6mm; 28\/28\/24AWG para USB 3.0 20PIN OD5.5\u00b10.15mm<\/li>\n<li>Blindagem: Folha de alum\u00ednio, tran\u00e7a<\/li>\n<li>Carca\u00e7a: Moldagem por inje\u00e7\u00e3o<\/li>\n<li>Revestimento: PVC<\/li>\n<li>O USB 3.1 suporta transfer\u00eancia\/sincroniza\u00e7\u00e3o de dados ultra-r\u00e1pida (at\u00e9 10 Gbps) e tamb\u00e9m suporta carregamento r\u00e1pido USB at\u00e9 100 W<\/li>\n<li>USB 3.1 compat\u00edvel com USB 3.0 de alta velocidade (5 Gbps), USB 2.0 (480 Mbps)<\/li>\n<li>Os conectores USB 3.0 A suportam dispositivos USB 3.0 de alta velocidade e a taxa de transfer\u00eancia atinge os 5 Gbps<\/li>\n<li>Conformidade: RoHS, REACH<\/li>\n<\/ul>","protected":false},"excerpt":{"rendered":"<p>Suporte de ranhura USB 3.1 Tipo E macho para USB C f\u00eamea, 20PIN para USB 3.0 A f\u00eamea, cabo adaptador de placa de ranhura, 0,3M<\/p>","protected":false},"featured_media":25070,"template":"","meta":{"_acf_changed":false,"_seopress_robots_primary_cat":"","_seopress_titles_title":"USB Slot Bracket USB C USB 3.0 A Slot Plate Adapter Cable","_seopress_titles_desc":"","_seopress_robots_index":"","site-sidebar-layout":"default","site-content-layout":"default","ast-site-content-layout":"default","site-content-style":"default","site-sidebar-style":"default","ast-global-header-display":"","ast-banner-title-visibility":"","ast-main-header-display":"","ast-hfb-above-header-display":"","ast-hfb-below-header-display":"","ast-hfb-mobile-header-display":"","site-post-title":"","ast-breadcrumbs-content":"","ast-featured-img":"","footer-sml-layout":"","ast-disable-related-posts":"","theme-transparent-header-meta":"default","adv-header-id-meta":"","stick-header-meta":"","header-above-stick-meta":"","header-main-stick-meta":"","header-below-stick-meta":"","astra-migrate-meta-layouts":"set","ast-page-background-enabled":"default","ast-page-background-meta":{"desktop":{"background-color":"","background-image":"","background-repeat":"repeat","background-position":"center center","background-size":"auto","background-attachment":"scroll","background-type":"","background-media":"","overlay-type":"","overlay-color":"","overlay-opacity":"","overlay-gradient":""},"tablet":{"background-color":"","background-image":"","background-repeat":"repeat","background-position":"center center","background-size":"auto","background-attachment":"scroll","background-type":"","background-media":"","overlay-type":"","overlay-color":"","overlay-opacity":"","overlay-gradient":""},"mobile":{"background-color":"","background-image":"","background-repeat":"repeat","background-position":"center center","background-size":"auto","background-attachment":"scroll","background-type":"","background-media":"","overlay-type":"","overlay-color":"","overlay-opacity":"","overlay-gradient":""}},"ast-content-background-meta":{"desktop":{"background-color":"var(--ast-global-color-5)","background-image":"","background-repeat":"repeat","background-position":"center center","background-size":"auto","background-attachment":"scroll","background-type":"","background-media":"","overlay-type":"","overlay-color":"","overlay-opacity":"","overlay-gradient":""},"tablet":{"background-color":"var(--ast-global-color-5)","background-image":"","background-repeat":"repeat","background-position":"center center","background-size":"auto","background-attachment":"scroll","background-type":"","background-media":"","overlay-type":"","overlay-color":"","overlay-opacity":"","overlay-gradient":""},"mobile":{"background-color":"var(--ast-global-color-5)","background-image":"","background-repeat":"repeat","background-position":"center center","background-size":"auto","background-attachment":"scroll","background-type":"","background-media":"","overlay-type":"","overlay-color":"","overlay-opacity":"","overlay-gradient":""}},"iawp_total_views":1},"product_brand":[],"product_cat":[238,712],"product_tag":[],"class_list":{"0":"post-25067","1":"product","2":"type-product","3":"status-publish","4":"has-post-thumbnail","6":"product_cat-panel-mount","7":"product_cat-slot-brackets","8":"desktop-align-left","9":"tablet-align-left","10":"mobile-align-left","12":"first","13":"instock","14":"shipping-taxable","15":"purchasable","16":"product-type-simple"},"acf":[],"_links":{"self":[{"href":"https:\/\/www.fjpremium.com\/pt\/wp-json\/wp\/v2\/product\/25067","targetHints":{"allow":["GET"]}}],"collection":[{"href":"https:\/\/www.fjpremium.com\/pt\/wp-json\/wp\/v2\/product"}],"about":[{"href":"https:\/\/www.fjpremium.com\/pt\/wp-json\/wp\/v2\/types\/product"}],"wp:featuredmedia":[{"embeddable":true,"href":"https:\/\/www.fjpremium.com\/pt\/wp-json\/wp\/v2\/media\/25070"}],"wp:attachment":[{"href":"https:\/\/www.fjpremium.com\/pt\/wp-json\/wp\/v2\/media?parent=25067"}],"wp:term":[{"taxonomy":"product_brand","embeddable":true,"href":"https:\/\/www.fjpremium.com\/pt\/wp-json\/wp\/v2\/product_brand?post=25067"},{"taxonomy":"product_cat","embeddable":true,"href":"https:\/\/www.fjpremium.com\/pt\/wp-json\/wp\/v2\/product_cat?post=25067"},{"taxonomy":"product_tag","embeddable":true,"href":"https:\/\/www.fjpremium.com\/pt\/wp-json\/wp\/v2\/product_tag?post=25067"}],"curies":[{"name":"wp","href":"https:\/\/api.w.org\/{rel}","templated":true}]}}