{"id":25025,"date":"2024-01-24T09:17:32","date_gmt":"2024-01-24T01:17:32","guid":{"rendered":"https:\/\/www.fjpremium.com\/?post_type=product&#038;p=25025"},"modified":"2024-04-02T17:39:18","modified_gmt":"2024-04-02T09:39:18","slug":"usb-a-female-solt-plate-adapter-cable","status":"publish","type":"product","link":"https:\/\/www.fjpremium.com\/pt\/product\/usb-a-female-solt-plate-adapter-cable\/","title":{"rendered":"Cabo adaptador de placa de encaixe USB 9PIN para 2 portas USB A f\u00eamea"},"content":{"rendered":"<p>Atualize a conectividade do seu PC com facilidade usando o cabo adaptador de placa de slot f\u00eamea Farsince USB 9PIN para 2 portas USB A.<\/p>\n<p>Este adaptador de alta qualidade estende a interface USB da sua placa-m\u00e3e para duas portas USB 2.0 Tipo A no rack do painel traseiro.<\/p>\n<p>Apresentando uma configura\u00e7\u00e3o plug-and-play simples, a conex\u00e3o \u00e0 placa-m\u00e3e \u00e9 f\u00e1cil.<\/p>\n<p>Suportando dispositivos USB 2.0 de alta velocidade com taxas de transfer\u00eancia de at\u00e9 480 Mbps, este cabo adaptador fornece transmiss\u00e3o r\u00e1pida de dados.<br \/>\nAl\u00e9m disso, est\u00e1 em conformidade com os padr\u00f5es RoHS e REACH para garantia ambiental e de seguran\u00e7a.<\/p>\n<p><!-- notionvc: b095f5fd-12ca-4e3c-aa4a-6b7b9d201367 --><\/p>\n<p><!-- notionvc: d1bf7134-081f-4dda-91f6-fa2bc73c01d9 --><\/p>\n<p><!-- notionvc: 7691773d-0462-4a7f-b41c-a58ee20dbfad --><\/p>\n<p><!-- notionvc: e16f256b-1002-40c7-afcf-7c7c760a7e79 --><\/p>\n<p><span style=\"font-size: 16px;\">As suas especifica\u00e7\u00f5es:<\/span><\/p>\n<ul>\n<li>Conector 1: USB 9PIN f\u00eamea interno<\/li>\n<li>Conector 2: 2x USB 2.0 Tipo A f\u00eamea externo<\/li>\n<li>Contacto banhado a ouro, concha banhada a n\u00edquel<\/li>\n<li>Tipo de porca e parafuso: M3 niquelado<\/li>\n<li>Condutor do cabo: Cobre nu<\/li>\n<li>Bitola do fio: 28\/24AWG<\/li>\n<li>Di\u00e2metro exterior: 4,5 mm<\/li>\n<li>Blindagem: Folha de alum\u00ednio<\/li>\n<li>Carca\u00e7a: Moldagem por inje\u00e7\u00e3o<\/li>\n<li>Revestimento: PVC<\/li>\n<li>Os conectores USB 2.0 A suportam dispositivos USB 2.0 de alta velocidade e a taxa de transfer\u00eancia atinge os 480 Mbps<\/li>\n<li>Conformidade com vers\u00f5es anteriores de USB 1.1 de velocidade total (12 Mbps) e USB 1.0 de baixa velocidade (1,5 Mbps)<\/li>\n<li>Conformidade: RoHS, REACH<\/li>\n<\/ul>","protected":false},"excerpt":{"rendered":"<p>Cabo adaptador de placa de encaixe USB 9PIN para 2 portas USB A f\u00eamea, 0,3M<\/p>","protected":false},"featured_media":25027,"template":"","meta":{"_acf_changed":false,"_seopress_robots_primary_cat":"","_seopress_titles_title":"USB 9PIN to 2 Port USB A Female Slot Plate Adapter Cable","_seopress_titles_desc":"","_seopress_robots_index":"","site-sidebar-layout":"default","site-content-layout":"default","ast-site-content-layout":"default","site-content-style":"default","site-sidebar-style":"default","ast-global-header-display":"","ast-banner-title-visibility":"","ast-main-header-display":"","ast-hfb-above-header-display":"","ast-hfb-below-header-display":"","ast-hfb-mobile-header-display":"","site-post-title":"","ast-breadcrumbs-content":"","ast-featured-img":"","footer-sml-layout":"","ast-disable-related-posts":"","theme-transparent-header-meta":"default","adv-header-id-meta":"","stick-header-meta":"","header-above-stick-meta":"","header-main-stick-meta":"","header-below-stick-meta":"","astra-migrate-meta-layouts":"set","ast-page-background-enabled":"default","ast-page-background-meta":{"desktop":{"background-color":"","background-image":"","background-repeat":"repeat","background-position":"center center","background-size":"auto","background-attachment":"scroll","background-type":"","background-media":"","overlay-type":"","overlay-color":"","overlay-opacity":"","overlay-gradient":""},"tablet":{"background-color":"","background-image":"","background-repeat":"repeat","background-position":"center center","background-size":"auto","background-attachment":"scroll","background-type":"","background-media":"","overlay-type":"","overlay-color":"","overlay-opacity":"","overlay-gradient":""},"mobile":{"background-color":"","background-image":"","background-repeat":"repeat","background-position":"center center","background-size":"auto","background-attachment":"scroll","background-type":"","background-media":"","overlay-type":"","overlay-color":"","overlay-opacity":"","overlay-gradient":""}},"ast-content-background-meta":{"desktop":{"background-color":"var(--ast-global-color-5)","background-image":"","background-repeat":"repeat","background-position":"center center","background-size":"auto","background-attachment":"scroll","background-type":"","background-media":"","overlay-type":"","overlay-color":"","overlay-opacity":"","overlay-gradient":""},"tablet":{"background-color":"var(--ast-global-color-5)","background-image":"","background-repeat":"repeat","background-position":"center center","background-size":"auto","background-attachment":"scroll","background-type":"","background-media":"","overlay-type":"","overlay-color":"","overlay-opacity":"","overlay-gradient":""},"mobile":{"background-color":"var(--ast-global-color-5)","background-image":"","background-repeat":"repeat","background-position":"center center","background-size":"auto","background-attachment":"scroll","background-type":"","background-media":"","overlay-type":"","overlay-color":"","overlay-opacity":"","overlay-gradient":""}},"iawp_total_views":15},"product_brand":[],"product_cat":[238,712],"product_tag":[],"class_list":{"0":"post-25025","1":"product","2":"type-product","3":"status-publish","4":"has-post-thumbnail","6":"product_cat-panel-mount","7":"product_cat-slot-brackets","8":"desktop-align-left","9":"tablet-align-left","10":"mobile-align-left","12":"first","13":"instock","14":"shipping-taxable","15":"purchasable","16":"product-type-simple"},"acf":[],"_links":{"self":[{"href":"https:\/\/www.fjpremium.com\/pt\/wp-json\/wp\/v2\/product\/25025","targetHints":{"allow":["GET"]}}],"collection":[{"href":"https:\/\/www.fjpremium.com\/pt\/wp-json\/wp\/v2\/product"}],"about":[{"href":"https:\/\/www.fjpremium.com\/pt\/wp-json\/wp\/v2\/types\/product"}],"wp:featuredmedia":[{"embeddable":true,"href":"https:\/\/www.fjpremium.com\/pt\/wp-json\/wp\/v2\/media\/25027"}],"wp:attachment":[{"href":"https:\/\/www.fjpremium.com\/pt\/wp-json\/wp\/v2\/media?parent=25025"}],"wp:term":[{"taxonomy":"product_brand","embeddable":true,"href":"https:\/\/www.fjpremium.com\/pt\/wp-json\/wp\/v2\/product_brand?post=25025"},{"taxonomy":"product_cat","embeddable":true,"href":"https:\/\/www.fjpremium.com\/pt\/wp-json\/wp\/v2\/product_cat?post=25025"},{"taxonomy":"product_tag","embeddable":true,"href":"https:\/\/www.fjpremium.com\/pt\/wp-json\/wp\/v2\/product_tag?post=25025"}],"curies":[{"name":"wp","href":"https:\/\/api.w.org\/{rel}","templated":true}]}}