{"id":25005,"date":"2024-01-23T17:05:35","date_gmt":"2024-01-23T09:05:35","guid":{"rendered":"https:\/\/www.fjpremium.com\/?post_type=product&#038;p=25005"},"modified":"2024-04-02T17:18:22","modified_gmt":"2024-04-02T09:18:22","slug":"usb-2-0-female-panel-flush-mount-cable","status":"publish","type":"product","link":"https:\/\/www.fjpremium.com\/pt\/product\/usb-2-0-female-panel-flush-mount-cable\/","title":{"rendered":"Cabo quadrado de montagem embutida em painel USB 2.0 macho para USB 2.0 f\u00eamea duplo"},"content":{"rendered":"<p>Atualize sua conectividade USB com facilidade usando o cabo de montagem embutida em painel USB 2.0 macho quadrado para USB 2.0 f\u00eamea duplo.<\/p>\n<p>Apresentando um conector USB 2.0 A macho em uma extremidade e dois conectores USB 2.0 A f\u00eamea na outra, este cabo oferece conectividade dupla conveniente em um design elegante.<\/p>\n<p>Com condutores de cobre nu e tran\u00e7a de folha de alum\u00ednio, experimente transfer\u00eancias de dados confi\u00e1veis e sem interfer\u00eancias.<\/p>\n<p>O suporte para dispositivos USB 2.0 de alta velocidade garante taxas de transfer\u00eancia r\u00e1pidas de at\u00e9 480 Mbps para compartilhamento eficiente de arquivos.<\/p>\n<p>A caixa moldada por inje\u00e7\u00e3o do cabo e a capa de PVC permitem uma configura\u00e7\u00e3o sem esfor\u00e7o em seu carro ou local de trabalho.<\/p>\n<p><!-- notionvc: b095f5fd-12ca-4e3c-aa4a-6b7b9d201367 --><\/p>\n<p><!-- notionvc: d1bf7134-081f-4dda-91f6-fa2bc73c01d9 --><\/p>\n<p><!-- notionvc: 7691773d-0462-4a7f-b41c-a58ee20dbfad --><\/p>\n<p><!-- notionvc: e16f256b-1002-40c7-afcf-7c7c760a7e79 --><\/p>\n<p><span style=\"font-size: 16px;\">As suas especifica\u00e7\u00f5es:<\/span><\/p>\n<ul>\n<li>Conector 1: USB 2.0 A macho<\/li>\n<li>Conector 2: USB 2.0 A f\u00eamea x2<\/li>\n<li>Contacto banhado a ouro, concha banhada a n\u00edquel<\/li>\n<li>Condutor do cabo: Cobre nu<\/li>\n<li>Bitola do fio: 28\/24AWG<\/li>\n<li>Di\u00e2metro exterior: 4,5 mm<\/li>\n<li>Blindagem: Folha de alum\u00ednio, tran\u00e7a<\/li>\n<li>Carca\u00e7a: Molde de inje\u00e7\u00e3o<\/li>\n<li>Revestimento: PVC<\/li>\n<li>Suporta dispositivos USB 2.0 de alta velocidade e a taxa de transfer\u00eancia atinge os 480 Mbps<\/li>\n<li>Conformidade com vers\u00f5es anteriores de USB 1.1 de velocidade total (12 Mbps) e USB 1.0 de baixa velocidade (1,5 Mbps)<\/li>\n<li>Conformidade: RoHS, REACH<\/li>\n<\/ul>","protected":false},"excerpt":{"rendered":"<p>Cabo quadrado de montagem embutida de painel USB 2.0 macho para USB 2.0 f\u00eamea duplo para carros, cami\u00f5es, motociclos, barcos, iates<\/p>","protected":false},"featured_media":25006,"template":"","meta":{"_acf_changed":false,"_seopress_robots_primary_cat":"","_seopress_titles_title":"USB 2.0 to Dual USB 2.0 Female Panel Flush Mount Cable","_seopress_titles_desc":"","_seopress_robots_index":"","site-sidebar-layout":"default","site-content-layout":"default","ast-site-content-layout":"default","site-content-style":"default","site-sidebar-style":"default","ast-global-header-display":"","ast-banner-title-visibility":"","ast-main-header-display":"","ast-hfb-above-header-display":"","ast-hfb-below-header-display":"","ast-hfb-mobile-header-display":"","site-post-title":"","ast-breadcrumbs-content":"","ast-featured-img":"","footer-sml-layout":"","ast-disable-related-posts":"","theme-transparent-header-meta":"default","adv-header-id-meta":"","stick-header-meta":"","header-above-stick-meta":"","header-main-stick-meta":"","header-below-stick-meta":"","astra-migrate-meta-layouts":"set","ast-page-background-enabled":"default","ast-page-background-meta":{"desktop":{"background-color":"","background-image":"","background-repeat":"repeat","background-position":"center center","background-size":"auto","background-attachment":"scroll","background-type":"","background-media":"","overlay-type":"","overlay-color":"","overlay-opacity":"","overlay-gradient":""},"tablet":{"background-color":"","background-image":"","background-repeat":"repeat","background-position":"center center","background-size":"auto","background-attachment":"scroll","background-type":"","background-media":"","overlay-type":"","overlay-color":"","overlay-opacity":"","overlay-gradient":""},"mobile":{"background-color":"","background-image":"","background-repeat":"repeat","background-position":"center center","background-size":"auto","background-attachment":"scroll","background-type":"","background-media":"","overlay-type":"","overlay-color":"","overlay-opacity":"","overlay-gradient":""}},"ast-content-background-meta":{"desktop":{"background-color":"var(--ast-global-color-5)","background-image":"","background-repeat":"repeat","background-position":"center center","background-size":"auto","background-attachment":"scroll","background-type":"","background-media":"","overlay-type":"","overlay-color":"","overlay-opacity":"","overlay-gradient":""},"tablet":{"background-color":"var(--ast-global-color-5)","background-image":"","background-repeat":"repeat","background-position":"center center","background-size":"auto","background-attachment":"scroll","background-type":"","background-media":"","overlay-type":"","overlay-color":"","overlay-opacity":"","overlay-gradient":""},"mobile":{"background-color":"var(--ast-global-color-5)","background-image":"","background-repeat":"repeat","background-position":"center center","background-size":"auto","background-attachment":"scroll","background-type":"","background-media":"","overlay-type":"","overlay-color":"","overlay-opacity":"","overlay-gradient":""}},"iawp_total_views":8},"product_brand":[],"product_cat":[238,681],"product_tag":[],"class_list":{"0":"post-25005","1":"product","2":"type-product","3":"status-publish","4":"has-post-thumbnail","6":"product_cat-panel-mount","7":"product_cat-waterproof-rugged-cables","8":"desktop-align-left","9":"tablet-align-left","10":"mobile-align-left","12":"first","13":"instock","14":"shipping-taxable","15":"purchasable","16":"product-type-simple"},"acf":[],"_links":{"self":[{"href":"https:\/\/www.fjpremium.com\/pt\/wp-json\/wp\/v2\/product\/25005","targetHints":{"allow":["GET"]}}],"collection":[{"href":"https:\/\/www.fjpremium.com\/pt\/wp-json\/wp\/v2\/product"}],"about":[{"href":"https:\/\/www.fjpremium.com\/pt\/wp-json\/wp\/v2\/types\/product"}],"wp:featuredmedia":[{"embeddable":true,"href":"https:\/\/www.fjpremium.com\/pt\/wp-json\/wp\/v2\/media\/25006"}],"wp:attachment":[{"href":"https:\/\/www.fjpremium.com\/pt\/wp-json\/wp\/v2\/media?parent=25005"}],"wp:term":[{"taxonomy":"product_brand","embeddable":true,"href":"https:\/\/www.fjpremium.com\/pt\/wp-json\/wp\/v2\/product_brand?post=25005"},{"taxonomy":"product_cat","embeddable":true,"href":"https:\/\/www.fjpremium.com\/pt\/wp-json\/wp\/v2\/product_cat?post=25005"},{"taxonomy":"product_tag","embeddable":true,"href":"https:\/\/www.fjpremium.com\/pt\/wp-json\/wp\/v2\/product_tag?post=25005"}],"curies":[{"name":"wp","href":"https:\/\/api.w.org\/{rel}","templated":true}]}}