{"id":24973,"date":"2024-01-23T16:20:37","date_gmt":"2024-01-23T08:20:37","guid":{"rendered":"https:\/\/www.fjpremium.com\/?post_type=product&#038;p=24973"},"modified":"2024-04-02T16:20:42","modified_gmt":"2024-04-02T08:20:42","slug":"3-5mm-car-mount-flush-cable","status":"publish","type":"product","link":"https:\/\/www.fjpremium.com\/pt\/product\/3-5mm-car-mount-flush-cable\/","title":{"rendered":"Cabo embutido de 3,5 mm de porta \u00fanica para montagem em autom\u00f3vel F\u00eamea para F\u00eamea"},"content":{"rendered":"<p>Atualize a configura\u00e7\u00e3o de \u00e1udio do seu carro sem esfor\u00e7o com o cabo embutido para montagem em carro FARSINCE de 3,5 mm.<\/p>\n<p>Instala\u00e7\u00e3o simples: encaixe-o no lugar usando um furo existente ou corte um novo \u2013 sem complica\u00e7\u00f5es, sem complica\u00e7\u00f5es.<\/p>\n<p>Conectividade aprimorada: possui conectores banhados a ouro para \u00f3tima qualidade de som e confiabilidade.<\/p>\n<p>Compatibilidade conveniente: permite f\u00e1cil entrada de dispositivos de \u00e1udio externos por meio de seu conector de \u00e1udio de 3,5 mm.<\/p>\n<p>Projetado para expandir a porta est\u00e9reo de 3,5 mm do seu painel, este cabo \u00e9 perfeito para carros, caminh\u00f5es, motocicletas, barcos e muito mais.<\/p>\n<p><!-- notionvc: b095f5fd-12ca-4e3c-aa4a-6b7b9d201367 --><\/p>\n<p><!-- notionvc: d1bf7134-081f-4dda-91f6-fa2bc73c01d9 --><\/p>\n<p><!-- notionvc: 7691773d-0462-4a7f-b41c-a58ee20dbfad --><\/p>\n<p><!-- notionvc: e16f256b-1002-40c7-afcf-7c7c760a7e79 --><\/p>\n<p><span style=\"font-size: 16px;\">As suas especifica\u00e7\u00f5es:<\/span><\/p>\n<ul>\n<li>Conector 1: f\u00eamea est\u00e9reo de 3,5 mm, banhado a ouro<\/li>\n<li>Conector 2: f\u00eamea est\u00e9reo de 3,5 mm, banhado a ouro<\/li>\n<li>Condutor do cabo: Cobre nu<\/li>\n<li>Bitola do fio: 28AWG<\/li>\n<li>Di\u00e2metro exterior: 3,5 mm<\/li>\n<li>Blindagem: Nenhuma<\/li>\n<li>Carca\u00e7a: Molde de inje\u00e7\u00e3o<\/li>\n<li>Revestimento: PVC<\/li>\n<li>A tomada de \u00e1udio de 3,5 mm permite a entrada de um dispositivo de \u00e1udio externo<\/li>\n<li>Conformidade: RoHS, REACH<\/li>\n<\/ul>","protected":false},"excerpt":{"rendered":"<p>Cabo embutido de 3,5 mm de porta \u00fanica para montagem em autom\u00f3vel F\u00eamea para F\u00eamea para carros, cami\u00f5es, motociclos, barcos, iates<\/p>","protected":false},"featured_media":24976,"template":"","meta":{"_acf_changed":false,"_seopress_robots_primary_cat":"","_seopress_titles_title":"Single Port 3.5mm Car Mount Flush Cable Female to Female","_seopress_titles_desc":"","_seopress_robots_index":"","site-sidebar-layout":"default","site-content-layout":"default","ast-site-content-layout":"default","site-content-style":"default","site-sidebar-style":"default","ast-global-header-display":"","ast-banner-title-visibility":"","ast-main-header-display":"","ast-hfb-above-header-display":"","ast-hfb-below-header-display":"","ast-hfb-mobile-header-display":"","site-post-title":"","ast-breadcrumbs-content":"","ast-featured-img":"","footer-sml-layout":"","ast-disable-related-posts":"","theme-transparent-header-meta":"default","adv-header-id-meta":"","stick-header-meta":"","header-above-stick-meta":"","header-main-stick-meta":"","header-below-stick-meta":"","astra-migrate-meta-layouts":"set","ast-page-background-enabled":"default","ast-page-background-meta":{"desktop":{"background-color":"","background-image":"","background-repeat":"repeat","background-position":"center center","background-size":"auto","background-attachment":"scroll","background-type":"","background-media":"","overlay-type":"","overlay-color":"","overlay-opacity":"","overlay-gradient":""},"tablet":{"background-color":"","background-image":"","background-repeat":"repeat","background-position":"center center","background-size":"auto","background-attachment":"scroll","background-type":"","background-media":"","overlay-type":"","overlay-color":"","overlay-opacity":"","overlay-gradient":""},"mobile":{"background-color":"","background-image":"","background-repeat":"repeat","background-position":"center center","background-size":"auto","background-attachment":"scroll","background-type":"","background-media":"","overlay-type":"","overlay-color":"","overlay-opacity":"","overlay-gradient":""}},"ast-content-background-meta":{"desktop":{"background-color":"var(--ast-global-color-5)","background-image":"","background-repeat":"repeat","background-position":"center center","background-size":"auto","background-attachment":"scroll","background-type":"","background-media":"","overlay-type":"","overlay-color":"","overlay-opacity":"","overlay-gradient":""},"tablet":{"background-color":"var(--ast-global-color-5)","background-image":"","background-repeat":"repeat","background-position":"center center","background-size":"auto","background-attachment":"scroll","background-type":"","background-media":"","overlay-type":"","overlay-color":"","overlay-opacity":"","overlay-gradient":""},"mobile":{"background-color":"var(--ast-global-color-5)","background-image":"","background-repeat":"repeat","background-position":"center center","background-size":"auto","background-attachment":"scroll","background-type":"","background-media":"","overlay-type":"","overlay-color":"","overlay-opacity":"","overlay-gradient":""}},"iawp_total_views":3},"product_brand":[],"product_cat":[238,681],"product_tag":[],"class_list":{"0":"post-24973","1":"product","2":"type-product","3":"status-publish","4":"has-post-thumbnail","6":"product_cat-panel-mount","7":"product_cat-waterproof-rugged-cables","8":"desktop-align-left","9":"tablet-align-left","10":"mobile-align-left","12":"first","13":"instock","14":"shipping-taxable","15":"purchasable","16":"product-type-simple"},"acf":[],"_links":{"self":[{"href":"https:\/\/www.fjpremium.com\/pt\/wp-json\/wp\/v2\/product\/24973","targetHints":{"allow":["GET"]}}],"collection":[{"href":"https:\/\/www.fjpremium.com\/pt\/wp-json\/wp\/v2\/product"}],"about":[{"href":"https:\/\/www.fjpremium.com\/pt\/wp-json\/wp\/v2\/types\/product"}],"wp:featuredmedia":[{"embeddable":true,"href":"https:\/\/www.fjpremium.com\/pt\/wp-json\/wp\/v2\/media\/24976"}],"wp:attachment":[{"href":"https:\/\/www.fjpremium.com\/pt\/wp-json\/wp\/v2\/media?parent=24973"}],"wp:term":[{"taxonomy":"product_brand","embeddable":true,"href":"https:\/\/www.fjpremium.com\/pt\/wp-json\/wp\/v2\/product_brand?post=24973"},{"taxonomy":"product_cat","embeddable":true,"href":"https:\/\/www.fjpremium.com\/pt\/wp-json\/wp\/v2\/product_cat?post=24973"},{"taxonomy":"product_tag","embeddable":true,"href":"https:\/\/www.fjpremium.com\/pt\/wp-json\/wp\/v2\/product_tag?post=24973"}],"curies":[{"name":"wp","href":"https:\/\/api.w.org\/{rel}","templated":true}]}}