{"id":24886,"date":"2024-01-23T14:08:02","date_gmt":"2024-01-23T06:08:02","guid":{"rendered":"https:\/\/www.fjpremium.com\/?post_type=product&#038;p=24886"},"modified":"2024-04-02T14:29:10","modified_gmt":"2024-04-02T06:29:10","slug":"hdmi-dual-usb-3-0-a-car-flush-mount-cable","status":"publish","type":"product","link":"https:\/\/www.fjpremium.com\/pt\/product\/hdmi-dual-usb-3-0-a-car-flush-mount-cable\/","title":{"rendered":"Cabo de montagem embutida para autom\u00f3vel HDMI 2.0 macho para f\u00eamea e duplo USB 3.0 A macho para f\u00eamea"},"content":{"rendered":"<p>Apresentando o cabo de montagem embutida para carro de alta qualidade FARSINCE - sua solu\u00e7\u00e3o definitiva para expandir a conectividade HDMI e USB em seu painel!<\/p>\n<p>Com conectores HDMI 2.0 macho para f\u00eamea e Dual USB 3.0 A macho para f\u00eamea, a instala\u00e7\u00e3o \u00e9 muito f\u00e1cil \u2013 basta fix\u00e1-la com a porca de alum\u00ednio M26 x 1,5 inclu\u00edda.<\/p>\n<p>Nosso cabo possui uma capa \u00e0 prova d&#039;\u00e1gua e \u00e0 prova de poeira para durabilidade em qualquer condi\u00e7\u00e3o. Desfrute de transfer\u00eancia de dados extremamente r\u00e1pida e resolu\u00e7\u00e3o cristalina de 4K a 60 Hz com conectores banhados a ouro.<\/p>\n<p>Atualize o jogo tecnol\u00f3gico do seu carro hoje com o cabo de montagem embutida para carro FARSINCE HDMI 2.0 macho para f\u00eamea e Dual USB 3.0 A macho para f\u00eamea!<\/p>\n<p><!-- notionvc: 7691773d-0462-4a7f-b41c-a58ee20dbfad --><\/p>\n<p><!-- notionvc: e16f256b-1002-40c7-afcf-7c7c760a7e79 --><\/p>\n<p><span style=\"font-size: 16px;\">As suas especifica\u00e7\u00f5es:<\/span><\/p>\n<ul>\n<li>Conector 1: HDMI 2.0 macho, banhado a ouro<\/li>\n<li>Conector 2: HDMI 2.0 f\u00eamea, banhado a ouro<\/li>\n<li>Conector 3: USB 3.0 Tipo A macho x2, contacto banhado a ouro, revestimento banhado a n\u00edquel<\/li>\n<li>Conector 4: USB 3.0 Tipo A f\u00eamea x2, contacto banhado a ouro, concha banhada a n\u00edquel<\/li>\n<li>Condutor do cabo: Cobre nu<\/li>\n<li>Bitola do fio: 32AWG para HDMI OD6.0mm; 28\/28\/24AWG para USB 3.0 Tipo A OD5.5mm<\/li>\n<li>Blindagem: Folha de alum\u00ednio, tran\u00e7a<\/li>\n<li>Carca\u00e7a: Molde de inje\u00e7\u00e3o<\/li>\n<li>Revestimento: PVC<\/li>\n<li>O conetor HDMI suporta uma resolu\u00e7\u00e3o at\u00e9 4K@60Hz, largura de banda at\u00e9 18Gbps<\/li>\n<li>O conetor USB tipo A suporta dispositivos USB 3.0 de alta velocidade e a taxa de transfer\u00eancia atinge os 5 Gbps<\/li>\n<li>Conformidade: RoHS, REACH<\/li>\n<\/ul>","protected":false},"excerpt":{"rendered":"<p>Cabo de montagem embutida para autom\u00f3vel HDMI 2.0 macho para f\u00eamea e duplo USB 3.0 A macho para f\u00eamea para autom\u00f3veis, cami\u00f5es, motociclos, barcos, iates<\/p>","protected":false},"featured_media":24889,"template":"","meta":{"_acf_changed":false,"_seopress_robots_primary_cat":"","_seopress_titles_title":"HDMI 2.0 Dual USB 3.0 A Male to Female Car Flush Mount Cable","_seopress_titles_desc":"","_seopress_robots_index":"","site-sidebar-layout":"default","site-content-layout":"default","ast-site-content-layout":"default","site-content-style":"default","site-sidebar-style":"default","ast-global-header-display":"","ast-banner-title-visibility":"","ast-main-header-display":"","ast-hfb-above-header-display":"","ast-hfb-below-header-display":"","ast-hfb-mobile-header-display":"","site-post-title":"","ast-breadcrumbs-content":"","ast-featured-img":"","footer-sml-layout":"","ast-disable-related-posts":"","theme-transparent-header-meta":"default","adv-header-id-meta":"","stick-header-meta":"","header-above-stick-meta":"","header-main-stick-meta":"","header-below-stick-meta":"","astra-migrate-meta-layouts":"set","ast-page-background-enabled":"default","ast-page-background-meta":{"desktop":{"background-color":"","background-image":"","background-repeat":"repeat","background-position":"center center","background-size":"auto","background-attachment":"scroll","background-type":"","background-media":"","overlay-type":"","overlay-color":"","overlay-opacity":"","overlay-gradient":""},"tablet":{"background-color":"","background-image":"","background-repeat":"repeat","background-position":"center center","background-size":"auto","background-attachment":"scroll","background-type":"","background-media":"","overlay-type":"","overlay-color":"","overlay-opacity":"","overlay-gradient":""},"mobile":{"background-color":"","background-image":"","background-repeat":"repeat","background-position":"center center","background-size":"auto","background-attachment":"scroll","background-type":"","background-media":"","overlay-type":"","overlay-color":"","overlay-opacity":"","overlay-gradient":""}},"ast-content-background-meta":{"desktop":{"background-color":"var(--ast-global-color-5)","background-image":"","background-repeat":"repeat","background-position":"center center","background-size":"auto","background-attachment":"scroll","background-type":"","background-media":"","overlay-type":"","overlay-color":"","overlay-opacity":"","overlay-gradient":""},"tablet":{"background-color":"var(--ast-global-color-5)","background-image":"","background-repeat":"repeat","background-position":"center center","background-size":"auto","background-attachment":"scroll","background-type":"","background-media":"","overlay-type":"","overlay-color":"","overlay-opacity":"","overlay-gradient":""},"mobile":{"background-color":"var(--ast-global-color-5)","background-image":"","background-repeat":"repeat","background-position":"center center","background-size":"auto","background-attachment":"scroll","background-type":"","background-media":"","overlay-type":"","overlay-color":"","overlay-opacity":"","overlay-gradient":""}},"iawp_total_views":17},"product_brand":[],"product_cat":[238,681],"product_tag":[],"class_list":{"0":"post-24886","1":"product","2":"type-product","3":"status-publish","4":"has-post-thumbnail","6":"product_cat-panel-mount","7":"product_cat-waterproof-rugged-cables","8":"desktop-align-left","9":"tablet-align-left","10":"mobile-align-left","12":"first","13":"instock","14":"shipping-taxable","15":"purchasable","16":"product-type-simple"},"acf":[],"_links":{"self":[{"href":"https:\/\/www.fjpremium.com\/pt\/wp-json\/wp\/v2\/product\/24886","targetHints":{"allow":["GET"]}}],"collection":[{"href":"https:\/\/www.fjpremium.com\/pt\/wp-json\/wp\/v2\/product"}],"about":[{"href":"https:\/\/www.fjpremium.com\/pt\/wp-json\/wp\/v2\/types\/product"}],"wp:featuredmedia":[{"embeddable":true,"href":"https:\/\/www.fjpremium.com\/pt\/wp-json\/wp\/v2\/media\/24889"}],"wp:attachment":[{"href":"https:\/\/www.fjpremium.com\/pt\/wp-json\/wp\/v2\/media?parent=24886"}],"wp:term":[{"taxonomy":"product_brand","embeddable":true,"href":"https:\/\/www.fjpremium.com\/pt\/wp-json\/wp\/v2\/product_brand?post=24886"},{"taxonomy":"product_cat","embeddable":true,"href":"https:\/\/www.fjpremium.com\/pt\/wp-json\/wp\/v2\/product_cat?post=24886"},{"taxonomy":"product_tag","embeddable":true,"href":"https:\/\/www.fjpremium.com\/pt\/wp-json\/wp\/v2\/product_tag?post=24886"}],"curies":[{"name":"wp","href":"https:\/\/api.w.org\/{rel}","templated":true}]}}