{"id":24872,"date":"2024-01-23T13:48:15","date_gmt":"2024-01-23T05:48:15","guid":{"rendered":"https:\/\/www.fjpremium.com\/?post_type=product&#038;p=24872"},"modified":"2024-04-02T14:20:41","modified_gmt":"2024-04-02T06:20:41","slug":"hdmi-2-0-and-3-5-mm-panel-mount-m-f-cable","status":"publish","type":"product","link":"https:\/\/www.fjpremium.com\/pt\/product\/hdmi-2-0-and-3-5-mm-panel-mount-m-f-cable\/","title":{"rendered":"Cabo \u00e0 prova de \u00e1gua para autom\u00f3vel HDMI 2.0 e 3,5 mm com montagem em painel macho para f\u00eamea"},"content":{"rendered":"<p>Veja por que o cabo \u00e0 prova d&#039;\u00e1gua para carro FARSINCE Flush HDMI 2.0 e 3,5 mm macho para f\u00eamea se destaca no mundo do entretenimento automotivo:<\/p>\n<p>\u00c9 a sua solu\u00e7\u00e3o completa para expandir portas HDMI e est\u00e9reo de 3,5 mm diretamente no painel do seu carro, atendendo a v\u00e1rios tipos de ve\u00edculos.<\/p>\n<p>Com suporte para resolu\u00e7\u00f5es de at\u00e9 4K a 60 Hz e largura de banda de at\u00e9 18 Gbps, espere qualidade visual e de reprodu\u00e7\u00e3o de \u00e1udio excepcionais.<\/p>\n<p>Atendendo aos padr\u00f5es RoHS e REACH, este cabo prioriza a seguran\u00e7a e a responsabilidade ambiental.<\/p>\n<p><!-- notionvc: 7691773d-0462-4a7f-b41c-a58ee20dbfad --><\/p>\n<p><!-- notionvc: e16f256b-1002-40c7-afcf-7c7c760a7e79 --><\/p>\n<p><span style=\"font-size: 16px;\">As suas especifica\u00e7\u00f5es:<\/span><\/p>\n<ul>\n<li>Conector 1: HDMI 2.0 macho, 3,5 mm macho est\u00e9reo<\/li>\n<li>Conector 2: HDMI 2.0 f\u00eamea, 3,5 mm est\u00e9reo f\u00eamea<\/li>\n<li>Contacto banhado a ouro, concha banhada a ouro<\/li>\n<li>Condutor do cabo: Cobre nu<\/li>\n<li>Bitola do fio: 32AWG para HDMI, OD6.0mm; 28AWG para 3.5mm est\u00e9reo, OD3.5mm<\/li>\n<li>Blindagem: Folha de alum\u00ednio, tran\u00e7a<\/li>\n<li>Carca\u00e7a: Molde de inje\u00e7\u00e3o<\/li>\n<li>Revestimento: PVC<\/li>\n<li>O conetor HDMI suporta uma resolu\u00e7\u00e3o at\u00e9 4K@60Hz, largura de banda at\u00e9 18Gbps<\/li>\n<li>A tomada de \u00e1udio de 3,5 mm permite a entrada de um dispositivo de \u00e1udio externo<\/li>\n<li>Conformidade: RoHS, REACH<\/li>\n<\/ul>","protected":false},"excerpt":{"rendered":"<p>Cabo HDMI 2.0 e 3,5 mm para montagem em painel, macho para f\u00eamea, \u00e0 prova de \u00e1gua, para autom\u00f3veis, cami\u00f5es, motociclos, barcos e iates<\/p>","protected":false},"featured_media":24879,"template":"","meta":{"_acf_changed":false,"_seopress_robots_primary_cat":"","_seopress_titles_title":"HDMI 2.0 and 3.5 mm Panel Mount Male to Female Cable","_seopress_titles_desc":"","_seopress_robots_index":"","site-sidebar-layout":"default","site-content-layout":"default","ast-site-content-layout":"default","site-content-style":"default","site-sidebar-style":"default","ast-global-header-display":"","ast-banner-title-visibility":"","ast-main-header-display":"","ast-hfb-above-header-display":"","ast-hfb-below-header-display":"","ast-hfb-mobile-header-display":"","site-post-title":"","ast-breadcrumbs-content":"","ast-featured-img":"","footer-sml-layout":"","ast-disable-related-posts":"","theme-transparent-header-meta":"default","adv-header-id-meta":"","stick-header-meta":"","header-above-stick-meta":"","header-main-stick-meta":"","header-below-stick-meta":"","astra-migrate-meta-layouts":"set","ast-page-background-enabled":"default","ast-page-background-meta":{"desktop":{"background-color":"","background-image":"","background-repeat":"repeat","background-position":"center center","background-size":"auto","background-attachment":"scroll","background-type":"","background-media":"","overlay-type":"","overlay-color":"","overlay-opacity":"","overlay-gradient":""},"tablet":{"background-color":"","background-image":"","background-repeat":"repeat","background-position":"center center","background-size":"auto","background-attachment":"scroll","background-type":"","background-media":"","overlay-type":"","overlay-color":"","overlay-opacity":"","overlay-gradient":""},"mobile":{"background-color":"","background-image":"","background-repeat":"repeat","background-position":"center center","background-size":"auto","background-attachment":"scroll","background-type":"","background-media":"","overlay-type":"","overlay-color":"","overlay-opacity":"","overlay-gradient":""}},"ast-content-background-meta":{"desktop":{"background-color":"var(--ast-global-color-5)","background-image":"","background-repeat":"repeat","background-position":"center center","background-size":"auto","background-attachment":"scroll","background-type":"","background-media":"","overlay-type":"","overlay-color":"","overlay-opacity":"","overlay-gradient":""},"tablet":{"background-color":"var(--ast-global-color-5)","background-image":"","background-repeat":"repeat","background-position":"center center","background-size":"auto","background-attachment":"scroll","background-type":"","background-media":"","overlay-type":"","overlay-color":"","overlay-opacity":"","overlay-gradient":""},"mobile":{"background-color":"var(--ast-global-color-5)","background-image":"","background-repeat":"repeat","background-position":"center center","background-size":"auto","background-attachment":"scroll","background-type":"","background-media":"","overlay-type":"","overlay-color":"","overlay-opacity":"","overlay-gradient":""}},"iawp_total_views":1},"product_brand":[],"product_cat":[238,681],"product_tag":[],"class_list":{"0":"post-24872","1":"product","2":"type-product","3":"status-publish","4":"has-post-thumbnail","6":"product_cat-panel-mount","7":"product_cat-waterproof-rugged-cables","8":"desktop-align-left","9":"tablet-align-left","10":"mobile-align-left","12":"first","13":"instock","14":"shipping-taxable","15":"purchasable","16":"product-type-simple"},"acf":[],"_links":{"self":[{"href":"https:\/\/www.fjpremium.com\/pt\/wp-json\/wp\/v2\/product\/24872","targetHints":{"allow":["GET"]}}],"collection":[{"href":"https:\/\/www.fjpremium.com\/pt\/wp-json\/wp\/v2\/product"}],"about":[{"href":"https:\/\/www.fjpremium.com\/pt\/wp-json\/wp\/v2\/types\/product"}],"wp:featuredmedia":[{"embeddable":true,"href":"https:\/\/www.fjpremium.com\/pt\/wp-json\/wp\/v2\/media\/24879"}],"wp:attachment":[{"href":"https:\/\/www.fjpremium.com\/pt\/wp-json\/wp\/v2\/media?parent=24872"}],"wp:term":[{"taxonomy":"product_brand","embeddable":true,"href":"https:\/\/www.fjpremium.com\/pt\/wp-json\/wp\/v2\/product_brand?post=24872"},{"taxonomy":"product_cat","embeddable":true,"href":"https:\/\/www.fjpremium.com\/pt\/wp-json\/wp\/v2\/product_cat?post=24872"},{"taxonomy":"product_tag","embeddable":true,"href":"https:\/\/www.fjpremium.com\/pt\/wp-json\/wp\/v2\/product_tag?post=24872"}],"curies":[{"name":"wp","href":"https:\/\/api.w.org\/{rel}","templated":true}]}}