{"id":24842,"date":"2024-01-23T13:11:20","date_gmt":"2024-01-23T05:11:20","guid":{"rendered":"https:\/\/www.fjpremium.com\/?post_type=product&#038;p=24842"},"modified":"2024-04-02T14:01:10","modified_gmt":"2024-04-02T06:01:10","slug":"panel-mount-usb-c-dual-usb-3-1-c-cable","status":"publish","type":"product","link":"https:\/\/www.fjpremium.com\/pt\/product\/panel-mount-usb-c-dual-usb-3-1-c-cable\/","title":{"rendered":"Cabo \u00e0 prova de \u00e1gua para autom\u00f3vel com montagem embutida em painel USB-C duplo USB 3.1 C macho para f\u00eamea"},"content":{"rendered":"<p>Vamos falar sobre o cabo \u00e0 prova d&#039;\u00e1gua para carro USB-C duplo USB 3.1 C macho para f\u00eamea de montagem em painel embutido. Este cabo \u00e9 incr\u00edvel e aqui est\u00e1 o porqu\u00ea:<\/p>\n<p>Ele vem com dois conectores USB 3.1 Tipo C macho em uma extremidade e dois conectores USB 3.1 Tipo C f\u00eamea na outra. Essa \u00e9 a versatilidade com a qual voc\u00ea pode contar.<\/p>\n<p>Com condutores de cobre nu, folha de alum\u00ednio e blindagem tran\u00e7ada, ele foi constru\u00eddo para durar. Al\u00e9m disso, \u00e9 resistente o suficiente para lidar com quaisquer condi\u00e7\u00f5es de estrada.<\/p>\n<p>Transfira dados em at\u00e9 10 Gbps e desfrute de v\u00eddeos n\u00edtidos em 4K a 60 Hz diretamente do seu carro. \u00c9 de alta velocidade e alta defini\u00e7\u00e3o, tudo em um s\u00f3 cabo<\/p>\n<p><!-- notionvc: e16f256b-1002-40c7-afcf-7c7c760a7e79 --><\/p>\n<p><span style=\"font-size: 16px;\">As suas especifica\u00e7\u00f5es:<\/span><\/p>\n<ul>\n<li>Conector 1: USB 3.1 Tipo C macho x2<\/li>\n<li>Conector 2: USB 3.1 Tipo C f\u00eamea x2<\/li>\n<li>Contacto banhado a ouro, concha banhada a n\u00edquel<\/li>\n<li>Condutor do cabo: Cobre nu<\/li>\n<li>Bitola do fio: 32\/32\/24AWG<\/li>\n<li>Di\u00e2metro exterior: 4,5 mm<\/li>\n<li>Blindagem: Folha de alum\u00ednio, tran\u00e7a<\/li>\n<li>Carca\u00e7a: Molde de inje\u00e7\u00e3o<\/li>\n<li>Revestimento: PVC<\/li>\n<li>A taxa de transfer\u00eancia suportada pelo USB 3.1 Type-C atinge os 10 Gbps, resolu\u00e7\u00e3o de v\u00eddeo at\u00e9 4K@60Hz<\/li>\n<li>Conformidade: RoHS, REACH<\/li>\n<\/ul>","protected":false},"excerpt":{"rendered":"<p>Cabo \u00e0 prova de \u00e1gua para autom\u00f3vel USB-C duplo USB 3.1 C macho para f\u00eamea para montagem em painel embutido para carros, cami\u00f5es, motociclos, barcos, iates<\/p>","protected":false},"featured_media":24843,"template":"","meta":{"_acf_changed":false,"_seopress_robots_primary_cat":"","_seopress_titles_title":"Panel Mount USB-C Dual USB 3.1 C Male to Female Car Cable","_seopress_titles_desc":"","_seopress_robots_index":"","site-sidebar-layout":"default","site-content-layout":"default","ast-site-content-layout":"default","site-content-style":"default","site-sidebar-style":"default","ast-global-header-display":"","ast-banner-title-visibility":"","ast-main-header-display":"","ast-hfb-above-header-display":"","ast-hfb-below-header-display":"","ast-hfb-mobile-header-display":"","site-post-title":"","ast-breadcrumbs-content":"","ast-featured-img":"","footer-sml-layout":"","ast-disable-related-posts":"","theme-transparent-header-meta":"default","adv-header-id-meta":"","stick-header-meta":"","header-above-stick-meta":"","header-main-stick-meta":"","header-below-stick-meta":"","astra-migrate-meta-layouts":"set","ast-page-background-enabled":"default","ast-page-background-meta":{"desktop":{"background-color":"","background-image":"","background-repeat":"repeat","background-position":"center center","background-size":"auto","background-attachment":"scroll","background-type":"","background-media":"","overlay-type":"","overlay-color":"","overlay-opacity":"","overlay-gradient":""},"tablet":{"background-color":"","background-image":"","background-repeat":"repeat","background-position":"center center","background-size":"auto","background-attachment":"scroll","background-type":"","background-media":"","overlay-type":"","overlay-color":"","overlay-opacity":"","overlay-gradient":""},"mobile":{"background-color":"","background-image":"","background-repeat":"repeat","background-position":"center center","background-size":"auto","background-attachment":"scroll","background-type":"","background-media":"","overlay-type":"","overlay-color":"","overlay-opacity":"","overlay-gradient":""}},"ast-content-background-meta":{"desktop":{"background-color":"var(--ast-global-color-5)","background-image":"","background-repeat":"repeat","background-position":"center center","background-size":"auto","background-attachment":"scroll","background-type":"","background-media":"","overlay-type":"","overlay-color":"","overlay-opacity":"","overlay-gradient":""},"tablet":{"background-color":"var(--ast-global-color-5)","background-image":"","background-repeat":"repeat","background-position":"center center","background-size":"auto","background-attachment":"scroll","background-type":"","background-media":"","overlay-type":"","overlay-color":"","overlay-opacity":"","overlay-gradient":""},"mobile":{"background-color":"var(--ast-global-color-5)","background-image":"","background-repeat":"repeat","background-position":"center center","background-size":"auto","background-attachment":"scroll","background-type":"","background-media":"","overlay-type":"","overlay-color":"","overlay-opacity":"","overlay-gradient":""}},"iawp_total_views":67},"product_brand":[],"product_cat":[238,681],"product_tag":[],"class_list":{"0":"post-24842","1":"product","2":"type-product","3":"status-publish","4":"has-post-thumbnail","6":"product_cat-panel-mount","7":"product_cat-waterproof-rugged-cables","8":"desktop-align-left","9":"tablet-align-left","10":"mobile-align-left","12":"first","13":"instock","14":"shipping-taxable","15":"purchasable","16":"product-type-simple"},"acf":[],"_links":{"self":[{"href":"https:\/\/www.fjpremium.com\/pt\/wp-json\/wp\/v2\/product\/24842","targetHints":{"allow":["GET"]}}],"collection":[{"href":"https:\/\/www.fjpremium.com\/pt\/wp-json\/wp\/v2\/product"}],"about":[{"href":"https:\/\/www.fjpremium.com\/pt\/wp-json\/wp\/v2\/types\/product"}],"wp:featuredmedia":[{"embeddable":true,"href":"https:\/\/www.fjpremium.com\/pt\/wp-json\/wp\/v2\/media\/24843"}],"wp:attachment":[{"href":"https:\/\/www.fjpremium.com\/pt\/wp-json\/wp\/v2\/media?parent=24842"}],"wp:term":[{"taxonomy":"product_brand","embeddable":true,"href":"https:\/\/www.fjpremium.com\/pt\/wp-json\/wp\/v2\/product_brand?post=24842"},{"taxonomy":"product_cat","embeddable":true,"href":"https:\/\/www.fjpremium.com\/pt\/wp-json\/wp\/v2\/product_cat?post=24842"},{"taxonomy":"product_tag","embeddable":true,"href":"https:\/\/www.fjpremium.com\/pt\/wp-json\/wp\/v2\/product_tag?post=24842"}],"curies":[{"name":"wp","href":"https:\/\/api.w.org\/{rel}","templated":true}]}}