{"id":24827,"date":"2024-01-23T11:17:26","date_gmt":"2024-01-23T03:17:26","guid":{"rendered":"https:\/\/www.fjpremium.com\/?post_type=product&#038;p=24827"},"modified":"2024-04-02T10:53:09","modified_gmt":"2024-04-02T02:53:09","slug":"waterproof-usb-panel-mount-usb-a-c-cable","status":"publish","type":"product","link":"https:\/\/www.fjpremium.com\/pt\/product\/waterproof-usb-panel-mount-usb-a-c-cable\/","title":{"rendered":"Suporte para painel USB \u00e0 prova de \u00e1gua Cabo para autom\u00f3vel USB A e USB C macho para f\u00eamea"},"content":{"rendered":"<p>Vamos nos aprofundar no motivo pelo qual o cabo USB \u00e0 prova d&#039;\u00e1gua para montagem em painel USB A e USB C macho para f\u00eamea \u00e9 essencial para o seu passeio.<\/p>\n<p>Com conectores USB 3.0 Tipo A e USB 3.0\/3.1 Tipo C em ambas as extremidades, este cabo \u00e9 o seu passe de acesso total para conectar seus gadgets.<\/p>\n<p>\u00c0 prova d&#039;\u00e1gua e de constru\u00e7\u00e3o resistente, voc\u00ea pode respingar, derramar e resistir a qualquer tempestade sem se preocupar com eletr\u00f4nicos fritos.<\/p>\n<p>Transfira dados em velocidades rel\u00e2mpago de at\u00e9 5 Gbps com suporte para USB 3.0 e at\u00e9 10 Gbps com dispositivos USB 3.1 Type-C. Al\u00e9m disso, desfrute de uma resolu\u00e7\u00e3o de v\u00eddeo n\u00edtida de 4K a 60 Hz diretamente do seu carro.<\/p>\n<p><!-- notionvc: e16f256b-1002-40c7-afcf-7c7c760a7e79 --><\/p>\n<p><span style=\"font-size: 16px;\">As suas especifica\u00e7\u00f5es:<\/span><\/p>\n<ul>\n<li>Conector 1: USB 3.0 Tipo A macho, USB 3.0\/3.1 Tipo C macho<\/li>\n<li>Conector 2: USB 3.0 Tipo A f\u00eamea, USB 3.0\/3.1 Tipo C f\u00eamea<\/li>\n<li>Contacto banhado a ouro, concha banhada a n\u00edquel<\/li>\n<li>Condutor do cabo: Cobre nu<\/li>\n<li>Bitola do fio: 28\/28\/24AWG para USB 3.0 Tipo A OD5,5 mm; 30\/30\/24AWG para USB 3.0 Tipo C OD4,5 mm; 32\/32\/24AWG para USB 3.1 Tipo C OD4,5 mm<\/li>\n<li>Blindagem: Folha de alum\u00ednio, tran\u00e7a<\/li>\n<li>Carca\u00e7a: Molde de inje\u00e7\u00e3o<\/li>\n<li>Revestimento: PVC<\/li>\n<li>A taxa de transfer\u00eancia suportada pelo USB 3.1 Type-C atinge os 10 Gbps, resolu\u00e7\u00e3o de v\u00eddeo at\u00e9 4K@60Hz<\/li>\n<li>Suporta dispositivos USB 3.0 de alta velocidade e a taxa de transfer\u00eancia atinge os 5 Gbps<\/li>\n<li>Conformidade: RoHS, REACH<\/li>\n<\/ul>","protected":false},"excerpt":{"rendered":"<p>Suporte para painel USB \u00e0 prova de \u00e1gua Cabo de carro USB A e USB C macho para f\u00eamea para carros, cami\u00f5es, motociclos, barcos, iates<\/p>","protected":false},"featured_media":24834,"template":"","meta":{"_acf_changed":false,"_seopress_robots_primary_cat":"","_seopress_titles_title":"Waterproof USB Panel Mount USB A and USB C M-F Car Cable","_seopress_titles_desc":"","_seopress_robots_index":"","site-sidebar-layout":"default","site-content-layout":"default","ast-site-content-layout":"default","site-content-style":"default","site-sidebar-style":"default","ast-global-header-display":"","ast-banner-title-visibility":"","ast-main-header-display":"","ast-hfb-above-header-display":"","ast-hfb-below-header-display":"","ast-hfb-mobile-header-display":"","site-post-title":"","ast-breadcrumbs-content":"","ast-featured-img":"","footer-sml-layout":"","ast-disable-related-posts":"","theme-transparent-header-meta":"default","adv-header-id-meta":"","stick-header-meta":"","header-above-stick-meta":"","header-main-stick-meta":"","header-below-stick-meta":"","astra-migrate-meta-layouts":"set","ast-page-background-enabled":"default","ast-page-background-meta":{"desktop":{"background-color":"","background-image":"","background-repeat":"repeat","background-position":"center center","background-size":"auto","background-attachment":"scroll","background-type":"","background-media":"","overlay-type":"","overlay-color":"","overlay-opacity":"","overlay-gradient":""},"tablet":{"background-color":"","background-image":"","background-repeat":"repeat","background-position":"center center","background-size":"auto","background-attachment":"scroll","background-type":"","background-media":"","overlay-type":"","overlay-color":"","overlay-opacity":"","overlay-gradient":""},"mobile":{"background-color":"","background-image":"","background-repeat":"repeat","background-position":"center center","background-size":"auto","background-attachment":"scroll","background-type":"","background-media":"","overlay-type":"","overlay-color":"","overlay-opacity":"","overlay-gradient":""}},"ast-content-background-meta":{"desktop":{"background-color":"var(--ast-global-color-5)","background-image":"","background-repeat":"repeat","background-position":"center center","background-size":"auto","background-attachment":"scroll","background-type":"","background-media":"","overlay-type":"","overlay-color":"","overlay-opacity":"","overlay-gradient":""},"tablet":{"background-color":"var(--ast-global-color-5)","background-image":"","background-repeat":"repeat","background-position":"center center","background-size":"auto","background-attachment":"scroll","background-type":"","background-media":"","overlay-type":"","overlay-color":"","overlay-opacity":"","overlay-gradient":""},"mobile":{"background-color":"var(--ast-global-color-5)","background-image":"","background-repeat":"repeat","background-position":"center center","background-size":"auto","background-attachment":"scroll","background-type":"","background-media":"","overlay-type":"","overlay-color":"","overlay-opacity":"","overlay-gradient":""}},"iawp_total_views":3},"product_brand":[],"product_cat":[238,681],"product_tag":[],"class_list":{"0":"post-24827","1":"product","2":"type-product","3":"status-publish","4":"has-post-thumbnail","6":"product_cat-panel-mount","7":"product_cat-waterproof-rugged-cables","8":"desktop-align-left","9":"tablet-align-left","10":"mobile-align-left","12":"first","13":"instock","14":"shipping-taxable","15":"purchasable","16":"product-type-simple"},"acf":[],"_links":{"self":[{"href":"https:\/\/www.fjpremium.com\/pt\/wp-json\/wp\/v2\/product\/24827","targetHints":{"allow":["GET"]}}],"collection":[{"href":"https:\/\/www.fjpremium.com\/pt\/wp-json\/wp\/v2\/product"}],"about":[{"href":"https:\/\/www.fjpremium.com\/pt\/wp-json\/wp\/v2\/types\/product"}],"wp:featuredmedia":[{"embeddable":true,"href":"https:\/\/www.fjpremium.com\/pt\/wp-json\/wp\/v2\/media\/24834"}],"wp:attachment":[{"href":"https:\/\/www.fjpremium.com\/pt\/wp-json\/wp\/v2\/media?parent=24827"}],"wp:term":[{"taxonomy":"product_brand","embeddable":true,"href":"https:\/\/www.fjpremium.com\/pt\/wp-json\/wp\/v2\/product_brand?post=24827"},{"taxonomy":"product_cat","embeddable":true,"href":"https:\/\/www.fjpremium.com\/pt\/wp-json\/wp\/v2\/product_cat?post=24827"},{"taxonomy":"product_tag","embeddable":true,"href":"https:\/\/www.fjpremium.com\/pt\/wp-json\/wp\/v2\/product_tag?post=24827"}],"curies":[{"name":"wp","href":"https:\/\/api.w.org\/{rel}","templated":true}]}}