{"id":24804,"date":"2024-01-23T09:23:04","date_gmt":"2024-01-23T01:23:04","guid":{"rendered":"https:\/\/www.fjpremium.com\/?post_type=product&#038;p=24804"},"modified":"2024-04-02T09:47:23","modified_gmt":"2024-04-02T01:47:23","slug":"usb-panel-mount-car-3-0-a-m-f-cable","status":"publish","type":"product","link":"https:\/\/www.fjpremium.com\/pt\/product\/usb-panel-mount-car-3-0-a-m-f-cable\/","title":{"rendered":"Cabo \u00e0 prova de \u00e1gua para montagem em painel USB embutido de duas portas para autom\u00f3vel USB 3.0 A macho para f\u00eamea"},"content":{"rendered":"<p>Quer amplificar o jogo USB do seu ve\u00edculo? O cabo USB 3.0 A para carro com montagem em painel USB embutido de portas duplas FARSINCE tem o que voc\u00ea precisa. Veja por que \u00e9 um vencedor:<\/p>\n<p>Instala\u00e7\u00e3o? Mole-mole. Basta usar a porca de alum\u00ednio fornecida para fix\u00e1-la em um orif\u00edcio existente ou criar uma nova em seu painel. Boom, duas portas USB 3.0 Tipo A prontas para rolar onde quer que suas rodas o levem.<\/p>\n<p>Com sua capa \u00e0 prova d&#039;\u00e1gua e \u00e0 prova de poeira, seus conectores ficam protegidos contra chuva e detritos, independentemente do seu passeio.<\/p>\n<p>USB 3.0 A macho em uma extremidade, USB 3.0 A f\u00eamea na outra. Condutor de cobre nu, folha de alum\u00ednio e blindagem tran\u00e7ada e taxa de transfer\u00eancia de at\u00e9 5 Gbps. \u00c9 r\u00e1pido, confi\u00e1vel e est\u00e1 em conformidade com os padr\u00f5es RoHS e REACH.<\/p>\n<p><span style=\"font-size: 16px;\">As suas especifica\u00e7\u00f5es:<\/span><\/p>\n<ul>\n<li>Conector 1: USB 3.0 A macho x2<\/li>\n<li>Conector 2: USB 3.0 A f\u00eamea x2<\/li>\n<li>Contacto banhado a ouro, concha banhada a n\u00edquel<\/li>\n<li>Condutor do cabo: Cobre nu<\/li>\n<li>Bitola do fio: 28\/28\/24AWG<\/li>\n<li>Di\u00e2metro exterior: 5,5 mm<\/li>\n<li>Blindagem: Folha de alum\u00ednio, tran\u00e7a<\/li>\n<li>Carca\u00e7a: Molde de inje\u00e7\u00e3o<\/li>\n<li>Revestimento: PVC<\/li>\n<li>Suporta dispositivos USB 3.0 de alta velocidade e a taxa de transfer\u00eancia atinge os 5 Gbps<\/li>\n<li>Conformidade: RoHS, REACH<\/li>\n<\/ul>","protected":false},"excerpt":{"rendered":"<p>Cabo \u00e0 prova de \u00e1gua USB 3.0 A macho para f\u00eamea para carros, cami\u00f5es, motociclos, barcos, iates<\/p>","protected":false},"featured_media":24807,"template":"","meta":{"_acf_changed":false,"_seopress_robots_primary_cat":"","_seopress_titles_title":"USB Panel Mount Car USB 3.0 A Male to Female Cable","_seopress_titles_desc":"","_seopress_robots_index":"","site-sidebar-layout":"default","site-content-layout":"default","ast-site-content-layout":"default","site-content-style":"default","site-sidebar-style":"default","ast-global-header-display":"","ast-banner-title-visibility":"","ast-main-header-display":"","ast-hfb-above-header-display":"","ast-hfb-below-header-display":"","ast-hfb-mobile-header-display":"","site-post-title":"","ast-breadcrumbs-content":"","ast-featured-img":"","footer-sml-layout":"","ast-disable-related-posts":"","theme-transparent-header-meta":"default","adv-header-id-meta":"","stick-header-meta":"","header-above-stick-meta":"","header-main-stick-meta":"","header-below-stick-meta":"","astra-migrate-meta-layouts":"set","ast-page-background-enabled":"default","ast-page-background-meta":{"desktop":{"background-color":"","background-image":"","background-repeat":"repeat","background-position":"center center","background-size":"auto","background-attachment":"scroll","background-type":"","background-media":"","overlay-type":"","overlay-color":"","overlay-opacity":"","overlay-gradient":""},"tablet":{"background-color":"","background-image":"","background-repeat":"repeat","background-position":"center center","background-size":"auto","background-attachment":"scroll","background-type":"","background-media":"","overlay-type":"","overlay-color":"","overlay-opacity":"","overlay-gradient":""},"mobile":{"background-color":"","background-image":"","background-repeat":"repeat","background-position":"center center","background-size":"auto","background-attachment":"scroll","background-type":"","background-media":"","overlay-type":"","overlay-color":"","overlay-opacity":"","overlay-gradient":""}},"ast-content-background-meta":{"desktop":{"background-color":"var(--ast-global-color-5)","background-image":"","background-repeat":"repeat","background-position":"center center","background-size":"auto","background-attachment":"scroll","background-type":"","background-media":"","overlay-type":"","overlay-color":"","overlay-opacity":"","overlay-gradient":""},"tablet":{"background-color":"var(--ast-global-color-5)","background-image":"","background-repeat":"repeat","background-position":"center center","background-size":"auto","background-attachment":"scroll","background-type":"","background-media":"","overlay-type":"","overlay-color":"","overlay-opacity":"","overlay-gradient":""},"mobile":{"background-color":"var(--ast-global-color-5)","background-image":"","background-repeat":"repeat","background-position":"center center","background-size":"auto","background-attachment":"scroll","background-type":"","background-media":"","overlay-type":"","overlay-color":"","overlay-opacity":"","overlay-gradient":""}},"iawp_total_views":4},"product_brand":[],"product_cat":[238,681],"product_tag":[],"class_list":{"0":"post-24804","1":"product","2":"type-product","3":"status-publish","4":"has-post-thumbnail","6":"product_cat-panel-mount","7":"product_cat-waterproof-rugged-cables","8":"desktop-align-left","9":"tablet-align-left","10":"mobile-align-left","12":"first","13":"instock","14":"shipping-taxable","15":"purchasable","16":"product-type-simple"},"acf":[],"_links":{"self":[{"href":"https:\/\/www.fjpremium.com\/pt\/wp-json\/wp\/v2\/product\/24804","targetHints":{"allow":["GET"]}}],"collection":[{"href":"https:\/\/www.fjpremium.com\/pt\/wp-json\/wp\/v2\/product"}],"about":[{"href":"https:\/\/www.fjpremium.com\/pt\/wp-json\/wp\/v2\/types\/product"}],"wp:featuredmedia":[{"embeddable":true,"href":"https:\/\/www.fjpremium.com\/pt\/wp-json\/wp\/v2\/media\/24807"}],"wp:attachment":[{"href":"https:\/\/www.fjpremium.com\/pt\/wp-json\/wp\/v2\/media?parent=24804"}],"wp:term":[{"taxonomy":"product_brand","embeddable":true,"href":"https:\/\/www.fjpremium.com\/pt\/wp-json\/wp\/v2\/product_brand?post=24804"},{"taxonomy":"product_cat","embeddable":true,"href":"https:\/\/www.fjpremium.com\/pt\/wp-json\/wp\/v2\/product_cat?post=24804"},{"taxonomy":"product_tag","embeddable":true,"href":"https:\/\/www.fjpremium.com\/pt\/wp-json\/wp\/v2\/product_tag?post=24804"}],"curies":[{"name":"wp","href":"https:\/\/api.w.org\/{rel}","templated":true}]}}