{"id":24791,"date":"2024-01-22T17:08:45","date_gmt":"2024-01-22T09:08:45","guid":{"rendered":"https:\/\/www.fjpremium.com\/?post_type=product&#038;p=24791"},"modified":"2024-04-01T17:54:15","modified_gmt":"2024-04-01T09:54:15","slug":"usb-3-0-a-3-5mm-stereo-car-waterproof-cable","status":"publish","type":"product","link":"https:\/\/www.fjpremium.com\/pt\/product\/usb-3-0-a-3-5mm-stereo-car-waterproof-cable\/","title":{"rendered":"Liga de alum\u00ednio USB 3.0 A, Cabo est\u00e9reo de 3,5 mm \u00e0 prova de \u00e1gua para autom\u00f3vel Macho para F\u00eamea Cabo de montagem em painel embutido para autom\u00f3vel com indicador LED"},"content":{"rendered":"<p>Confira este s\u00f3lido cabo \u00e0 prova d&#039;\u00e1gua para carro USB 3.0 A, est\u00e9reo de 3,5 mm.<\/p>\n<p>Feito com condutores de cobre nu e blindagem com folha de alum\u00ednio e tran\u00e7ado, \u00e9 resistente para lidar com qualquer interfer\u00eancia.<\/p>\n<p>A caixa em liga de alum\u00ednio e a capa de PVC adicionam durabilidade extra, enquanto o conector USB Tipo A suporta dispositivos USB 3.0 de supervelocidade para transfer\u00eancia de dados extremamente r\u00e1pida.<\/p>\n<p>Al\u00e9m disso, o conector de \u00e1udio de 3,5 mm permite conectar fones de ouvido ou outros dispositivos externos.<\/p>\n<p>Tamb\u00e9m est\u00e1 em conformidade com os regulamentos RoHS e REACH, por isso \u00e9 ecologicamente correto.<\/p>\n<p><!-- notionvc: e16f256b-1002-40c7-afcf-7c7c760a7e79 --><\/p>\n<p><span style=\"font-size: 16px;\">As suas especifica\u00e7\u00f5es:<\/span><\/p>\n<ul>\n<li>Conector 1: USB 3.0 A macho, contacto banhado a ouro, concha banhada a n\u00edquel<\/li>\n<li>Conector 2: USB 3.0 A f\u00eamea, contacto banhado a ouro, concha banhada a n\u00edquel<\/li>\n<li>Conector 3: macho est\u00e9reo de 3,5 mm, banhado a ouro<\/li>\n<li>Conector 4: f\u00eamea est\u00e9reo de 3,5 mm, banhado a ouro<\/li>\n<li>Condutor do cabo: Cobre nu<\/li>\n<li>Bitola do fio: 28\/28\/24AWG para USB 3.0 Tipo A OD5,5 mm; 28AWG para 3,5 mm est\u00e9reo OD3,5 mm<\/li>\n<li>Blindagem: Folha de alum\u00ednio, tran\u00e7a<\/li>\n<li>Caixa: Liga de alum\u00ednio<\/li>\n<li>Revestimento: PVC<\/li>\n<li>O conetor USB tipo A suporta dispositivos USB 3.0 de alta velocidade e a taxa de transfer\u00eancia atinge os 5 Gbps<\/li>\n<li>A tomada de \u00e1udio de 3,5 mm permite a entrada de um dispositivo de \u00e1udio externo<\/li>\n<li>Conformidade: RoHS, REACH<\/li>\n<\/ul>","protected":false},"excerpt":{"rendered":"<p>Liga de alum\u00ednio USB 3.0 A, est\u00e9reo de 3,5 mm <span class=\"notion-enable-hover\" data-token-index=\"0\">Autom\u00f3vel <\/span><!-- notionvc: 92c021a7-6a07-47fb-af82-4a1c8e398760 -->Cabo \u00e0 prova de \u00e1gua Macho para F\u00eamea Cabo de montagem em painel embutido para autom\u00f3vel com indicador LED para autom\u00f3veis, cami\u00f5es, motociclos, barcos, iates<\/p>","protected":false},"featured_media":24792,"template":"","meta":{"_acf_changed":false,"_seopress_robots_primary_cat":"","_seopress_titles_title":"Aluminium Alloy USB 3.0 A, 3.5mm stereo Car Waterproof Cable","_seopress_titles_desc":"","_seopress_robots_index":"","site-sidebar-layout":"default","site-content-layout":"default","ast-site-content-layout":"default","site-content-style":"default","site-sidebar-style":"default","ast-global-header-display":"","ast-banner-title-visibility":"","ast-main-header-display":"","ast-hfb-above-header-display":"","ast-hfb-below-header-display":"","ast-hfb-mobile-header-display":"","site-post-title":"","ast-breadcrumbs-content":"","ast-featured-img":"","footer-sml-layout":"","ast-disable-related-posts":"","theme-transparent-header-meta":"default","adv-header-id-meta":"","stick-header-meta":"","header-above-stick-meta":"","header-main-stick-meta":"","header-below-stick-meta":"","astra-migrate-meta-layouts":"set","ast-page-background-enabled":"default","ast-page-background-meta":{"desktop":{"background-color":"","background-image":"","background-repeat":"repeat","background-position":"center center","background-size":"auto","background-attachment":"scroll","background-type":"","background-media":"","overlay-type":"","overlay-color":"","overlay-opacity":"","overlay-gradient":""},"tablet":{"background-color":"","background-image":"","background-repeat":"repeat","background-position":"center center","background-size":"auto","background-attachment":"scroll","background-type":"","background-media":"","overlay-type":"","overlay-color":"","overlay-opacity":"","overlay-gradient":""},"mobile":{"background-color":"","background-image":"","background-repeat":"repeat","background-position":"center center","background-size":"auto","background-attachment":"scroll","background-type":"","background-media":"","overlay-type":"","overlay-color":"","overlay-opacity":"","overlay-gradient":""}},"ast-content-background-meta":{"desktop":{"background-color":"var(--ast-global-color-5)","background-image":"","background-repeat":"repeat","background-position":"center center","background-size":"auto","background-attachment":"scroll","background-type":"","background-media":"","overlay-type":"","overlay-color":"","overlay-opacity":"","overlay-gradient":""},"tablet":{"background-color":"var(--ast-global-color-5)","background-image":"","background-repeat":"repeat","background-position":"center center","background-size":"auto","background-attachment":"scroll","background-type":"","background-media":"","overlay-type":"","overlay-color":"","overlay-opacity":"","overlay-gradient":""},"mobile":{"background-color":"var(--ast-global-color-5)","background-image":"","background-repeat":"repeat","background-position":"center center","background-size":"auto","background-attachment":"scroll","background-type":"","background-media":"","overlay-type":"","overlay-color":"","overlay-opacity":"","overlay-gradient":""}},"iawp_total_views":28},"product_brand":[],"product_cat":[238,681],"product_tag":[],"class_list":{"0":"post-24791","1":"product","2":"type-product","3":"status-publish","4":"has-post-thumbnail","6":"product_cat-panel-mount","7":"product_cat-waterproof-rugged-cables","8":"desktop-align-left","9":"tablet-align-left","10":"mobile-align-left","12":"first","13":"instock","14":"shipping-taxable","15":"purchasable","16":"product-type-simple"},"acf":[],"_links":{"self":[{"href":"https:\/\/www.fjpremium.com\/pt\/wp-json\/wp\/v2\/product\/24791","targetHints":{"allow":["GET"]}}],"collection":[{"href":"https:\/\/www.fjpremium.com\/pt\/wp-json\/wp\/v2\/product"}],"about":[{"href":"https:\/\/www.fjpremium.com\/pt\/wp-json\/wp\/v2\/types\/product"}],"wp:featuredmedia":[{"embeddable":true,"href":"https:\/\/www.fjpremium.com\/pt\/wp-json\/wp\/v2\/media\/24792"}],"wp:attachment":[{"href":"https:\/\/www.fjpremium.com\/pt\/wp-json\/wp\/v2\/media?parent=24791"}],"wp:term":[{"taxonomy":"product_brand","embeddable":true,"href":"https:\/\/www.fjpremium.com\/pt\/wp-json\/wp\/v2\/product_brand?post=24791"},{"taxonomy":"product_cat","embeddable":true,"href":"https:\/\/www.fjpremium.com\/pt\/wp-json\/wp\/v2\/product_cat?post=24791"},{"taxonomy":"product_tag","embeddable":true,"href":"https:\/\/www.fjpremium.com\/pt\/wp-json\/wp\/v2\/product_tag?post=24791"}],"curies":[{"name":"wp","href":"https:\/\/api.w.org\/{rel}","templated":true}]}}