{"id":24785,"date":"2024-01-22T16:41:41","date_gmt":"2024-01-22T08:41:41","guid":{"rendered":"https:\/\/www.fjpremium.com\/?post_type=product&#038;p=24785"},"modified":"2024-04-01T17:46:09","modified_gmt":"2024-04-01T09:46:09","slug":"usb-3-0-a-hdmi-2-0-flush-panel-mount-cable","status":"publish","type":"product","link":"https:\/\/www.fjpremium.com\/pt\/product\/usb-3-0-a-hdmi-2-0-flush-panel-mount-cable\/","title":{"rendered":"Liga de alum\u00ednio USB 3.0 A, HDMI 2.0 cabo de montagem em painel de descarga Carro Cabo \u00e0 prova de \u00e1gua macho para f\u00eamea com indicador LED"},"content":{"rendered":"<p>O cabo de montagem em painel embutido USB 3.0 A de liga de alum\u00ednio FARSINCE oferece versatilidade e durabilidade excepcionais para expandir portas USB 3.0 Tipo A e HDMI em pain\u00e9is de ve\u00edculos.<\/p>\n<p>Sua constru\u00e7\u00e3o robusta, incluindo contatos folheados a ouro, conchas folheadas a n\u00edquel e uma tampa \u00e0 prova d&#039;\u00e1gua, garante desempenho confi\u00e1vel em qualquer ambiente.<\/p>\n<p>Suportando dispositivos USB 3.0 de supervelocidade com taxas de transfer\u00eancia de at\u00e9 5 Gbps e resolu\u00e7\u00f5es HDMI de at\u00e9 4K a 60 Hz, este cabo oferece conectividade de alta qualidade para uma ampla gama de aplica\u00e7\u00f5es.<\/p>\n<p><!-- notionvc: e16f256b-1002-40c7-afcf-7c7c760a7e79 --><\/p>\n<p><span style=\"font-size: 16px;\">As suas especifica\u00e7\u00f5es:<\/span><\/p>\n<ul>\n<li>Conector 1: USB 3.0 A macho, contacto banhado a ouro, concha banhada a n\u00edquel<\/li>\n<li>Conector 2: USB 3.0 A f\u00eamea, contacto banhado a ouro, concha banhada a n\u00edquel<\/li>\n<li>Conector 3: HDMI 2.0 macho, banhado a ouro<\/li>\n<li>Conector 4: HDMI 2.0 f\u00eamea, banhado a ouro<\/li>\n<li>Condutor do cabo: Cobre nu<\/li>\n<li>Bitola do fio: 28\/28\/24AWG para USB 3.0 Tipo A OD5.5mm; 32AWG para HDMI 2.0 OD6.0mm<\/li>\n<li>Blindagem: Folha de alum\u00ednio, tran\u00e7a<\/li>\n<li>Caixa: Liga de alum\u00ednio<\/li>\n<li>Revestimento: PVC<\/li>\n<li>O conetor USB tipo A suporta dispositivos USB 3.0 de alta velocidade e a taxa de transfer\u00eancia atinge os 5 Gbps<\/li>\n<li>O conetor HDMI suporta uma resolu\u00e7\u00e3o at\u00e9 4K@60Hz, largura de banda at\u00e9 18Gbps<\/li>\n<li>Conformidade: RoHS, REACH<\/li>\n<\/ul>","protected":false},"excerpt":{"rendered":"<p>Liga de alum\u00ednio USB 3.0 A, HDMI 2.0 cabo de montagem em painel de descarga Carro Macho para F\u00eamea Cabo \u00e0 prova de \u00e1gua com indicador LED adequado para carros, cami\u00f5es, motociclos, barcos, iates<\/p>","protected":false},"featured_media":24788,"template":"","meta":{"_acf_changed":false,"_seopress_robots_primary_cat":"","_seopress_titles_title":"Aluminium Alloy USB 3.0 A, HDMI 2.0 flush Panel Mount Cable","_seopress_titles_desc":"","_seopress_robots_index":"","site-sidebar-layout":"default","site-content-layout":"default","ast-site-content-layout":"default","site-content-style":"default","site-sidebar-style":"default","ast-global-header-display":"","ast-banner-title-visibility":"","ast-main-header-display":"","ast-hfb-above-header-display":"","ast-hfb-below-header-display":"","ast-hfb-mobile-header-display":"","site-post-title":"","ast-breadcrumbs-content":"","ast-featured-img":"","footer-sml-layout":"","ast-disable-related-posts":"","theme-transparent-header-meta":"default","adv-header-id-meta":"","stick-header-meta":"","header-above-stick-meta":"","header-main-stick-meta":"","header-below-stick-meta":"","astra-migrate-meta-layouts":"set","ast-page-background-enabled":"default","ast-page-background-meta":{"desktop":{"background-color":"","background-image":"","background-repeat":"repeat","background-position":"center center","background-size":"auto","background-attachment":"scroll","background-type":"","background-media":"","overlay-type":"","overlay-color":"","overlay-opacity":"","overlay-gradient":""},"tablet":{"background-color":"","background-image":"","background-repeat":"repeat","background-position":"center center","background-size":"auto","background-attachment":"scroll","background-type":"","background-media":"","overlay-type":"","overlay-color":"","overlay-opacity":"","overlay-gradient":""},"mobile":{"background-color":"","background-image":"","background-repeat":"repeat","background-position":"center center","background-size":"auto","background-attachment":"scroll","background-type":"","background-media":"","overlay-type":"","overlay-color":"","overlay-opacity":"","overlay-gradient":""}},"ast-content-background-meta":{"desktop":{"background-color":"var(--ast-global-color-5)","background-image":"","background-repeat":"repeat","background-position":"center center","background-size":"auto","background-attachment":"scroll","background-type":"","background-media":"","overlay-type":"","overlay-color":"","overlay-opacity":"","overlay-gradient":""},"tablet":{"background-color":"var(--ast-global-color-5)","background-image":"","background-repeat":"repeat","background-position":"center center","background-size":"auto","background-attachment":"scroll","background-type":"","background-media":"","overlay-type":"","overlay-color":"","overlay-opacity":"","overlay-gradient":""},"mobile":{"background-color":"var(--ast-global-color-5)","background-image":"","background-repeat":"repeat","background-position":"center center","background-size":"auto","background-attachment":"scroll","background-type":"","background-media":"","overlay-type":"","overlay-color":"","overlay-opacity":"","overlay-gradient":""}},"iawp_total_views":5},"product_brand":[],"product_cat":[238,681],"product_tag":[],"class_list":{"0":"post-24785","1":"product","2":"type-product","3":"status-publish","4":"has-post-thumbnail","6":"product_cat-panel-mount","7":"product_cat-waterproof-rugged-cables","8":"desktop-align-left","9":"tablet-align-left","10":"mobile-align-left","12":"first","13":"instock","14":"shipping-taxable","15":"purchasable","16":"product-type-simple"},"acf":[],"_links":{"self":[{"href":"https:\/\/www.fjpremium.com\/pt\/wp-json\/wp\/v2\/product\/24785","targetHints":{"allow":["GET"]}}],"collection":[{"href":"https:\/\/www.fjpremium.com\/pt\/wp-json\/wp\/v2\/product"}],"about":[{"href":"https:\/\/www.fjpremium.com\/pt\/wp-json\/wp\/v2\/types\/product"}],"wp:featuredmedia":[{"embeddable":true,"href":"https:\/\/www.fjpremium.com\/pt\/wp-json\/wp\/v2\/media\/24788"}],"wp:attachment":[{"href":"https:\/\/www.fjpremium.com\/pt\/wp-json\/wp\/v2\/media?parent=24785"}],"wp:term":[{"taxonomy":"product_brand","embeddable":true,"href":"https:\/\/www.fjpremium.com\/pt\/wp-json\/wp\/v2\/product_brand?post=24785"},{"taxonomy":"product_cat","embeddable":true,"href":"https:\/\/www.fjpremium.com\/pt\/wp-json\/wp\/v2\/product_cat?post=24785"},{"taxonomy":"product_tag","embeddable":true,"href":"https:\/\/www.fjpremium.com\/pt\/wp-json\/wp\/v2\/product_tag?post=24785"}],"curies":[{"name":"wp","href":"https:\/\/api.w.org\/{rel}","templated":true}]}}