{"id":24762,"date":"2024-01-22T11:48:23","date_gmt":"2024-01-22T03:48:23","guid":{"rendered":"https:\/\/www.fjpremium.com\/?post_type=product&#038;p=24762"},"modified":"2024-04-01T15:49:18","modified_gmt":"2024-04-01T07:49:18","slug":"iec-angle-c14-male-to-female-power-socket","status":"publish","type":"product","link":"https:\/\/www.fjpremium.com\/pt\/product\/iec-angle-c14-male-to-female-power-socket\/","title":{"rendered":"Tomada de alimenta\u00e7\u00e3o macho para f\u00eamea de \u00e2ngulo CA C14 com quatro furos para parafusos"},"content":{"rendered":"<p>O soquete de alimenta\u00e7\u00e3o AC Angle C14 macho para f\u00eamea oferece instala\u00e7\u00e3o simplificada e conex\u00f5es de energia confi\u00e1veis com seu design angular e conectores de orif\u00edcio de parafuso seguros.<\/p>\n<p>Constru\u00eddo com moldagem por inje\u00e7\u00e3o de precis\u00e3o, seu inv\u00f3lucro dur\u00e1vel garante longevidade, tornando-o ideal para diversas aplica\u00e7\u00f5es industriais e comerciais.<\/p>\n<p>Classificado para 15A e 250V, proporciona um fornecimento de energia consistente, enquanto a sua conformidade com os regulamentos RoHS e REACH sublinha o seu compromisso com os padr\u00f5es ambientais e de qualidade.<\/p>\n<p>Perfeita para espa\u00e7os apertados e ambientes exigentes, esta tomada el\u00e9trica \u00e9 um recurso valioso para qualquer sistema el\u00e9trico que busca efici\u00eancia e confiabilidade.<\/p>\n<p><!-- notionvc: e16f256b-1002-40c7-afcf-7c7c760a7e79 --><\/p>\n<p><span style=\"font-size: 16px;\">As suas especifica\u00e7\u00f5es:<\/span><\/p>\n<ul>\n<li>Conector 1: \u00c2ngulo AC C14 macho com dois furos para parafusos<\/li>\n<li>Conector 2: AC C14 f\u00eamea com dois furos para parafusos<\/li>\n<li>Passo do furo: 40\u00b10,3mm<\/li>\n<li>Carca\u00e7a: Molde de inje\u00e7\u00e3o<\/li>\n<li>A pot\u00eancia nominal \u00e9 de 15A, 250V<\/li>\n<li>Conformidade: RoHS, REACH<\/li>\n<\/ul>","protected":false},"excerpt":{"rendered":"<p>Macho preto do \u00e2ngulo C14 da CA ao soquete f\u00eamea com quatro furos do parafuso<\/p>","protected":false},"featured_media":24763,"template":"","meta":{"_acf_changed":false,"_seopress_robots_primary_cat":"","_seopress_titles_title":"AC Angle C14 Male to Female Power Socket","_seopress_titles_desc":"","_seopress_robots_index":"","site-sidebar-layout":"default","site-content-layout":"default","ast-site-content-layout":"default","site-content-style":"default","site-sidebar-style":"default","ast-global-header-display":"","ast-banner-title-visibility":"","ast-main-header-display":"","ast-hfb-above-header-display":"","ast-hfb-below-header-display":"","ast-hfb-mobile-header-display":"","site-post-title":"","ast-breadcrumbs-content":"","ast-featured-img":"","footer-sml-layout":"","ast-disable-related-posts":"","theme-transparent-header-meta":"default","adv-header-id-meta":"","stick-header-meta":"","header-above-stick-meta":"","header-main-stick-meta":"","header-below-stick-meta":"","astra-migrate-meta-layouts":"set","ast-page-background-enabled":"default","ast-page-background-meta":{"desktop":{"background-color":"","background-image":"","background-repeat":"repeat","background-position":"center center","background-size":"auto","background-attachment":"scroll","background-type":"","background-media":"","overlay-type":"","overlay-color":"","overlay-opacity":"","overlay-gradient":""},"tablet":{"background-color":"","background-image":"","background-repeat":"repeat","background-position":"center center","background-size":"auto","background-attachment":"scroll","background-type":"","background-media":"","overlay-type":"","overlay-color":"","overlay-opacity":"","overlay-gradient":""},"mobile":{"background-color":"","background-image":"","background-repeat":"repeat","background-position":"center center","background-size":"auto","background-attachment":"scroll","background-type":"","background-media":"","overlay-type":"","overlay-color":"","overlay-opacity":"","overlay-gradient":""}},"ast-content-background-meta":{"desktop":{"background-color":"var(--ast-global-color-5)","background-image":"","background-repeat":"repeat","background-position":"center center","background-size":"auto","background-attachment":"scroll","background-type":"","background-media":"","overlay-type":"","overlay-color":"","overlay-opacity":"","overlay-gradient":""},"tablet":{"background-color":"var(--ast-global-color-5)","background-image":"","background-repeat":"repeat","background-position":"center center","background-size":"auto","background-attachment":"scroll","background-type":"","background-media":"","overlay-type":"","overlay-color":"","overlay-opacity":"","overlay-gradient":""},"mobile":{"background-color":"var(--ast-global-color-5)","background-image":"","background-repeat":"repeat","background-position":"center center","background-size":"auto","background-attachment":"scroll","background-type":"","background-media":"","overlay-type":"","overlay-color":"","overlay-opacity":"","overlay-gradient":""}},"iawp_total_views":8},"product_brand":[],"product_cat":[238,679],"product_tag":[],"class_list":{"0":"post-24762","1":"product","2":"type-product","3":"status-publish","4":"has-post-thumbnail","6":"product_cat-panel-mount","7":"product_cat-panel-mount-couplers","8":"desktop-align-left","9":"tablet-align-left","10":"mobile-align-left","12":"first","13":"instock","14":"shipping-taxable","15":"purchasable","16":"product-type-simple"},"acf":[],"_links":{"self":[{"href":"https:\/\/www.fjpremium.com\/pt\/wp-json\/wp\/v2\/product\/24762","targetHints":{"allow":["GET"]}}],"collection":[{"href":"https:\/\/www.fjpremium.com\/pt\/wp-json\/wp\/v2\/product"}],"about":[{"href":"https:\/\/www.fjpremium.com\/pt\/wp-json\/wp\/v2\/types\/product"}],"wp:featuredmedia":[{"embeddable":true,"href":"https:\/\/www.fjpremium.com\/pt\/wp-json\/wp\/v2\/media\/24763"}],"wp:attachment":[{"href":"https:\/\/www.fjpremium.com\/pt\/wp-json\/wp\/v2\/media?parent=24762"}],"wp:term":[{"taxonomy":"product_brand","embeddable":true,"href":"https:\/\/www.fjpremium.com\/pt\/wp-json\/wp\/v2\/product_brand?post=24762"},{"taxonomy":"product_cat","embeddable":true,"href":"https:\/\/www.fjpremium.com\/pt\/wp-json\/wp\/v2\/product_cat?post=24762"},{"taxonomy":"product_tag","embeddable":true,"href":"https:\/\/www.fjpremium.com\/pt\/wp-json\/wp\/v2\/product_tag?post=24762"}],"curies":[{"name":"wp","href":"https:\/\/api.w.org\/{rel}","templated":true}]}}