{"id":24745,"date":"2024-01-22T11:27:21","date_gmt":"2024-01-22T03:27:21","guid":{"rendered":"https:\/\/www.fjpremium.com\/?post_type=product&#038;p=24745"},"modified":"2024-04-01T15:26:29","modified_gmt":"2024-04-01T07:26:29","slug":"angle-vga-panel-mount-adapter-f-f-coupler","status":"publish","type":"product","link":"https:\/\/www.fjpremium.com\/pt\/product\/angle-vga-panel-mount-adapter-f-f-coupler\/","title":{"rendered":"Adaptador de montagem em painel VGA com \u00e2ngulo de 90\u00b0 Acoplador f\u00eamea para f\u00eamea"},"content":{"rendered":"<p>O adaptador de montagem em painel VGA com \u00e2ngulo de 90\u00b0 \u00e9 uma prova de confiabilidade e engenharia de precis\u00e3o.<\/p>\n<p>Projetado para oferecer conveni\u00eancia e versatilidade, permite f\u00e1cil instala\u00e7\u00e3o com conectores de travamento por parafuso em ambas as extremidades.<\/p>\n<p>Capaz de suportar resolu\u00e7\u00f5es de at\u00e9 1920 x 1080 a 60 Hz, oferece imagens n\u00edtidas e claras para experi\u00eancias de visualiza\u00e7\u00e3o aprimoradas.<\/p>\n<p>Seja para instala\u00e7\u00f5es profissionais ou aplica\u00e7\u00f5es industriais, este adaptador VGA se destaca em desempenho e durabilidade, tornando-o um componente essencial em qualquer configura\u00e7\u00e3o que exija conectividade VGA confi\u00e1vel.<\/p>\n<p><!-- notionvc: e16f256b-1002-40c7-afcf-7c7c760a7e79 --><\/p>\n<p><span style=\"font-size: 16px;\">As suas especifica\u00e7\u00f5es:<\/span><\/p>\n<ul>\n<li>Conector 1: VGA f\u00eamea com fecho de rosca<\/li>\n<li>Conector 2: VGA f\u00eamea com fecho de parafuso<\/li>\n<li>Contacto banhado a ouro, concha banhada a n\u00edquel<\/li>\n<li>Carca\u00e7a: Moldagem por inje\u00e7\u00e3o<\/li>\n<li>Resolu\u00e7\u00e3o at\u00e9 1920 x 1080 @ 60 Hz<\/li>\n<li>Conformidade: RoHS, REACH<\/li>\n<\/ul>","protected":false},"excerpt":{"rendered":"<p>Adaptador de montagem em painel VGA de \u00e2ngulo de 90 \u00b0 Acoplador f\u00eamea para f\u00eamea, suporta uma resolu\u00e7\u00e3o de alta defini\u00e7\u00e3o de at\u00e9 1920 \u00d7 1080 @ 60 (1080p Full HD), incluindo 720p e 1600 \u00d7 1200 para monitores ou projetores HD<\/p>","protected":false},"featured_media":24746,"template":"","meta":{"_acf_changed":false,"_seopress_robots_primary_cat":"","_seopress_titles_title":"90\u00b0 Angle VGA Panel Mount Adapter Female to Female Coupler","_seopress_titles_desc":"","_seopress_robots_index":"","site-sidebar-layout":"default","site-content-layout":"default","ast-site-content-layout":"default","site-content-style":"default","site-sidebar-style":"default","ast-global-header-display":"","ast-banner-title-visibility":"","ast-main-header-display":"","ast-hfb-above-header-display":"","ast-hfb-below-header-display":"","ast-hfb-mobile-header-display":"","site-post-title":"","ast-breadcrumbs-content":"","ast-featured-img":"","footer-sml-layout":"","ast-disable-related-posts":"","theme-transparent-header-meta":"default","adv-header-id-meta":"","stick-header-meta":"","header-above-stick-meta":"","header-main-stick-meta":"","header-below-stick-meta":"","astra-migrate-meta-layouts":"set","ast-page-background-enabled":"default","ast-page-background-meta":{"desktop":{"background-color":"","background-image":"","background-repeat":"repeat","background-position":"center center","background-size":"auto","background-attachment":"scroll","background-type":"","background-media":"","overlay-type":"","overlay-color":"","overlay-opacity":"","overlay-gradient":""},"tablet":{"background-color":"","background-image":"","background-repeat":"repeat","background-position":"center center","background-size":"auto","background-attachment":"scroll","background-type":"","background-media":"","overlay-type":"","overlay-color":"","overlay-opacity":"","overlay-gradient":""},"mobile":{"background-color":"","background-image":"","background-repeat":"repeat","background-position":"center center","background-size":"auto","background-attachment":"scroll","background-type":"","background-media":"","overlay-type":"","overlay-color":"","overlay-opacity":"","overlay-gradient":""}},"ast-content-background-meta":{"desktop":{"background-color":"var(--ast-global-color-5)","background-image":"","background-repeat":"repeat","background-position":"center center","background-size":"auto","background-attachment":"scroll","background-type":"","background-media":"","overlay-type":"","overlay-color":"","overlay-opacity":"","overlay-gradient":""},"tablet":{"background-color":"var(--ast-global-color-5)","background-image":"","background-repeat":"repeat","background-position":"center center","background-size":"auto","background-attachment":"scroll","background-type":"","background-media":"","overlay-type":"","overlay-color":"","overlay-opacity":"","overlay-gradient":""},"mobile":{"background-color":"var(--ast-global-color-5)","background-image":"","background-repeat":"repeat","background-position":"center center","background-size":"auto","background-attachment":"scroll","background-type":"","background-media":"","overlay-type":"","overlay-color":"","overlay-opacity":"","overlay-gradient":""}},"iawp_total_views":4},"product_brand":[],"product_cat":[238,679],"product_tag":[],"class_list":{"0":"post-24745","1":"product","2":"type-product","3":"status-publish","4":"has-post-thumbnail","6":"product_cat-panel-mount","7":"product_cat-panel-mount-couplers","8":"desktop-align-left","9":"tablet-align-left","10":"mobile-align-left","12":"first","13":"instock","14":"shipping-taxable","15":"purchasable","16":"product-type-simple"},"acf":[],"_links":{"self":[{"href":"https:\/\/www.fjpremium.com\/pt\/wp-json\/wp\/v2\/product\/24745","targetHints":{"allow":["GET"]}}],"collection":[{"href":"https:\/\/www.fjpremium.com\/pt\/wp-json\/wp\/v2\/product"}],"about":[{"href":"https:\/\/www.fjpremium.com\/pt\/wp-json\/wp\/v2\/types\/product"}],"wp:featuredmedia":[{"embeddable":true,"href":"https:\/\/www.fjpremium.com\/pt\/wp-json\/wp\/v2\/media\/24746"}],"wp:attachment":[{"href":"https:\/\/www.fjpremium.com\/pt\/wp-json\/wp\/v2\/media?parent=24745"}],"wp:term":[{"taxonomy":"product_brand","embeddable":true,"href":"https:\/\/www.fjpremium.com\/pt\/wp-json\/wp\/v2\/product_brand?post=24745"},{"taxonomy":"product_cat","embeddable":true,"href":"https:\/\/www.fjpremium.com\/pt\/wp-json\/wp\/v2\/product_cat?post=24745"},{"taxonomy":"product_tag","embeddable":true,"href":"https:\/\/www.fjpremium.com\/pt\/wp-json\/wp\/v2\/product_tag?post=24745"}],"curies":[{"name":"wp","href":"https:\/\/api.w.org\/{rel}","templated":true}]}}