{"id":24710,"date":"2024-01-22T09:51:34","date_gmt":"2024-01-22T01:51:34","guid":{"rendered":"https:\/\/www.fjpremium.com\/?post_type=product&#038;p=24710"},"modified":"2024-03-29T16:16:19","modified_gmt":"2024-03-29T08:16:19","slug":"8k-displayport-1-4-panel-mount-adapter","status":"publish","type":"product","link":"https:\/\/www.fjpremium.com\/pt\/product\/8k-displayport-1-4-panel-mount-adapter\/","title":{"rendered":"Acoplador adaptador para montagem em painel DisplayPort 1.4 8K com fecho de parafuso F\u00eamea para F\u00eamea"},"content":{"rendered":"<p>O acoplador adaptador de montagem em painel 8K DisplayPort 1.4 revoluciona a conectividade do monitor.<\/p>\n<p>Seus conectores banhados a ouro, incluindo um com travamento por parafuso, garantem durabilidade e conex\u00f5es seguras.<\/p>\n<p>Capaz de suportar largura de banda de alta taxa de bits (HBR) e resolu\u00e7\u00f5es de at\u00e9 8K a 60 Hz, oferece clareza visual incompar\u00e1vel.<\/p>\n<p>Projetado para atender aos padr\u00f5es DisplayPort 1.4, ele se integra perfeitamente a uma variedade de dispositivos e configura\u00e7\u00f5es.<\/p>\n<p><!-- notionvc: e16f256b-1002-40c7-afcf-7c7c760a7e79 --><\/p>\n<p><span style=\"font-size: 16px;\">As suas especifica\u00e7\u00f5es:<\/span><\/p>\n<ul>\n<li>Conector 1: DisplayPort f\u00eamea, banhado a ouro<\/li>\n<li>Conector 2: DisplayPort f\u00eamea com fecho de parafuso, banhado a ouro<\/li>\n<li>Tipo de porca e parafuso: M3 niquelado<\/li>\n<li>Passo do furo: 27mm<\/li>\n<li>Carca\u00e7a: Moldagem por inje\u00e7\u00e3o<\/li>\n<li>Suporta uma largura de banda de alta taxa de bits (HBR) e uma resolu\u00e7\u00e3o at\u00e9 8K@60Hz<\/li>\n<li>Constru\u00eddo de acordo com a norma DisplayPort 1.4<\/li>\n<li>Conformidade: RoHS, REACH<\/li>\n<\/ul>","protected":false},"excerpt":{"rendered":"<p>Acoplador adaptador para montagem em painel DisplayPort 1.4 8K com fecho de parafuso F\u00eamea para F\u00eamea, conetor banhado a ouro<\/p>","protected":false},"featured_media":24712,"template":"","meta":{"_acf_changed":false,"_seopress_robots_primary_cat":"","_seopress_titles_title":"8K DisplayPort 1.4 Panel Mount Adapter Coupler","_seopress_titles_desc":"","_seopress_robots_index":"","site-sidebar-layout":"default","site-content-layout":"default","ast-site-content-layout":"default","site-content-style":"default","site-sidebar-style":"default","ast-global-header-display":"","ast-banner-title-visibility":"","ast-main-header-display":"","ast-hfb-above-header-display":"","ast-hfb-below-header-display":"","ast-hfb-mobile-header-display":"","site-post-title":"","ast-breadcrumbs-content":"","ast-featured-img":"","footer-sml-layout":"","ast-disable-related-posts":"","theme-transparent-header-meta":"default","adv-header-id-meta":"","stick-header-meta":"","header-above-stick-meta":"","header-main-stick-meta":"","header-below-stick-meta":"","astra-migrate-meta-layouts":"set","ast-page-background-enabled":"default","ast-page-background-meta":{"desktop":{"background-color":"","background-image":"","background-repeat":"repeat","background-position":"center center","background-size":"auto","background-attachment":"scroll","background-type":"","background-media":"","overlay-type":"","overlay-color":"","overlay-opacity":"","overlay-gradient":""},"tablet":{"background-color":"","background-image":"","background-repeat":"repeat","background-position":"center center","background-size":"auto","background-attachment":"scroll","background-type":"","background-media":"","overlay-type":"","overlay-color":"","overlay-opacity":"","overlay-gradient":""},"mobile":{"background-color":"","background-image":"","background-repeat":"repeat","background-position":"center center","background-size":"auto","background-attachment":"scroll","background-type":"","background-media":"","overlay-type":"","overlay-color":"","overlay-opacity":"","overlay-gradient":""}},"ast-content-background-meta":{"desktop":{"background-color":"var(--ast-global-color-5)","background-image":"","background-repeat":"repeat","background-position":"center center","background-size":"auto","background-attachment":"scroll","background-type":"","background-media":"","overlay-type":"","overlay-color":"","overlay-opacity":"","overlay-gradient":""},"tablet":{"background-color":"var(--ast-global-color-5)","background-image":"","background-repeat":"repeat","background-position":"center center","background-size":"auto","background-attachment":"scroll","background-type":"","background-media":"","overlay-type":"","overlay-color":"","overlay-opacity":"","overlay-gradient":""},"mobile":{"background-color":"var(--ast-global-color-5)","background-image":"","background-repeat":"repeat","background-position":"center center","background-size":"auto","background-attachment":"scroll","background-type":"","background-media":"","overlay-type":"","overlay-color":"","overlay-opacity":"","overlay-gradient":""}},"iawp_total_views":8},"product_brand":[],"product_cat":[238,679],"product_tag":[],"class_list":{"0":"post-24710","1":"product","2":"type-product","3":"status-publish","4":"has-post-thumbnail","6":"product_cat-panel-mount","7":"product_cat-panel-mount-couplers","8":"desktop-align-left","9":"tablet-align-left","10":"mobile-align-left","12":"first","13":"instock","14":"shipping-taxable","15":"purchasable","16":"product-type-simple"},"acf":[],"_links":{"self":[{"href":"https:\/\/www.fjpremium.com\/pt\/wp-json\/wp\/v2\/product\/24710","targetHints":{"allow":["GET"]}}],"collection":[{"href":"https:\/\/www.fjpremium.com\/pt\/wp-json\/wp\/v2\/product"}],"about":[{"href":"https:\/\/www.fjpremium.com\/pt\/wp-json\/wp\/v2\/types\/product"}],"wp:featuredmedia":[{"embeddable":true,"href":"https:\/\/www.fjpremium.com\/pt\/wp-json\/wp\/v2\/media\/24712"}],"wp:attachment":[{"href":"https:\/\/www.fjpremium.com\/pt\/wp-json\/wp\/v2\/media?parent=24710"}],"wp:term":[{"taxonomy":"product_brand","embeddable":true,"href":"https:\/\/www.fjpremium.com\/pt\/wp-json\/wp\/v2\/product_brand?post=24710"},{"taxonomy":"product_cat","embeddable":true,"href":"https:\/\/www.fjpremium.com\/pt\/wp-json\/wp\/v2\/product_cat?post=24710"},{"taxonomy":"product_tag","embeddable":true,"href":"https:\/\/www.fjpremium.com\/pt\/wp-json\/wp\/v2\/product_tag?post=24710"}],"curies":[{"name":"wp","href":"https:\/\/api.w.org\/{rel}","templated":true}]}}