{"id":24699,"date":"2024-01-22T09:37:37","date_gmt":"2024-01-22T01:37:37","guid":{"rendered":"https:\/\/www.fjpremium.com\/?post_type=product&#038;p=24699"},"modified":"2024-03-29T15:55:47","modified_gmt":"2024-03-29T07:55:47","slug":"90-angle-4k-hdmi-2-0-panel-mount-coupler","status":"publish","type":"product","link":"https:\/\/www.fjpremium.com\/pt\/product\/90-angle-4k-hdmi-2-0-panel-mount-coupler\/","title":{"rendered":"Adaptador de acoplador de montagem em painel 4K HDMI 2.0 com \u00e2ngulo de 90\u00b0 com orif\u00edcio de parafuso F\u00eamea para F\u00eamea"},"content":{"rendered":"<p>Tendo testado rigorosamente o adaptador de acoplador de montagem em painel 4K HDMI 2.0 de \u00e2ngulo de 90 \u00b0, o desempenho e a qualidade em diferentes aplica\u00e7\u00f5es s\u00e3o impressionantes.<br \/>\n<!-- notionvc: e16f256b-1002-40c7-afcf-7c7c760a7e79 --><\/p>\n<p>Apresentando conectores HDMI banhados a ouro, incluindo um design de \u00e2ngulo de 90\u00b0 e um com orif\u00edcio para parafuso, este adaptador possui uma caixa robusta moldada por inje\u00e7\u00e3o para maior durabilidade.<\/p>\n<p>Com uma largura de banda de at\u00e9 18 Gbps, ele suporta perfeitamente a resolu\u00e7\u00e3o 4K a 50\/60 Hz, proporcionando clareza excepcional. Al\u00e9m disso, sua compatibilidade com v\u00eddeo 3D, Deep Color e xv Color\u2122 aprimora a experi\u00eancia de visualiza\u00e7\u00e3o.<\/p>\n<p>Compat\u00edvel com diversos dispositivos de m\u00eddia, oferece flexibilidade nas op\u00e7\u00f5es de conectividade, atendendo a diferentes configura\u00e7\u00f5es de entretenimento.<\/p>\n<p><span style=\"font-size: 16px;\">As suas especifica\u00e7\u00f5es:<\/span><\/p>\n<ul>\n<li>Conector 1: HDMI f\u00eamea com \u00e2ngulo de 90\u00b0, dourado<\/li>\n<li>Conector 2: HDMI f\u00eamea com orif\u00edcio de parafuso, banhado a ouro<\/li>\n<li>Carca\u00e7a: Moldagem por inje\u00e7\u00e3o<\/li>\n<li>Largura de banda at\u00e9 18 Gbps<\/li>\n<li>4K\/50\/60 (2160p), que \u00e9 4 vezes a nitidez da resolu\u00e7\u00e3o de v\u00eddeo de 1080p\/60<\/li>\n<li>V\u00eddeo 3D, Deep Color e x.v. Color\u2122<\/li>\n<li>Conformidade: RoHS, REACH<\/li>\n<\/ul>","protected":false},"excerpt":{"rendered":"<p>Adaptador de acoplador de montagem em painel 4K HDMI 2.0 com \u00e2ngulo de 90\u00b0 com orif\u00edcio de parafuso F\u00eamea para F\u00eamea, conetor banhado a ouro<\/p>","protected":false},"featured_media":24702,"template":"","meta":{"_acf_changed":false,"_seopress_robots_primary_cat":"","_seopress_titles_title":"90\u00b0 Angle 4K HDMI 2.0 Panel Mount Coupler Adapter","_seopress_titles_desc":"","_seopress_robots_index":"","site-sidebar-layout":"default","site-content-layout":"default","ast-site-content-layout":"default","site-content-style":"default","site-sidebar-style":"default","ast-global-header-display":"","ast-banner-title-visibility":"","ast-main-header-display":"","ast-hfb-above-header-display":"","ast-hfb-below-header-display":"","ast-hfb-mobile-header-display":"","site-post-title":"","ast-breadcrumbs-content":"","ast-featured-img":"","footer-sml-layout":"","ast-disable-related-posts":"","theme-transparent-header-meta":"default","adv-header-id-meta":"","stick-header-meta":"","header-above-stick-meta":"","header-main-stick-meta":"","header-below-stick-meta":"","astra-migrate-meta-layouts":"set","ast-page-background-enabled":"default","ast-page-background-meta":{"desktop":{"background-color":"","background-image":"","background-repeat":"repeat","background-position":"center center","background-size":"auto","background-attachment":"scroll","background-type":"","background-media":"","overlay-type":"","overlay-color":"","overlay-opacity":"","overlay-gradient":""},"tablet":{"background-color":"","background-image":"","background-repeat":"repeat","background-position":"center center","background-size":"auto","background-attachment":"scroll","background-type":"","background-media":"","overlay-type":"","overlay-color":"","overlay-opacity":"","overlay-gradient":""},"mobile":{"background-color":"","background-image":"","background-repeat":"repeat","background-position":"center center","background-size":"auto","background-attachment":"scroll","background-type":"","background-media":"","overlay-type":"","overlay-color":"","overlay-opacity":"","overlay-gradient":""}},"ast-content-background-meta":{"desktop":{"background-color":"var(--ast-global-color-5)","background-image":"","background-repeat":"repeat","background-position":"center center","background-size":"auto","background-attachment":"scroll","background-type":"","background-media":"","overlay-type":"","overlay-color":"","overlay-opacity":"","overlay-gradient":""},"tablet":{"background-color":"var(--ast-global-color-5)","background-image":"","background-repeat":"repeat","background-position":"center center","background-size":"auto","background-attachment":"scroll","background-type":"","background-media":"","overlay-type":"","overlay-color":"","overlay-opacity":"","overlay-gradient":""},"mobile":{"background-color":"var(--ast-global-color-5)","background-image":"","background-repeat":"repeat","background-position":"center center","background-size":"auto","background-attachment":"scroll","background-type":"","background-media":"","overlay-type":"","overlay-color":"","overlay-opacity":"","overlay-gradient":""}},"iawp_total_views":4},"product_brand":[],"product_cat":[238,679],"product_tag":[],"class_list":{"0":"post-24699","1":"product","2":"type-product","3":"status-publish","4":"has-post-thumbnail","6":"product_cat-panel-mount","7":"product_cat-panel-mount-couplers","8":"desktop-align-left","9":"tablet-align-left","10":"mobile-align-left","12":"first","13":"instock","14":"shipping-taxable","15":"purchasable","16":"product-type-simple"},"acf":[],"_links":{"self":[{"href":"https:\/\/www.fjpremium.com\/pt\/wp-json\/wp\/v2\/product\/24699","targetHints":{"allow":["GET"]}}],"collection":[{"href":"https:\/\/www.fjpremium.com\/pt\/wp-json\/wp\/v2\/product"}],"about":[{"href":"https:\/\/www.fjpremium.com\/pt\/wp-json\/wp\/v2\/types\/product"}],"wp:featuredmedia":[{"embeddable":true,"href":"https:\/\/www.fjpremium.com\/pt\/wp-json\/wp\/v2\/media\/24702"}],"wp:attachment":[{"href":"https:\/\/www.fjpremium.com\/pt\/wp-json\/wp\/v2\/media?parent=24699"}],"wp:term":[{"taxonomy":"product_brand","embeddable":true,"href":"https:\/\/www.fjpremium.com\/pt\/wp-json\/wp\/v2\/product_brand?post=24699"},{"taxonomy":"product_cat","embeddable":true,"href":"https:\/\/www.fjpremium.com\/pt\/wp-json\/wp\/v2\/product_cat?post=24699"},{"taxonomy":"product_tag","embeddable":true,"href":"https:\/\/www.fjpremium.com\/pt\/wp-json\/wp\/v2\/product_tag?post=24699"}],"curies":[{"name":"wp","href":"https:\/\/api.w.org\/{rel}","templated":true}]}}