{"id":24689,"date":"2024-01-22T09:22:42","date_gmt":"2024-01-22T01:22:42","guid":{"rendered":"https:\/\/www.fjpremium.com\/?post_type=product&#038;p=24689"},"modified":"2024-03-29T15:00:23","modified_gmt":"2024-03-29T07:00:23","slug":"90-angle-4k-hdmi-2-0-panel-mount-adapter","status":"publish","type":"product","link":"https:\/\/www.fjpremium.com\/pt\/product\/90-angle-4k-hdmi-2-0-panel-mount-adapter\/","title":{"rendered":"Acoplador do adaptador da montagem do painel do \u00e2ngulo 4K HDMI 2.0 de 90\u00b0 com parafuso que trava a f\u00eamea \u00e0 f\u00eamea"},"content":{"rendered":"<p>Experimente conectividade perfeita com nosso acoplador adaptador de montagem em painel 4K HDMI 2.0 com \u00e2ngulo de 90\u00b0.<\/p>\n<p>Apresentando conectores HDMI f\u00eamea banhados a ouro, incluindo um com travamento por parafuso, este adaptador garante transmiss\u00e3o confi\u00e1vel e conex\u00f5es seguras. Com um design dur\u00e1vel banhado a n\u00edquel M3 e furo de 25 mm para f\u00e1cil instala\u00e7\u00e3o, ele foi feito para durar.<\/p>\n<p>Desfrute de resolu\u00e7\u00e3o 4K cristalina, v\u00eddeo 3D e cores vivas, tudo suportado por largura de banda de at\u00e9 18 Gbps. Al\u00e9m disso, fique tranquilo sabendo que ele est\u00e1 em conformidade com os padr\u00f5es RoHS e REACH.<\/p>\n<p>Atualize sua configura\u00e7\u00e3o sem esfor\u00e7o \u2013 escolha qualidade, escolha inova\u00e7\u00e3o.<\/p>\n<p><span style=\"font-size: 16px;\">As suas especifica\u00e7\u00f5es:<\/span><\/p>\n<ul>\n<li>Conector 1: HDMI f\u00eamea com \u00e2ngulo de 90\u00b0, banhado a ouro<\/li>\n<li>Conector 2: HDMI f\u00eamea com fecho de parafuso, banhado a ouro<\/li>\n<li>Tipo de porca e parafuso: M3 niquelado<\/li>\n<li>Passo do furo: 25mm<\/li>\n<li>Carca\u00e7a: Moldagem por inje\u00e7\u00e3o<\/li>\n<li>Largura de banda at\u00e9 18 Gbps<\/li>\n<li>4K\/50\/60 (2160p), que \u00e9 4 vezes a nitidez da resolu\u00e7\u00e3o de v\u00eddeo de 1080p\/60<\/li>\n<li>V\u00eddeo 3D, Deep Color e x.v. Color\u2122<\/li>\n<li>Conformidade: RoHS, REACH<\/li>\n<\/ul>","protected":false},"excerpt":{"rendered":"<p>Acoplador do adaptador da montagem do painel do \u00e2ngulo 4K HDMI 2.0 de 90\u00b0 com parafuso que trava f\u00eamea \u00e0 f\u00eamea, conector banhado a ouro<\/p>","protected":false},"featured_media":24690,"template":"","meta":{"_acf_changed":false,"_seopress_robots_primary_cat":"","_seopress_titles_title":"90\u00b0 Angle 4K HDMI 2.0 Panel Mount Adapter Coupler","_seopress_titles_desc":"","_seopress_robots_index":"","site-sidebar-layout":"default","site-content-layout":"default","ast-site-content-layout":"default","site-content-style":"default","site-sidebar-style":"default","ast-global-header-display":"","ast-banner-title-visibility":"","ast-main-header-display":"","ast-hfb-above-header-display":"","ast-hfb-below-header-display":"","ast-hfb-mobile-header-display":"","site-post-title":"","ast-breadcrumbs-content":"","ast-featured-img":"","footer-sml-layout":"","ast-disable-related-posts":"","theme-transparent-header-meta":"default","adv-header-id-meta":"","stick-header-meta":"","header-above-stick-meta":"","header-main-stick-meta":"","header-below-stick-meta":"","astra-migrate-meta-layouts":"set","ast-page-background-enabled":"default","ast-page-background-meta":{"desktop":{"background-color":"","background-image":"","background-repeat":"repeat","background-position":"center center","background-size":"auto","background-attachment":"scroll","background-type":"","background-media":"","overlay-type":"","overlay-color":"","overlay-opacity":"","overlay-gradient":""},"tablet":{"background-color":"","background-image":"","background-repeat":"repeat","background-position":"center center","background-size":"auto","background-attachment":"scroll","background-type":"","background-media":"","overlay-type":"","overlay-color":"","overlay-opacity":"","overlay-gradient":""},"mobile":{"background-color":"","background-image":"","background-repeat":"repeat","background-position":"center center","background-size":"auto","background-attachment":"scroll","background-type":"","background-media":"","overlay-type":"","overlay-color":"","overlay-opacity":"","overlay-gradient":""}},"ast-content-background-meta":{"desktop":{"background-color":"var(--ast-global-color-5)","background-image":"","background-repeat":"repeat","background-position":"center center","background-size":"auto","background-attachment":"scroll","background-type":"","background-media":"","overlay-type":"","overlay-color":"","overlay-opacity":"","overlay-gradient":""},"tablet":{"background-color":"var(--ast-global-color-5)","background-image":"","background-repeat":"repeat","background-position":"center center","background-size":"auto","background-attachment":"scroll","background-type":"","background-media":"","overlay-type":"","overlay-color":"","overlay-opacity":"","overlay-gradient":""},"mobile":{"background-color":"var(--ast-global-color-5)","background-image":"","background-repeat":"repeat","background-position":"center center","background-size":"auto","background-attachment":"scroll","background-type":"","background-media":"","overlay-type":"","overlay-color":"","overlay-opacity":"","overlay-gradient":""}},"iawp_total_views":6},"product_brand":[],"product_cat":[238,679],"product_tag":[],"class_list":{"0":"post-24689","1":"product","2":"type-product","3":"status-publish","4":"has-post-thumbnail","6":"product_cat-panel-mount","7":"product_cat-panel-mount-couplers","8":"desktop-align-left","9":"tablet-align-left","10":"mobile-align-left","12":"first","13":"instock","14":"shipping-taxable","15":"purchasable","16":"product-type-simple"},"acf":[],"_links":{"self":[{"href":"https:\/\/www.fjpremium.com\/pt\/wp-json\/wp\/v2\/product\/24689","targetHints":{"allow":["GET"]}}],"collection":[{"href":"https:\/\/www.fjpremium.com\/pt\/wp-json\/wp\/v2\/product"}],"about":[{"href":"https:\/\/www.fjpremium.com\/pt\/wp-json\/wp\/v2\/types\/product"}],"wp:featuredmedia":[{"embeddable":true,"href":"https:\/\/www.fjpremium.com\/pt\/wp-json\/wp\/v2\/media\/24690"}],"wp:attachment":[{"href":"https:\/\/www.fjpremium.com\/pt\/wp-json\/wp\/v2\/media?parent=24689"}],"wp:term":[{"taxonomy":"product_brand","embeddable":true,"href":"https:\/\/www.fjpremium.com\/pt\/wp-json\/wp\/v2\/product_brand?post=24689"},{"taxonomy":"product_cat","embeddable":true,"href":"https:\/\/www.fjpremium.com\/pt\/wp-json\/wp\/v2\/product_cat?post=24689"},{"taxonomy":"product_tag","embeddable":true,"href":"https:\/\/www.fjpremium.com\/pt\/wp-json\/wp\/v2\/product_tag?post=24689"}],"curies":[{"name":"wp","href":"https:\/\/api.w.org\/{rel}","templated":true}]}}