{"id":24635,"date":"2024-01-19T16:12:27","date_gmt":"2024-01-19T08:12:27","guid":{"rendered":"https:\/\/www.fjpremium.com\/?post_type=product&#038;p=24635"},"modified":"2024-03-28T14:18:10","modified_gmt":"2024-03-28T06:18:10","slug":"keyston-type-rj45-panel-mount-cable","status":"publish","type":"product","link":"https:\/\/www.fjpremium.com\/pt\/product\/keyston-type-rj45-panel-mount-cable\/","title":{"rendered":"Tipo trapezoidal homem do cabo Cat6A Cat7 Cat8 SFTP da montagem do painel RJ45 ao cabo de extens\u00e3o f\u00eamea"},"content":{"rendered":"<p>Apresentando o cabo de extens\u00e3o FARSINCE Keystone tipo Cat6A \/ Cat7 \/ Cat8 SFTP macho para f\u00eamea para montagem em painel - a solu\u00e7\u00e3o definitiva para estender conex\u00f5es de rede LAN com seguran\u00e7a e confiabilidade.<\/p>\n<p>Com sua constru\u00e7\u00e3o robusta, incluindo contatos banhados a ouro e revestimento niquelado, este cabo garante durabilidade e \u00f3tima transmiss\u00e3o de sinal.<\/p>\n<p>Testado em 500\/600\/2000 MHz e com suporte para Ethernet Gigabit 10G\/40G Base-T, garante transfer\u00eancia de dados em alta velocidade para diversas aplica\u00e7\u00f5es.<\/p>\n<p>Al\u00e9m disso, est\u00e1 em conformidade com as diretivas RoHS e REACH para sustentabilidade ambiental e seguran\u00e7a do usu\u00e1rio. Atualize sua configura\u00e7\u00e3o de rede com confian\u00e7a hoje mesmo!<\/p>\n<p><span style=\"font-size: 16px;\">As suas especifica\u00e7\u00f5es:<\/span><\/p>\n<ul>\n<li>Conector 1: RJ45 SFTP macho<\/li>\n<li>Conector 2: Keystone RJ45 SFTP f\u00eamea com travamento por parafuso<\/li>\n<li>Contacto banhado a ouro 3U, concha banhada a n\u00edquel<\/li>\n<li>Tipo de porca e parafuso: #M3 niquelado<\/li>\n<li>Passo do furo: 25mm<\/li>\n<li>Condutor do cabo: Cobre nu<\/li>\n<li>Bitola do fio: 26AWG<\/li>\n<li>Di\u00e2metro exterior: 6,0\u00b10,2mm<\/li>\n<li>Carca\u00e7a: Moldagem por inje\u00e7\u00e3o<\/li>\n<li>Revestimento: PVC<\/li>\n<li>Cumpre ou excede a especifica\u00e7\u00e3o TIA\/EIA -568-C.2 e ISO\/IEC 11801<\/li>\n<li>Testado a 500\/600\/2000 MHz e suporta Ethernet Gigabit 10G\/40G Base-T<\/li>\n<li>Conformidade: RoHS, REACH<\/li>\n<\/ul>","protected":false},"excerpt":{"rendered":"<p>Cabo de montagem em painel RJ45 tipo Keyston Cat6A Cat7 Cat8 SFTP Cabo de extens\u00e3o macho-f\u00eamea com fixa\u00e7\u00e3o por parafuso, 0,5 M<\/p>","protected":false},"featured_media":24636,"template":"","meta":{"_acf_changed":false,"_seopress_robots_primary_cat":"","_seopress_titles_title":"Keyston type RJ45 Panel Mount Cable Cat6A Cat7 Cat8 SFTP","_seopress_titles_desc":"","_seopress_robots_index":"","site-sidebar-layout":"default","site-content-layout":"default","ast-site-content-layout":"default","site-content-style":"default","site-sidebar-style":"default","ast-global-header-display":"","ast-banner-title-visibility":"","ast-main-header-display":"","ast-hfb-above-header-display":"","ast-hfb-below-header-display":"","ast-hfb-mobile-header-display":"","site-post-title":"","ast-breadcrumbs-content":"","ast-featured-img":"","footer-sml-layout":"","ast-disable-related-posts":"","theme-transparent-header-meta":"default","adv-header-id-meta":"","stick-header-meta":"","header-above-stick-meta":"","header-main-stick-meta":"","header-below-stick-meta":"","astra-migrate-meta-layouts":"set","ast-page-background-enabled":"default","ast-page-background-meta":{"desktop":{"background-color":"","background-image":"","background-repeat":"repeat","background-position":"center center","background-size":"auto","background-attachment":"scroll","background-type":"","background-media":"","overlay-type":"","overlay-color":"","overlay-opacity":"","overlay-gradient":""},"tablet":{"background-color":"","background-image":"","background-repeat":"repeat","background-position":"center center","background-size":"auto","background-attachment":"scroll","background-type":"","background-media":"","overlay-type":"","overlay-color":"","overlay-opacity":"","overlay-gradient":""},"mobile":{"background-color":"","background-image":"","background-repeat":"repeat","background-position":"center center","background-size":"auto","background-attachment":"scroll","background-type":"","background-media":"","overlay-type":"","overlay-color":"","overlay-opacity":"","overlay-gradient":""}},"ast-content-background-meta":{"desktop":{"background-color":"var(--ast-global-color-5)","background-image":"","background-repeat":"repeat","background-position":"center center","background-size":"auto","background-attachment":"scroll","background-type":"","background-media":"","overlay-type":"","overlay-color":"","overlay-opacity":"","overlay-gradient":""},"tablet":{"background-color":"var(--ast-global-color-5)","background-image":"","background-repeat":"repeat","background-position":"center center","background-size":"auto","background-attachment":"scroll","background-type":"","background-media":"","overlay-type":"","overlay-color":"","overlay-opacity":"","overlay-gradient":""},"mobile":{"background-color":"var(--ast-global-color-5)","background-image":"","background-repeat":"repeat","background-position":"center center","background-size":"auto","background-attachment":"scroll","background-type":"","background-media":"","overlay-type":"","overlay-color":"","overlay-opacity":"","overlay-gradient":""}},"iawp_total_views":3},"product_brand":[],"product_cat":[238,678],"product_tag":[],"class_list":{"0":"post-24635","1":"product","2":"type-product","3":"status-publish","4":"has-post-thumbnail","6":"product_cat-panel-mount","7":"product_cat-panel-mount-cables","8":"desktop-align-left","9":"tablet-align-left","10":"mobile-align-left","12":"first","13":"instock","14":"shipping-taxable","15":"purchasable","16":"product-type-simple"},"acf":[],"_links":{"self":[{"href":"https:\/\/www.fjpremium.com\/pt\/wp-json\/wp\/v2\/product\/24635","targetHints":{"allow":["GET"]}}],"collection":[{"href":"https:\/\/www.fjpremium.com\/pt\/wp-json\/wp\/v2\/product"}],"about":[{"href":"https:\/\/www.fjpremium.com\/pt\/wp-json\/wp\/v2\/types\/product"}],"wp:featuredmedia":[{"embeddable":true,"href":"https:\/\/www.fjpremium.com\/pt\/wp-json\/wp\/v2\/media\/24636"}],"wp:attachment":[{"href":"https:\/\/www.fjpremium.com\/pt\/wp-json\/wp\/v2\/media?parent=24635"}],"wp:term":[{"taxonomy":"product_brand","embeddable":true,"href":"https:\/\/www.fjpremium.com\/pt\/wp-json\/wp\/v2\/product_brand?post=24635"},{"taxonomy":"product_cat","embeddable":true,"href":"https:\/\/www.fjpremium.com\/pt\/wp-json\/wp\/v2\/product_cat?post=24635"},{"taxonomy":"product_tag","embeddable":true,"href":"https:\/\/www.fjpremium.com\/pt\/wp-json\/wp\/v2\/product_tag?post=24635"}],"curies":[{"name":"wp","href":"https:\/\/api.w.org\/{rel}","templated":true}]}}