{"id":24630,"date":"2024-01-19T15:26:56","date_gmt":"2024-01-19T07:26:56","guid":{"rendered":"https:\/\/www.fjpremium.com\/?post_type=product&#038;p=24630"},"modified":"2024-03-14T15:45:49","modified_gmt":"2024-03-14T07:45:49","slug":"panel-mount-ethernet-rj45-cable","status":"publish","type":"product","link":"https:\/\/www.fjpremium.com\/pt\/product\/panel-mount-ethernet-rj45-cable\/","title":{"rendered":"Cabo Ethernet RJ45 para montagem em painel CAT6A CAT7 CAT8 Cabo SFTP"},"content":{"rendered":"<p>O cabo de montagem em painel Farsince de alta qualidade tipo Keyston CAT6A\/CAT7\/CAT8 SFTP F\u00eamea para F\u00eamea \u00e9 perfeito para combinar dois cabos Patch para obter conetividade atrav\u00e9s de um painel. Isto permite ao utilizador fornecer conetividade a partir de uma fonte que est\u00e1 contida num local seguro.<\/p>\n<p>O cabo Ethernet RJ45 de montagem em painel duplo cumpre ou excede o desempenho da Categoria 6A\/7\/8 em conformidade com as especifica\u00e7\u00f5es TIA\/EIA-568-C.2. Os condutores de cobre nu melhoram o desempenho do cabo e cumprem as especifica\u00e7\u00f5es para cabos de comunica\u00e7\u00f5es. O cabo CAT6A\/CAT7\/CAT8 flex\u00edvel e dur\u00e1vel com elevada largura de banda at\u00e9 500\/600\/2000 MHz garante a transfer\u00eancia de dados a alta velocidade para aplica\u00e7\u00f5es de servidor, computa\u00e7\u00e3o em nuvem, vigil\u00e2ncia por v\u00eddeo e transmiss\u00e3o de v\u00eddeo de alta defini\u00e7\u00e3o online.<\/p>\n<p><span style=\"font-size: 16px;\">As suas especifica\u00e7\u00f5es:<\/span><\/p>\n<ul>\n<li>Conector 1: RJ45 SFTP F\u00eamea<\/li>\n<li>Conector 2: Keyston RJ45 SFTP F\u00eamea com fecho de parafuso<\/li>\n<li>Contacto banhado a ouro 3U, concha banhada a n\u00edquel<\/li>\n<li>Tipo de porca e parafuso: #M3 niquelado<\/li>\n<li>Passo do furo: 25mm<\/li>\n<li>Condutor do cabo: Cobre nu<\/li>\n<li>Bitola do fio: 26AWG<\/li>\n<li>Di\u00e2metro exterior: 6,0\u00b10,2mm<\/li>\n<li>Blindagem: Fio de drenagem, folha de alum\u00ednio, tran\u00e7a<\/li>\n<li>Carca\u00e7a: Moldagem por inje\u00e7\u00e3o<\/li>\n<li>Revestimento: PVC<\/li>\n<li>Cumpre ou excede a especifica\u00e7\u00e3o TIA\/EIA -568-C.2 e ISO\/IEC 11801<\/li>\n<li>Testado a 500\/600\/2000 MHz e suporta Ethernet Gigabit 10G\/40G Base-T<\/li>\n<li>Conformidade: RoHS, REACH<\/li>\n<\/ul>","protected":false},"excerpt":{"rendered":"<p>Cabo Ethernet RJ45 para montagem em painel duplo Cabo CAT6A CAT7 CAT8 com fixa\u00e7\u00e3o por parafuso, 0,3M<\/p>","protected":false},"featured_media":24634,"template":"","meta":{"_acf_changed":false,"_seopress_robots_primary_cat":"","_seopress_titles_title":"Panel Mount Ethernet RJ45 Cable CAT6A CAT7 CAT8 Cable","_seopress_titles_desc":"","_seopress_robots_index":"","site-sidebar-layout":"default","site-content-layout":"default","ast-site-content-layout":"default","site-content-style":"default","site-sidebar-style":"default","ast-global-header-display":"","ast-banner-title-visibility":"","ast-main-header-display":"","ast-hfb-above-header-display":"","ast-hfb-below-header-display":"","ast-hfb-mobile-header-display":"","site-post-title":"","ast-breadcrumbs-content":"","ast-featured-img":"","footer-sml-layout":"","ast-disable-related-posts":"","theme-transparent-header-meta":"default","adv-header-id-meta":"","stick-header-meta":"","header-above-stick-meta":"","header-main-stick-meta":"","header-below-stick-meta":"","astra-migrate-meta-layouts":"set","ast-page-background-enabled":"default","ast-page-background-meta":{"desktop":{"background-color":"","background-image":"","background-repeat":"repeat","background-position":"center center","background-size":"auto","background-attachment":"scroll","background-type":"","background-media":"","overlay-type":"","overlay-color":"","overlay-opacity":"","overlay-gradient":""},"tablet":{"background-color":"","background-image":"","background-repeat":"repeat","background-position":"center center","background-size":"auto","background-attachment":"scroll","background-type":"","background-media":"","overlay-type":"","overlay-color":"","overlay-opacity":"","overlay-gradient":""},"mobile":{"background-color":"","background-image":"","background-repeat":"repeat","background-position":"center center","background-size":"auto","background-attachment":"scroll","background-type":"","background-media":"","overlay-type":"","overlay-color":"","overlay-opacity":"","overlay-gradient":""}},"ast-content-background-meta":{"desktop":{"background-color":"var(--ast-global-color-5)","background-image":"","background-repeat":"repeat","background-position":"center center","background-size":"auto","background-attachment":"scroll","background-type":"","background-media":"","overlay-type":"","overlay-color":"","overlay-opacity":"","overlay-gradient":""},"tablet":{"background-color":"var(--ast-global-color-5)","background-image":"","background-repeat":"repeat","background-position":"center center","background-size":"auto","background-attachment":"scroll","background-type":"","background-media":"","overlay-type":"","overlay-color":"","overlay-opacity":"","overlay-gradient":""},"mobile":{"background-color":"var(--ast-global-color-5)","background-image":"","background-repeat":"repeat","background-position":"center center","background-size":"auto","background-attachment":"scroll","background-type":"","background-media":"","overlay-type":"","overlay-color":"","overlay-opacity":"","overlay-gradient":""}},"iawp_total_views":6},"product_brand":[],"product_cat":[238,678],"product_tag":[],"class_list":{"0":"post-24630","1":"product","2":"type-product","3":"status-publish","4":"has-post-thumbnail","6":"product_cat-panel-mount","7":"product_cat-panel-mount-cables","8":"desktop-align-left","9":"tablet-align-left","10":"mobile-align-left","12":"first","13":"instock","14":"shipping-taxable","15":"purchasable","16":"product-type-simple"},"acf":[],"_links":{"self":[{"href":"https:\/\/www.fjpremium.com\/pt\/wp-json\/wp\/v2\/product\/24630","targetHints":{"allow":["GET"]}}],"collection":[{"href":"https:\/\/www.fjpremium.com\/pt\/wp-json\/wp\/v2\/product"}],"about":[{"href":"https:\/\/www.fjpremium.com\/pt\/wp-json\/wp\/v2\/types\/product"}],"wp:featuredmedia":[{"embeddable":true,"href":"https:\/\/www.fjpremium.com\/pt\/wp-json\/wp\/v2\/media\/24634"}],"wp:attachment":[{"href":"https:\/\/www.fjpremium.com\/pt\/wp-json\/wp\/v2\/media?parent=24630"}],"wp:term":[{"taxonomy":"product_brand","embeddable":true,"href":"https:\/\/www.fjpremium.com\/pt\/wp-json\/wp\/v2\/product_brand?post=24630"},{"taxonomy":"product_cat","embeddable":true,"href":"https:\/\/www.fjpremium.com\/pt\/wp-json\/wp\/v2\/product_cat?post=24630"},{"taxonomy":"product_tag","embeddable":true,"href":"https:\/\/www.fjpremium.com\/pt\/wp-json\/wp\/v2\/product_tag?post=24630"}],"curies":[{"name":"wp","href":"https:\/\/api.w.org\/{rel}","templated":true}]}}