{"id":24607,"date":"2024-01-19T14:47:02","date_gmt":"2024-01-19T06:47:02","guid":{"rendered":"https:\/\/www.fjpremium.com\/?post_type=product&#038;p=24607"},"modified":"2024-03-27T17:29:23","modified_gmt":"2024-03-27T09:29:23","slug":"panel-mount-usb-type-e-to-usb-3-1-type-c-cable","status":"publish","type":"product","link":"https:\/\/www.fjpremium.com\/pt\/product\/panel-mount-usb-type-e-to-usb-3-1-type-c-cable\/","title":{"rendered":"Cabo de extens\u00e3o de montagem em painel USB Tipo E para USB 3.1 Tipo C Macho para F\u00eamea"},"content":{"rendered":"<p>Revolucione suas solu\u00e7\u00f5es de conectividade com o cabo de extens\u00e3o USB tipo E para USB 3.1 tipo C macho para f\u00eamea para montagem em painel, projetado para se destacar em diversas aplica\u00e7\u00f5es.<\/p>\n<p>Apresentando um conector USB tipo E macho e um conector USB 3.1 tipo C f\u00eamea com mecanismo robusto de travamento por parafuso, este cabo garante conex\u00f5es est\u00e1veis em ambientes desafiadores.<\/p>\n<p>O tipo de porca e parafuso niquelado M3 aumenta ainda mais sua durabilidade, enquanto o condutor de cobre estanhado e a blindagem de camada dupla (folha de alum\u00ednio e tran\u00e7ado) preservam a integridade dos dados para velocidades de transfer\u00eancia de dados extremamente r\u00e1pidas de at\u00e9 10 Gbps.<\/p>\n<p>Suportando resolu\u00e7\u00f5es de at\u00e9 4K a 60 Hz e carregamento r\u00e1pido por USB de at\u00e9 100 W, \u00e9 uma pot\u00eancia para multim\u00eddia de alta defini\u00e7\u00e3o e aplicativos de carregamento r\u00e1pido.<\/p>\n<p><span style=\"font-size: 16px;\">As suas especifica\u00e7\u00f5es:<\/span><\/p>\n<ul>\n<li>Conector 1: USB tipo E macho<\/li>\n<li>Conector 2: USB 3.1 Tipo C f\u00eamea com fecho de rosca<\/li>\n<li>Contacto banhado a ouro, concha banhada a n\u00edquel<\/li>\n<li>Tipo de porca e parafuso: M3 niquelado<\/li>\n<li>Passo do furo: 20\u00b10,5 mm<\/li>\n<li>Condutor do cabo: Cobre estanhado<\/li>\n<li>Bitola do fio: 32AWG<\/li>\n<li>Di\u00e2metro exterior: 4,6 mm<\/li>\n<li>Blindagem: Folha de alum\u00ednio, tran\u00e7a<\/li>\n<li>Carca\u00e7a: Moldagem por inje\u00e7\u00e3o<\/li>\n<li>Revestimento: PVC<\/li>\n<li>Suporta uma resolu\u00e7\u00e3o at\u00e9 4K@60Hz<\/li>\n<li>Transfer\u00eancia\/Sincroniza\u00e7\u00e3o de dados ultra-r\u00e1pida (at\u00e9 10 Gbps), tamb\u00e9m suporta carregamento r\u00e1pido USB at\u00e9 100 W<\/li>\n<li>Conformidade: RoHS, REACH<\/li>\n<\/ul>","protected":false},"excerpt":{"rendered":"<p>Cabo de extens\u00e3o de montagem em painel USB Tipo E para USB 3.1 Tipo C Macho para F\u00eamea com fecho de parafuso, 0,3 M<\/p>","protected":false},"featured_media":24608,"template":"","meta":{"_acf_changed":false,"_seopress_robots_primary_cat":"","_seopress_titles_title":"Panel Mount USB Type-E to USB 3.1 Type C M-F Extension Cable","_seopress_titles_desc":"","_seopress_robots_index":"","site-sidebar-layout":"default","site-content-layout":"default","ast-site-content-layout":"default","site-content-style":"default","site-sidebar-style":"default","ast-global-header-display":"","ast-banner-title-visibility":"","ast-main-header-display":"","ast-hfb-above-header-display":"","ast-hfb-below-header-display":"","ast-hfb-mobile-header-display":"","site-post-title":"","ast-breadcrumbs-content":"","ast-featured-img":"","footer-sml-layout":"","ast-disable-related-posts":"","theme-transparent-header-meta":"default","adv-header-id-meta":"","stick-header-meta":"","header-above-stick-meta":"","header-main-stick-meta":"","header-below-stick-meta":"","astra-migrate-meta-layouts":"set","ast-page-background-enabled":"default","ast-page-background-meta":{"desktop":{"background-color":"","background-image":"","background-repeat":"repeat","background-position":"center center","background-size":"auto","background-attachment":"scroll","background-type":"","background-media":"","overlay-type":"","overlay-color":"","overlay-opacity":"","overlay-gradient":""},"tablet":{"background-color":"","background-image":"","background-repeat":"repeat","background-position":"center center","background-size":"auto","background-attachment":"scroll","background-type":"","background-media":"","overlay-type":"","overlay-color":"","overlay-opacity":"","overlay-gradient":""},"mobile":{"background-color":"","background-image":"","background-repeat":"repeat","background-position":"center center","background-size":"auto","background-attachment":"scroll","background-type":"","background-media":"","overlay-type":"","overlay-color":"","overlay-opacity":"","overlay-gradient":""}},"ast-content-background-meta":{"desktop":{"background-color":"var(--ast-global-color-5)","background-image":"","background-repeat":"repeat","background-position":"center center","background-size":"auto","background-attachment":"scroll","background-type":"","background-media":"","overlay-type":"","overlay-color":"","overlay-opacity":"","overlay-gradient":""},"tablet":{"background-color":"var(--ast-global-color-5)","background-image":"","background-repeat":"repeat","background-position":"center center","background-size":"auto","background-attachment":"scroll","background-type":"","background-media":"","overlay-type":"","overlay-color":"","overlay-opacity":"","overlay-gradient":""},"mobile":{"background-color":"var(--ast-global-color-5)","background-image":"","background-repeat":"repeat","background-position":"center center","background-size":"auto","background-attachment":"scroll","background-type":"","background-media":"","overlay-type":"","overlay-color":"","overlay-opacity":"","overlay-gradient":""}},"iawp_total_views":7},"product_brand":[],"product_cat":[238,678],"product_tag":[],"class_list":{"0":"post-24607","1":"product","2":"type-product","3":"status-publish","4":"has-post-thumbnail","6":"product_cat-panel-mount","7":"product_cat-panel-mount-cables","8":"desktop-align-left","9":"tablet-align-left","10":"mobile-align-left","12":"first","13":"instock","14":"shipping-taxable","15":"purchasable","16":"product-type-simple"},"acf":[],"_links":{"self":[{"href":"https:\/\/www.fjpremium.com\/pt\/wp-json\/wp\/v2\/product\/24607","targetHints":{"allow":["GET"]}}],"collection":[{"href":"https:\/\/www.fjpremium.com\/pt\/wp-json\/wp\/v2\/product"}],"about":[{"href":"https:\/\/www.fjpremium.com\/pt\/wp-json\/wp\/v2\/types\/product"}],"wp:featuredmedia":[{"embeddable":true,"href":"https:\/\/www.fjpremium.com\/pt\/wp-json\/wp\/v2\/media\/24608"}],"wp:attachment":[{"href":"https:\/\/www.fjpremium.com\/pt\/wp-json\/wp\/v2\/media?parent=24607"}],"wp:term":[{"taxonomy":"product_brand","embeddable":true,"href":"https:\/\/www.fjpremium.com\/pt\/wp-json\/wp\/v2\/product_brand?post=24607"},{"taxonomy":"product_cat","embeddable":true,"href":"https:\/\/www.fjpremium.com\/pt\/wp-json\/wp\/v2\/product_cat?post=24607"},{"taxonomy":"product_tag","embeddable":true,"href":"https:\/\/www.fjpremium.com\/pt\/wp-json\/wp\/v2\/product_tag?post=24607"}],"curies":[{"name":"wp","href":"https:\/\/api.w.org\/{rel}","templated":true}]}}