{"id":24591,"date":"2024-01-19T14:06:42","date_gmt":"2024-01-19T06:06:42","guid":{"rendered":"https:\/\/www.fjpremium.com\/?post_type=product&#038;p=24591"},"modified":"2024-03-27T16:50:25","modified_gmt":"2024-03-27T08:50:25","slug":"panel-mount-usb-3-1-type-c-usb-c-cable","status":"publish","type":"product","link":"https:\/\/www.fjpremium.com\/pt\/product\/panel-mount-usb-3-1-type-c-usb-c-cable\/","title":{"rendered":"Montagem em painel Cabo USB 3.1 Tipo C USB-C Macho para Macho"},"content":{"rendered":"<p>No dom\u00ednio da conectividade profissional, o cabo USB 3.1 tipo C USB-C macho para macho de montagem em painel surge como um farol de confiabilidade e efici\u00eancia.<\/p>\n<p>Projetado com aten\u00e7\u00e3o meticulosa aos detalhes, possui uma constru\u00e7\u00e3o robusta com contatos banhados a ouro, revestimento niquelado e porca e parafuso M2 niquelados, garantindo conex\u00f5es firmes mesmo em ambientes exigentes.<\/p>\n<p>Com seu condutor de cobre estanhado, blindagem de folha de alum\u00ednio e tran\u00e7ado, este cabo facilita a transfer\u00eancia cont\u00ednua de dados em velocidades incr\u00edveis de at\u00e9 10 Gbps, acomodando resolu\u00e7\u00f5es de at\u00e9 4K a 60 Hz e suportando carregamento r\u00e1pido USB de at\u00e9 100 W.<\/p>\n<p>Desde configura\u00e7\u00f5es profissionais at\u00e9 uso pessoal, este cabo \u00e9 uma prova de desempenho e durabilidade incompar\u00e1veis.<\/p>\n<p><span style=\"font-size: 16px;\">As suas especifica\u00e7\u00f5es:<\/span><\/p>\n<ul>\n<li>Conector 1: USB 3.1 Tipo C macho com haste roscada<\/li>\n<li>Conector 2: USB 3.1 Tipo C macho<\/li>\n<li>Contacto banhado a ouro, concha banhada a n\u00edquel<\/li>\n<li>Tipo de porca e parafuso: M2 niquelado<\/li>\n<li>Passo do furo: 7mm<\/li>\n<li>Condutor do cabo: Cobre estanhado<\/li>\n<li>Bitola do fio: 32\/32\/21AWG<\/li>\n<li>Di\u00e2metro exterior: 4,5\u00b10,2mm<\/li>\n<li>Blindagem: Folha de alum\u00ednio, tran\u00e7a<\/li>\n<li>Carca\u00e7a: Moldagem por inje\u00e7\u00e3o<\/li>\n<li>Revestimento: PVC<\/li>\n<li>Suporta uma resolu\u00e7\u00e3o at\u00e9 4K@60Hz<\/li>\n<li>Transfer\u00eancia\/Sincroniza\u00e7\u00e3o de dados ultra-r\u00e1pida (at\u00e9 10 Gbps), tamb\u00e9m suporta carregamento r\u00e1pido USB at\u00e9 100 W<\/li>\n<li>Conformidade: RoHS, REACH<\/li>\n<\/ul>","protected":false},"excerpt":{"rendered":"<p>Cabo de montagem em painel USB 3.1 Tipo C USB-C Macho para Macho com fecho de parafuso, 0,5M-2M<\/p>","protected":false},"featured_media":24594,"template":"","meta":{"_acf_changed":false,"_seopress_robots_primary_cat":"","_seopress_titles_title":"Panel Mount USB 3.1 Type C USB-C Male to Male Cable","_seopress_titles_desc":"","_seopress_robots_index":"","site-sidebar-layout":"default","site-content-layout":"default","ast-site-content-layout":"default","site-content-style":"default","site-sidebar-style":"default","ast-global-header-display":"","ast-banner-title-visibility":"","ast-main-header-display":"","ast-hfb-above-header-display":"","ast-hfb-below-header-display":"","ast-hfb-mobile-header-display":"","site-post-title":"","ast-breadcrumbs-content":"","ast-featured-img":"","footer-sml-layout":"","ast-disable-related-posts":"","theme-transparent-header-meta":"default","adv-header-id-meta":"","stick-header-meta":"","header-above-stick-meta":"","header-main-stick-meta":"","header-below-stick-meta":"","astra-migrate-meta-layouts":"set","ast-page-background-enabled":"default","ast-page-background-meta":{"desktop":{"background-color":"","background-image":"","background-repeat":"repeat","background-position":"center center","background-size":"auto","background-attachment":"scroll","background-type":"","background-media":"","overlay-type":"","overlay-color":"","overlay-opacity":"","overlay-gradient":""},"tablet":{"background-color":"","background-image":"","background-repeat":"repeat","background-position":"center center","background-size":"auto","background-attachment":"scroll","background-type":"","background-media":"","overlay-type":"","overlay-color":"","overlay-opacity":"","overlay-gradient":""},"mobile":{"background-color":"","background-image":"","background-repeat":"repeat","background-position":"center center","background-size":"auto","background-attachment":"scroll","background-type":"","background-media":"","overlay-type":"","overlay-color":"","overlay-opacity":"","overlay-gradient":""}},"ast-content-background-meta":{"desktop":{"background-color":"var(--ast-global-color-5)","background-image":"","background-repeat":"repeat","background-position":"center center","background-size":"auto","background-attachment":"scroll","background-type":"","background-media":"","overlay-type":"","overlay-color":"","overlay-opacity":"","overlay-gradient":""},"tablet":{"background-color":"var(--ast-global-color-5)","background-image":"","background-repeat":"repeat","background-position":"center center","background-size":"auto","background-attachment":"scroll","background-type":"","background-media":"","overlay-type":"","overlay-color":"","overlay-opacity":"","overlay-gradient":""},"mobile":{"background-color":"var(--ast-global-color-5)","background-image":"","background-repeat":"repeat","background-position":"center center","background-size":"auto","background-attachment":"scroll","background-type":"","background-media":"","overlay-type":"","overlay-color":"","overlay-opacity":"","overlay-gradient":""}},"iawp_total_views":13},"product_brand":[],"product_cat":[238,678],"product_tag":[],"class_list":{"0":"post-24591","1":"product","2":"type-product","3":"status-publish","4":"has-post-thumbnail","6":"product_cat-panel-mount","7":"product_cat-panel-mount-cables","8":"desktop-align-left","9":"tablet-align-left","10":"mobile-align-left","12":"first","13":"instock","14":"shipping-taxable","15":"purchasable","16":"product-type-simple"},"acf":[],"_links":{"self":[{"href":"https:\/\/www.fjpremium.com\/pt\/wp-json\/wp\/v2\/product\/24591","targetHints":{"allow":["GET"]}}],"collection":[{"href":"https:\/\/www.fjpremium.com\/pt\/wp-json\/wp\/v2\/product"}],"about":[{"href":"https:\/\/www.fjpremium.com\/pt\/wp-json\/wp\/v2\/types\/product"}],"wp:featuredmedia":[{"embeddable":true,"href":"https:\/\/www.fjpremium.com\/pt\/wp-json\/wp\/v2\/media\/24594"}],"wp:attachment":[{"href":"https:\/\/www.fjpremium.com\/pt\/wp-json\/wp\/v2\/media?parent=24591"}],"wp:term":[{"taxonomy":"product_brand","embeddable":true,"href":"https:\/\/www.fjpremium.com\/pt\/wp-json\/wp\/v2\/product_brand?post=24591"},{"taxonomy":"product_cat","embeddable":true,"href":"https:\/\/www.fjpremium.com\/pt\/wp-json\/wp\/v2\/product_cat?post=24591"},{"taxonomy":"product_tag","embeddable":true,"href":"https:\/\/www.fjpremium.com\/pt\/wp-json\/wp\/v2\/product_tag?post=24591"}],"curies":[{"name":"wp","href":"https:\/\/api.w.org\/{rel}","templated":true}]}}