{"id":24545,"date":"2024-01-19T10:56:17","date_gmt":"2024-01-19T02:56:17","guid":{"rendered":"https:\/\/www.fjpremium.com\/?post_type=product&#038;p=24545"},"modified":"2024-03-27T14:53:39","modified_gmt":"2024-03-27T06:53:39","slug":"panel-mount-micro-usb-3-0-to-usb-a-cable","status":"publish","type":"product","link":"https:\/\/www.fjpremium.com\/pt\/product\/panel-mount-micro-usb-3-0-to-usb-a-cable\/","title":{"rendered":"Montagem em painel Cabo Micro USB 3.0 macho para USB A macho com parafuso"},"content":{"rendered":"<p>O cabo Micro USB 3.0 macho para USB A macho para montagem em painel \u00e9 uma solu\u00e7\u00e3o de alta qualidade para diversas aplica\u00e7\u00f5es.<\/p>\n<p>Apresentando Micro USB 3.0 macho com trava de parafuso e conectores USB 3.0 A macho, ele garante fixa\u00e7\u00e3o segura com porcas e parafusos M2 niquelados em um furo de 19 \u00b1 0,5 mm.<\/p>\n<p>Com condutores de cobre nu e bitola de fio 28\/28\/24AWG, garante \u00f3tima transmiss\u00e3o de sinal. Blindado por folha de alum\u00ednio e tran\u00e7ado, oferece prote\u00e7\u00e3o contra interfer\u00eancias.<\/p>\n<p>Suporta dispositivos USB 3.0 de supervelocidade a 5 Gbps e compatibilidade retroativa com USB 2.0, \u00e9 vers\u00e1til para diferentes necessidades.<\/p>\n<p><span style=\"font-size: 16px;\">As suas especifica\u00e7\u00f5es:<\/span><\/p>\n<ul>\n<li>Conector 1: Micro USB 3.0 macho com fecho de rosca<\/li>\n<li>Conector 2: USB 3.0 A macho<\/li>\n<li>Contacto banhado a ouro, concha banhada a n\u00edquel<\/li>\n<li>Tipo de porca e parafuso: M2 niquelado<\/li>\n<li>Passo do furo: 19\u00b10,5 mm<\/li>\n<li>Condutor do cabo: Cobre nu<\/li>\n<li>Bitola do fio: 28\/28\/24AWG<\/li>\n<li>Di\u00e2metro exterior: 5,5\u00b10,15mm<\/li>\n<li>Blindagem: Folha de alum\u00ednio, tran\u00e7a<\/li>\n<li>Carca\u00e7a: Moldagem por inje\u00e7\u00e3o<\/li>\n<li>Revestimento: PVC<\/li>\n<li>Suporta dispositivos USB 3.0 de alta velocidade e a taxa de transfer\u00eancia atinge os 5 Gbps<\/li>\n<li>Conformidade com vers\u00f5es anteriores de USB 2.0 de alta velocidade (480 Mbps), USB 1.1 de velocidade total (12 Mbps) e USB 1.0 de baixa velocidade (1,5 Mbps)<\/li>\n<li>Conformidade: RoHS, REACH<\/li>\n<\/ul>","protected":false},"excerpt":{"rendered":"<p>Montagem em painel Cabo Micro USB 3.0 macho para USB A macho com fixa\u00e7\u00e3o por parafuso, 0,5M-3M<\/p>","protected":false},"featured_media":24549,"template":"","meta":{"_acf_changed":false,"_seopress_robots_primary_cat":"","_seopress_titles_title":"Panel Mount Micro USB 3.0 male to USB A male Cable","_seopress_titles_desc":"","_seopress_robots_index":"","site-sidebar-layout":"default","site-content-layout":"default","ast-site-content-layout":"default","site-content-style":"default","site-sidebar-style":"default","ast-global-header-display":"","ast-banner-title-visibility":"","ast-main-header-display":"","ast-hfb-above-header-display":"","ast-hfb-below-header-display":"","ast-hfb-mobile-header-display":"","site-post-title":"","ast-breadcrumbs-content":"","ast-featured-img":"","footer-sml-layout":"","ast-disable-related-posts":"","theme-transparent-header-meta":"default","adv-header-id-meta":"","stick-header-meta":"","header-above-stick-meta":"","header-main-stick-meta":"","header-below-stick-meta":"","astra-migrate-meta-layouts":"set","ast-page-background-enabled":"default","ast-page-background-meta":{"desktop":{"background-color":"","background-image":"","background-repeat":"repeat","background-position":"center center","background-size":"auto","background-attachment":"scroll","background-type":"","background-media":"","overlay-type":"","overlay-color":"","overlay-opacity":"","overlay-gradient":""},"tablet":{"background-color":"","background-image":"","background-repeat":"repeat","background-position":"center center","background-size":"auto","background-attachment":"scroll","background-type":"","background-media":"","overlay-type":"","overlay-color":"","overlay-opacity":"","overlay-gradient":""},"mobile":{"background-color":"","background-image":"","background-repeat":"repeat","background-position":"center center","background-size":"auto","background-attachment":"scroll","background-type":"","background-media":"","overlay-type":"","overlay-color":"","overlay-opacity":"","overlay-gradient":""}},"ast-content-background-meta":{"desktop":{"background-color":"var(--ast-global-color-5)","background-image":"","background-repeat":"repeat","background-position":"center center","background-size":"auto","background-attachment":"scroll","background-type":"","background-media":"","overlay-type":"","overlay-color":"","overlay-opacity":"","overlay-gradient":""},"tablet":{"background-color":"var(--ast-global-color-5)","background-image":"","background-repeat":"repeat","background-position":"center center","background-size":"auto","background-attachment":"scroll","background-type":"","background-media":"","overlay-type":"","overlay-color":"","overlay-opacity":"","overlay-gradient":""},"mobile":{"background-color":"var(--ast-global-color-5)","background-image":"","background-repeat":"repeat","background-position":"center center","background-size":"auto","background-attachment":"scroll","background-type":"","background-media":"","overlay-type":"","overlay-color":"","overlay-opacity":"","overlay-gradient":""}},"iawp_total_views":5},"product_brand":[],"product_cat":[238,678],"product_tag":[],"class_list":{"0":"post-24545","1":"product","2":"type-product","3":"status-publish","4":"has-post-thumbnail","6":"product_cat-panel-mount","7":"product_cat-panel-mount-cables","8":"desktop-align-left","9":"tablet-align-left","10":"mobile-align-left","12":"first","13":"instock","14":"shipping-taxable","15":"purchasable","16":"product-type-simple"},"acf":[],"_links":{"self":[{"href":"https:\/\/www.fjpremium.com\/pt\/wp-json\/wp\/v2\/product\/24545","targetHints":{"allow":["GET"]}}],"collection":[{"href":"https:\/\/www.fjpremium.com\/pt\/wp-json\/wp\/v2\/product"}],"about":[{"href":"https:\/\/www.fjpremium.com\/pt\/wp-json\/wp\/v2\/types\/product"}],"wp:featuredmedia":[{"embeddable":true,"href":"https:\/\/www.fjpremium.com\/pt\/wp-json\/wp\/v2\/media\/24549"}],"wp:attachment":[{"href":"https:\/\/www.fjpremium.com\/pt\/wp-json\/wp\/v2\/media?parent=24545"}],"wp:term":[{"taxonomy":"product_brand","embeddable":true,"href":"https:\/\/www.fjpremium.com\/pt\/wp-json\/wp\/v2\/product_brand?post=24545"},{"taxonomy":"product_cat","embeddable":true,"href":"https:\/\/www.fjpremium.com\/pt\/wp-json\/wp\/v2\/product_cat?post=24545"},{"taxonomy":"product_tag","embeddable":true,"href":"https:\/\/www.fjpremium.com\/pt\/wp-json\/wp\/v2\/product_tag?post=24545"}],"curies":[{"name":"wp","href":"https:\/\/api.w.org\/{rel}","templated":true}]}}