{"id":24495,"date":"2024-01-18T09:48:58","date_gmt":"2024-01-18T01:48:58","guid":{"rendered":"https:\/\/www.fjpremium.com\/?post_type=product&#038;p=24495"},"modified":"2024-03-29T09:42:09","modified_gmt":"2024-03-29T01:42:09","slug":"panel-mount-usb-3-0-a-to-b-cable","status":"publish","type":"product","link":"https:\/\/www.fjpremium.com\/pt\/product\/panel-mount-usb-3-0-a-to-b-cable\/","title":{"rendered":"Cabo de extens\u00e3o USB 3.0 A para B para montagem em painel, macho para f\u00eamea"},"content":{"rendered":"<p>Exemplificando a conectividade de primeira linha, o cabo de extens\u00e3o USB 3.0 A para B para montagem em painel foi projetado para diversas aplica\u00e7\u00f5es.<\/p>\n<p>Ostentando um conector USB 3.0 A macho e um conector USB 3.0 B f\u00eamea com travamento seguro por parafuso, ele garante conex\u00f5es firmes.<\/p>\n<p>Suporta dispositivos USB 3.0 de super velocidade com taxa de transfer\u00eancia de 5 Gbps e compatibilidade retroativa com USB 2.0, oferece versatilidade.<\/p>\n<p>Fabricado com materiais dur\u00e1veis, incluindo condutores de cobre nu e blindagem tran\u00e7ada de folha de alum\u00ednio, garante conectividade est\u00e1vel.<\/p>\n<p>Da automa\u00e7\u00e3o industrial \u00e0s configura\u00e7\u00f5es multim\u00eddia, este cabo oferece desempenho confi\u00e1vel em todos os aspectos.<\/p>\n<p><span style=\"font-size: 16px;\">As suas especifica\u00e7\u00f5es:<\/span><\/p>\n<ul>\n<li>Conector 1: USB 3.0 A macho<\/li>\n<li>Conector 2: USB 3.0 B f\u00eamea com fecho de rosca<\/li>\n<li>Contacto banhado a ouro, concha banhada a n\u00edquel<\/li>\n<li>Tipo de porca e parafuso: M3 niquelado<\/li>\n<li>Passo do furo: 30\u00b10,5 mm<\/li>\n<li>Condutor do cabo: Cobre nu<\/li>\n<li>Bitola do fio: 28\/28\/24AWG<\/li>\n<li>Di\u00e2metro exterior: 5,5\u00b10,15mm<\/li>\n<li>Blindagem: Folha de alum\u00ednio, tran\u00e7a<\/li>\n<li>Carca\u00e7a: Moldagem por inje\u00e7\u00e3o<\/li>\n<li>Revestimento: PVC<\/li>\n<li>Suporta dispositivos USB 3.0 de alta velocidade e a taxa de transfer\u00eancia atinge os 5 Gbps<\/li>\n<li>Conformidade com vers\u00f5es anteriores de USB 2.0 de alta velocidade (480 Mbps), USB 1.1 de velocidade total (12 Mbps) e USB 1.0 de baixa velocidade (1,5 Mbps)<\/li>\n<li>Conformidade: RoHS, REACH<\/li>\n<\/ul>","protected":false},"excerpt":{"rendered":"<p>Cabo de extens\u00e3o USB 3.0 A a B para montagem em painel, macho para f\u00eamea com fixa\u00e7\u00e3o por parafuso, 0,3 M<\/p>","protected":false},"featured_media":25224,"template":"","meta":{"_acf_changed":false,"_seopress_robots_primary_cat":"","_seopress_titles_title":"Panel Mount USB 3.0 A to B Extension Cable, Male to Female","_seopress_titles_desc":"","_seopress_robots_index":"","site-sidebar-layout":"default","site-content-layout":"default","ast-site-content-layout":"default","site-content-style":"default","site-sidebar-style":"default","ast-global-header-display":"","ast-banner-title-visibility":"","ast-main-header-display":"","ast-hfb-above-header-display":"","ast-hfb-below-header-display":"","ast-hfb-mobile-header-display":"","site-post-title":"","ast-breadcrumbs-content":"","ast-featured-img":"","footer-sml-layout":"","ast-disable-related-posts":"","theme-transparent-header-meta":"default","adv-header-id-meta":"","stick-header-meta":"","header-above-stick-meta":"","header-main-stick-meta":"","header-below-stick-meta":"","astra-migrate-meta-layouts":"set","ast-page-background-enabled":"default","ast-page-background-meta":{"desktop":{"background-color":"","background-image":"","background-repeat":"repeat","background-position":"center center","background-size":"auto","background-attachment":"scroll","background-type":"","background-media":"","overlay-type":"","overlay-color":"","overlay-opacity":"","overlay-gradient":""},"tablet":{"background-color":"","background-image":"","background-repeat":"repeat","background-position":"center center","background-size":"auto","background-attachment":"scroll","background-type":"","background-media":"","overlay-type":"","overlay-color":"","overlay-opacity":"","overlay-gradient":""},"mobile":{"background-color":"","background-image":"","background-repeat":"repeat","background-position":"center center","background-size":"auto","background-attachment":"scroll","background-type":"","background-media":"","overlay-type":"","overlay-color":"","overlay-opacity":"","overlay-gradient":""}},"ast-content-background-meta":{"desktop":{"background-color":"var(--ast-global-color-5)","background-image":"","background-repeat":"repeat","background-position":"center center","background-size":"auto","background-attachment":"scroll","background-type":"","background-media":"","overlay-type":"","overlay-color":"","overlay-opacity":"","overlay-gradient":""},"tablet":{"background-color":"var(--ast-global-color-5)","background-image":"","background-repeat":"repeat","background-position":"center center","background-size":"auto","background-attachment":"scroll","background-type":"","background-media":"","overlay-type":"","overlay-color":"","overlay-opacity":"","overlay-gradient":""},"mobile":{"background-color":"var(--ast-global-color-5)","background-image":"","background-repeat":"repeat","background-position":"center center","background-size":"auto","background-attachment":"scroll","background-type":"","background-media":"","overlay-type":"","overlay-color":"","overlay-opacity":"","overlay-gradient":""}},"iawp_total_views":51},"product_brand":[],"product_cat":[238,678],"product_tag":[],"class_list":{"0":"post-24495","1":"product","2":"type-product","3":"status-publish","4":"has-post-thumbnail","6":"product_cat-panel-mount","7":"product_cat-panel-mount-cables","8":"desktop-align-left","9":"tablet-align-left","10":"mobile-align-left","12":"first","13":"instock","14":"shipping-taxable","15":"purchasable","16":"product-type-simple"},"acf":[],"_links":{"self":[{"href":"https:\/\/www.fjpremium.com\/pt\/wp-json\/wp\/v2\/product\/24495","targetHints":{"allow":["GET"]}}],"collection":[{"href":"https:\/\/www.fjpremium.com\/pt\/wp-json\/wp\/v2\/product"}],"about":[{"href":"https:\/\/www.fjpremium.com\/pt\/wp-json\/wp\/v2\/types\/product"}],"wp:featuredmedia":[{"embeddable":true,"href":"https:\/\/www.fjpremium.com\/pt\/wp-json\/wp\/v2\/media\/25224"}],"wp:attachment":[{"href":"https:\/\/www.fjpremium.com\/pt\/wp-json\/wp\/v2\/media?parent=24495"}],"wp:term":[{"taxonomy":"product_brand","embeddable":true,"href":"https:\/\/www.fjpremium.com\/pt\/wp-json\/wp\/v2\/product_brand?post=24495"},{"taxonomy":"product_cat","embeddable":true,"href":"https:\/\/www.fjpremium.com\/pt\/wp-json\/wp\/v2\/product_cat?post=24495"},{"taxonomy":"product_tag","embeddable":true,"href":"https:\/\/www.fjpremium.com\/pt\/wp-json\/wp\/v2\/product_tag?post=24495"}],"curies":[{"name":"wp","href":"https:\/\/api.w.org\/{rel}","templated":true}]}}