{"id":24481,"date":"2024-01-17T15:32:00","date_gmt":"2024-01-17T07:32:00","guid":{"rendered":"https:\/\/www.fjpremium.com\/?post_type=product&#038;p=24481"},"modified":"2024-03-27T10:34:25","modified_gmt":"2024-03-27T02:34:25","slug":"90-angle-20pin-motherboard-panel-mount-cale","status":"publish","type":"product","link":"https:\/\/www.fjpremium.com\/pt\/product\/90-angle-20pin-motherboard-panel-mount-cale\/","title":{"rendered":"Cabo de montagem em painel vertical duplo USB 3.0 A f\u00eamea para placa-m\u00e3e 20PIN com \u00e2ngulo de 90\u00b0"},"content":{"rendered":"<p>Este cabo oferece uma solu\u00e7\u00e3o \u00fanica para conectar dispositivos de forma eficiente. Seu conector f\u00eamea da placa-m\u00e3e de 20 pinos com \u00e2ngulo de 90 \u00b0 e dois conectores f\u00eamea USB 3.0 Tipo A com travamento por parafuso garantem conex\u00f5es seguras e convenientes, mesmo em espa\u00e7os apertados.<\/p>\n<p>Suportando dispositivos USB 3.0 de super velocidade com uma taxa de transfer\u00eancia de at\u00e9 5 Gbps e compatibilidade retroativa com USB 2.0, garante transfer\u00eancia r\u00e1pida de dados entre v\u00e1rios dispositivos.<\/p>\n<p>Constru\u00eddo com materiais dur\u00e1veis e em conformidade com os regulamentos RoHS e REACH, atende a padr\u00f5es de alta qualidade, garantindo seguran\u00e7a e responsabilidade ambiental.<\/p>\n<p>Ideal para constru\u00e7\u00f5es de PC personalizadas e configura\u00e7\u00f5es industriais, este cabo fornece conectividade confi\u00e1vel para diversas aplica\u00e7\u00f5es, tornando-o uma adi\u00e7\u00e3o valiosa a qualquer sistema.<\/p>\n<p><span style=\"font-size: 16px;\">As suas especifica\u00e7\u00f5es:<\/span><\/p>\n<ul>\n<li>Conector 1: Placa-m\u00e3e 20PIN f\u00eamea com \u00e2ngulo de 90\u00b0<\/li>\n<li>Conector 2: Duplo USB 3.0 Tipo -A f\u00eamea com fecho de rosca<\/li>\n<li>Contacto banhado a ouro, concha banhada a n\u00edquel<\/li>\n<li>Tipo de porca e parafuso: M3 niquelado<\/li>\n<li>Passo do furo: 30\u00b10,5 mm<\/li>\n<li>Condutor do cabo: Cobre nu<\/li>\n<li>Bitola do fio: 28\/28\/24AWG<\/li>\n<li>Di\u00e2metro exterior: 5,5\u00b10,15mm<\/li>\n<li>Blindagem: Folha de alum\u00ednio, tran\u00e7a<\/li>\n<li>Carca\u00e7a: Moldagem por inje\u00e7\u00e3o<\/li>\n<li>Revestimento: PVC<\/li>\n<li>Suporta dispositivos USB 3.0 de alta velocidade e a taxa de transfer\u00eancia atinge os 5 Gbps<\/li>\n<li>Conformidade com vers\u00f5es anteriores de USB 2.0 de alta velocidade (480 Mbps), USB 1.1 de velocidade total (12 Mbps) e USB 1.0 de baixa velocidade (1,5 Mbps)<\/li>\n<li>Conformidade: RoHS, REACH<\/li>\n<\/ul>","protected":false},"excerpt":{"rendered":"<p>\u00c2ngulo 20PIN f\u00eamea da placa-m\u00e3e para duplo USB 3.0 A f\u00eamea vertical Cabo de montagem em painel com fixa\u00e7\u00e3o por parafuso, 0,3M<\/p>","protected":false},"featured_media":24484,"template":"","meta":{"_acf_changed":false,"_seopress_robots_primary_cat":"","_seopress_titles_title":"90\u00b0 Angle 20PIN MotherBoard Panel Mount Cable","_seopress_titles_desc":"","_seopress_robots_index":"","site-sidebar-layout":"default","site-content-layout":"default","ast-site-content-layout":"default","site-content-style":"default","site-sidebar-style":"default","ast-global-header-display":"","ast-banner-title-visibility":"","ast-main-header-display":"","ast-hfb-above-header-display":"","ast-hfb-below-header-display":"","ast-hfb-mobile-header-display":"","site-post-title":"","ast-breadcrumbs-content":"","ast-featured-img":"","footer-sml-layout":"","ast-disable-related-posts":"","theme-transparent-header-meta":"default","adv-header-id-meta":"","stick-header-meta":"","header-above-stick-meta":"","header-main-stick-meta":"","header-below-stick-meta":"","astra-migrate-meta-layouts":"set","ast-page-background-enabled":"default","ast-page-background-meta":{"desktop":{"background-color":"","background-image":"","background-repeat":"repeat","background-position":"center center","background-size":"auto","background-attachment":"scroll","background-type":"","background-media":"","overlay-type":"","overlay-color":"","overlay-opacity":"","overlay-gradient":""},"tablet":{"background-color":"","background-image":"","background-repeat":"repeat","background-position":"center center","background-size":"auto","background-attachment":"scroll","background-type":"","background-media":"","overlay-type":"","overlay-color":"","overlay-opacity":"","overlay-gradient":""},"mobile":{"background-color":"","background-image":"","background-repeat":"repeat","background-position":"center center","background-size":"auto","background-attachment":"scroll","background-type":"","background-media":"","overlay-type":"","overlay-color":"","overlay-opacity":"","overlay-gradient":""}},"ast-content-background-meta":{"desktop":{"background-color":"var(--ast-global-color-5)","background-image":"","background-repeat":"repeat","background-position":"center center","background-size":"auto","background-attachment":"scroll","background-type":"","background-media":"","overlay-type":"","overlay-color":"","overlay-opacity":"","overlay-gradient":""},"tablet":{"background-color":"var(--ast-global-color-5)","background-image":"","background-repeat":"repeat","background-position":"center center","background-size":"auto","background-attachment":"scroll","background-type":"","background-media":"","overlay-type":"","overlay-color":"","overlay-opacity":"","overlay-gradient":""},"mobile":{"background-color":"var(--ast-global-color-5)","background-image":"","background-repeat":"repeat","background-position":"center center","background-size":"auto","background-attachment":"scroll","background-type":"","background-media":"","overlay-type":"","overlay-color":"","overlay-opacity":"","overlay-gradient":""}},"iawp_total_views":5},"product_brand":[],"product_cat":[238,678],"product_tag":[],"class_list":{"0":"post-24481","1":"product","2":"type-product","3":"status-publish","4":"has-post-thumbnail","6":"product_cat-panel-mount","7":"product_cat-panel-mount-cables","8":"desktop-align-left","9":"tablet-align-left","10":"mobile-align-left","12":"first","13":"instock","14":"shipping-taxable","15":"purchasable","16":"product-type-simple"},"acf":[],"_links":{"self":[{"href":"https:\/\/www.fjpremium.com\/pt\/wp-json\/wp\/v2\/product\/24481","targetHints":{"allow":["GET"]}}],"collection":[{"href":"https:\/\/www.fjpremium.com\/pt\/wp-json\/wp\/v2\/product"}],"about":[{"href":"https:\/\/www.fjpremium.com\/pt\/wp-json\/wp\/v2\/types\/product"}],"wp:featuredmedia":[{"embeddable":true,"href":"https:\/\/www.fjpremium.com\/pt\/wp-json\/wp\/v2\/media\/24484"}],"wp:attachment":[{"href":"https:\/\/www.fjpremium.com\/pt\/wp-json\/wp\/v2\/media?parent=24481"}],"wp:term":[{"taxonomy":"product_brand","embeddable":true,"href":"https:\/\/www.fjpremium.com\/pt\/wp-json\/wp\/v2\/product_brand?post=24481"},{"taxonomy":"product_cat","embeddable":true,"href":"https:\/\/www.fjpremium.com\/pt\/wp-json\/wp\/v2\/product_cat?post=24481"},{"taxonomy":"product_tag","embeddable":true,"href":"https:\/\/www.fjpremium.com\/pt\/wp-json\/wp\/v2\/product_tag?post=24481"}],"curies":[{"name":"wp","href":"https:\/\/api.w.org\/{rel}","templated":true}]}}