{"id":24372,"date":"2024-01-17T11:27:50","date_gmt":"2024-01-17T03:27:50","guid":{"rendered":"https:\/\/www.fjpremium.com\/?post_type=product&#038;p=24372"},"modified":"2024-03-25T15:14:42","modified_gmt":"2024-03-25T07:14:42","slug":"5pin-motherboard-to-usb-2-0-a-panel-mount-cable","status":"publish","type":"product","link":"https:\/\/www.fjpremium.com\/pt\/product\/5pin-motherboard-to-usb-2-0-a-panel-mount-cable\/","title":{"rendered":"Cabo de montagem em painel de 5 pinos da placa-m\u00e3e para USB 2.0 A f\u00eamea"},"content":{"rendered":"<p>Melhore a conectividade do seu sistema com nossa placa-m\u00e3e de 5 pinos para cabo f\u00eamea de montagem em painel USB 2.0 A. Criado para extens\u00f5es seguras, garante transfer\u00eancia de dados cont\u00ednua e conex\u00f5es confi\u00e1veis.<\/p>\n<p>Apresentando porcas e parafusos M3 niquelados para um ajuste seguro e blindagem tran\u00e7ada de folha de alum\u00ednio para interfer\u00eancia m\u00ednima.<\/p>\n<p>Com suporte para USB 2.0 de alta velocidade e taxa de transfer\u00eancia de 480 Mbps, \u00e9 perfeito para diversas aplica\u00e7\u00f5es.<\/p>\n<p>Atualize sua configura\u00e7\u00e3o sem esfor\u00e7o com nosso cabo confi\u00e1vel e de alto desempenho.<\/p>\n<p>As suas especifica\u00e7\u00f5es:<\/p>\n<ul>\n<li>Conector 1: 5 pinos f\u00eamea da placa-m\u00e3e<\/li>\n<li>Conector 2: USB 2.0 Tipo A f\u00eamea com fecho de rosca<\/li>\n<li>Contacto banhado a ouro, concha banhada a n\u00edquel<\/li>\n<li>Tipo de porca e parafuso: M3 niquelado<\/li>\n<li>Passo do furo: 30\u00b10,5 mm<\/li>\n<li>Condutor do cabo: Cobre nu<\/li>\n<li>Bitola do fio: 28\/24AWG<\/li>\n<li>Di\u00e2metro exterior: 4,5\u00b10,2mm<\/li>\n<li>Blindagem: Folha de alum\u00ednio, tran\u00e7a<\/li>\n<li>Carca\u00e7a: Moldagem por inje\u00e7\u00e3o<\/li>\n<li>Revestimento: PVC<\/li>\n<li>Suporta dispositivos USB 2.0 de alta velocidade e a taxa de transfer\u00eancia atinge os 480Mbps<\/li>\n<li>Conformidade com vers\u00f5es anteriores de USB 1.1 de velocidade total (12 Mbps) e USB 1.0 de baixa velocidade (1,5 Mbps)<\/li>\n<li>Conformidade: RoHS, REACH<\/li>\n<\/ul>","protected":false},"excerpt":{"rendered":"<p>Cabo de montagem em painel de 5 pinos da placa-m\u00e3e para USB 2.0 A f\u00eamea com fixa\u00e7\u00e3o por parafuso, 0,3 M<\/p>","protected":false},"featured_media":24374,"template":"","meta":{"_acf_changed":false,"_seopress_robots_primary_cat":"","_seopress_titles_title":"5Pin MotherBoard to USB 2.0 A female Panel Mount Cable","_seopress_titles_desc":"","_seopress_robots_index":"","site-sidebar-layout":"default","site-content-layout":"default","ast-site-content-layout":"default","site-content-style":"default","site-sidebar-style":"default","ast-global-header-display":"","ast-banner-title-visibility":"","ast-main-header-display":"","ast-hfb-above-header-display":"","ast-hfb-below-header-display":"","ast-hfb-mobile-header-display":"","site-post-title":"","ast-breadcrumbs-content":"","ast-featured-img":"","footer-sml-layout":"","ast-disable-related-posts":"","theme-transparent-header-meta":"default","adv-header-id-meta":"","stick-header-meta":"","header-above-stick-meta":"","header-main-stick-meta":"","header-below-stick-meta":"","astra-migrate-meta-layouts":"set","ast-page-background-enabled":"default","ast-page-background-meta":{"desktop":{"background-color":"","background-image":"","background-repeat":"repeat","background-position":"center center","background-size":"auto","background-attachment":"scroll","background-type":"","background-media":"","overlay-type":"","overlay-color":"","overlay-opacity":"","overlay-gradient":""},"tablet":{"background-color":"","background-image":"","background-repeat":"repeat","background-position":"center center","background-size":"auto","background-attachment":"scroll","background-type":"","background-media":"","overlay-type":"","overlay-color":"","overlay-opacity":"","overlay-gradient":""},"mobile":{"background-color":"","background-image":"","background-repeat":"repeat","background-position":"center center","background-size":"auto","background-attachment":"scroll","background-type":"","background-media":"","overlay-type":"","overlay-color":"","overlay-opacity":"","overlay-gradient":""}},"ast-content-background-meta":{"desktop":{"background-color":"var(--ast-global-color-5)","background-image":"","background-repeat":"repeat","background-position":"center center","background-size":"auto","background-attachment":"scroll","background-type":"","background-media":"","overlay-type":"","overlay-color":"","overlay-opacity":"","overlay-gradient":""},"tablet":{"background-color":"var(--ast-global-color-5)","background-image":"","background-repeat":"repeat","background-position":"center center","background-size":"auto","background-attachment":"scroll","background-type":"","background-media":"","overlay-type":"","overlay-color":"","overlay-opacity":"","overlay-gradient":""},"mobile":{"background-color":"var(--ast-global-color-5)","background-image":"","background-repeat":"repeat","background-position":"center center","background-size":"auto","background-attachment":"scroll","background-type":"","background-media":"","overlay-type":"","overlay-color":"","overlay-opacity":"","overlay-gradient":""}},"iawp_total_views":6},"product_brand":[],"product_cat":[238,678],"product_tag":[],"class_list":{"0":"post-24372","1":"product","2":"type-product","3":"status-publish","4":"has-post-thumbnail","6":"product_cat-panel-mount","7":"product_cat-panel-mount-cables","8":"desktop-align-left","9":"tablet-align-left","10":"mobile-align-left","12":"first","13":"instock","14":"shipping-taxable","15":"purchasable","16":"product-type-simple"},"acf":[],"_links":{"self":[{"href":"https:\/\/www.fjpremium.com\/pt\/wp-json\/wp\/v2\/product\/24372","targetHints":{"allow":["GET"]}}],"collection":[{"href":"https:\/\/www.fjpremium.com\/pt\/wp-json\/wp\/v2\/product"}],"about":[{"href":"https:\/\/www.fjpremium.com\/pt\/wp-json\/wp\/v2\/types\/product"}],"wp:featuredmedia":[{"embeddable":true,"href":"https:\/\/www.fjpremium.com\/pt\/wp-json\/wp\/v2\/media\/24374"}],"wp:attachment":[{"href":"https:\/\/www.fjpremium.com\/pt\/wp-json\/wp\/v2\/media?parent=24372"}],"wp:term":[{"taxonomy":"product_brand","embeddable":true,"href":"https:\/\/www.fjpremium.com\/pt\/wp-json\/wp\/v2\/product_brand?post=24372"},{"taxonomy":"product_cat","embeddable":true,"href":"https:\/\/www.fjpremium.com\/pt\/wp-json\/wp\/v2\/product_cat?post=24372"},{"taxonomy":"product_tag","embeddable":true,"href":"https:\/\/www.fjpremium.com\/pt\/wp-json\/wp\/v2\/product_tag?post=24372"}],"curies":[{"name":"wp","href":"https:\/\/api.w.org\/{rel}","templated":true}]}}