{"id":24331,"date":"2024-01-17T09:54:11","date_gmt":"2024-01-17T01:54:11","guid":{"rendered":"https:\/\/www.fjpremium.com\/?post_type=product&#038;p=24331"},"modified":"2024-03-25T13:24:44","modified_gmt":"2024-03-25T05:24:44","slug":"mini-dp-panel-mount-cable","status":"publish","type":"product","link":"https:\/\/www.fjpremium.com\/pt\/product\/mini-dp-panel-mount-cable\/","title":{"rendered":"Cabo Mini DP para montagem em painel, cabo Mini DisplayPort f\u00eamea para Displayport f\u00eamea"},"content":{"rendered":"<p>Cabo de montagem em painel FARSINCE Mini DP, projetado para oferecer qualidade e confiabilidade premium.<\/p>\n<p>Com conectores banhados a ouro em ambas as extremidades, este cabo garante condutividade e longevidade excepcionais. O mecanismo de travamento por parafuso no conector f\u00eamea DisplayPort garante uma conex\u00e3o segura e est\u00e1vel.<\/p>\n<p>Seu condutor de cobre estanhado e bitola de fio 32AWG garantem transmiss\u00e3o de sinal ideal sem comprometimento. Envolvido em uma caixa moldada por inje\u00e7\u00e3o e uma capa de PVC, a durabilidade \u00e9 priorizada, mantendo a flexibilidade.<\/p>\n<p>Com suporte para largura de banda de alta taxa de bits (HBR) e resolu\u00e7\u00e3o de at\u00e9 4K, este cabo atende aos padr\u00f5es DisplayPort 1.2 sem esfor\u00e7o.<\/p>\n<p>Em conformidade com os regulamentos RoHS e REACH, este cabo \u00e9 ecologicamente correto.<\/p>\n<p>As suas especifica\u00e7\u00f5es:<\/p>\n<ul>\n<li>Conector 1: Mini DisplayPort f\u00eamea, banhado a ouro<\/li>\n<li>Conector 2: DisplayPort f\u00eamea com fecho de parafuso, contacto banhado a ouro, concha banhada a n\u00edquel<\/li>\n<li>Tipo de porca e parafuso: M3 niquelado<\/li>\n<li>Passo do furo: 27\u00b10,5 mm<\/li>\n<li>Condutor do cabo: Cobre estanhado<\/li>\n<li>Bitola do fio: 32AWG<\/li>\n<li>Di\u00e2metro exterior: 5,0\u00b10,2mm<\/li>\n<li>Blindagem: Folha de alum\u00ednio, tran\u00e7a<\/li>\n<li>Carca\u00e7a: Moldagem por inje\u00e7\u00e3o<\/li>\n<li>Revestimento: PVC<\/li>\n<li>Suporta uma largura de banda de alta taxa de bits (HBR) e uma resolu\u00e7\u00e3o at\u00e9 4K<\/li>\n<li>Constru\u00eddo de acordo com a norma DisplayPort 1.2<\/li>\n<li>Conformidade: RoHS, REACH<\/li>\n<\/ul>","protected":false},"excerpt":{"rendered":"<p>Cabo de montagem em painel Mini DP de alta velocidade, cabo adaptador macho para f\u00eamea com fecho de parafuso, 0,2 M<\/p>","protected":false},"featured_media":24332,"template":"","meta":{"_acf_changed":false,"_seopress_robots_primary_cat":"","_seopress_titles_title":"Mini DP Panel Mount Cable, Mini DisplayPort to Displayport","_seopress_titles_desc":"","_seopress_robots_index":"","site-sidebar-layout":"default","site-content-layout":"default","ast-site-content-layout":"default","site-content-style":"default","site-sidebar-style":"default","ast-global-header-display":"","ast-banner-title-visibility":"","ast-main-header-display":"","ast-hfb-above-header-display":"","ast-hfb-below-header-display":"","ast-hfb-mobile-header-display":"","site-post-title":"","ast-breadcrumbs-content":"","ast-featured-img":"","footer-sml-layout":"","ast-disable-related-posts":"","theme-transparent-header-meta":"default","adv-header-id-meta":"","stick-header-meta":"","header-above-stick-meta":"","header-main-stick-meta":"","header-below-stick-meta":"","astra-migrate-meta-layouts":"set","ast-page-background-enabled":"default","ast-page-background-meta":{"desktop":{"background-color":"","background-image":"","background-repeat":"repeat","background-position":"center center","background-size":"auto","background-attachment":"scroll","background-type":"","background-media":"","overlay-type":"","overlay-color":"","overlay-opacity":"","overlay-gradient":""},"tablet":{"background-color":"","background-image":"","background-repeat":"repeat","background-position":"center center","background-size":"auto","background-attachment":"scroll","background-type":"","background-media":"","overlay-type":"","overlay-color":"","overlay-opacity":"","overlay-gradient":""},"mobile":{"background-color":"","background-image":"","background-repeat":"repeat","background-position":"center center","background-size":"auto","background-attachment":"scroll","background-type":"","background-media":"","overlay-type":"","overlay-color":"","overlay-opacity":"","overlay-gradient":""}},"ast-content-background-meta":{"desktop":{"background-color":"var(--ast-global-color-5)","background-image":"","background-repeat":"repeat","background-position":"center center","background-size":"auto","background-attachment":"scroll","background-type":"","background-media":"","overlay-type":"","overlay-color":"","overlay-opacity":"","overlay-gradient":""},"tablet":{"background-color":"var(--ast-global-color-5)","background-image":"","background-repeat":"repeat","background-position":"center center","background-size":"auto","background-attachment":"scroll","background-type":"","background-media":"","overlay-type":"","overlay-color":"","overlay-opacity":"","overlay-gradient":""},"mobile":{"background-color":"var(--ast-global-color-5)","background-image":"","background-repeat":"repeat","background-position":"center center","background-size":"auto","background-attachment":"scroll","background-type":"","background-media":"","overlay-type":"","overlay-color":"","overlay-opacity":"","overlay-gradient":""}},"iawp_total_views":7},"product_brand":[],"product_cat":[238,678],"product_tag":[],"class_list":{"0":"post-24331","1":"product","2":"type-product","3":"status-publish","4":"has-post-thumbnail","6":"product_cat-panel-mount","7":"product_cat-panel-mount-cables","8":"desktop-align-left","9":"tablet-align-left","10":"mobile-align-left","12":"first","13":"instock","14":"shipping-taxable","15":"purchasable","16":"product-type-simple"},"acf":[],"_links":{"self":[{"href":"https:\/\/www.fjpremium.com\/pt\/wp-json\/wp\/v2\/product\/24331","targetHints":{"allow":["GET"]}}],"collection":[{"href":"https:\/\/www.fjpremium.com\/pt\/wp-json\/wp\/v2\/product"}],"about":[{"href":"https:\/\/www.fjpremium.com\/pt\/wp-json\/wp\/v2\/types\/product"}],"wp:featuredmedia":[{"embeddable":true,"href":"https:\/\/www.fjpremium.com\/pt\/wp-json\/wp\/v2\/media\/24332"}],"wp:attachment":[{"href":"https:\/\/www.fjpremium.com\/pt\/wp-json\/wp\/v2\/media?parent=24331"}],"wp:term":[{"taxonomy":"product_brand","embeddable":true,"href":"https:\/\/www.fjpremium.com\/pt\/wp-json\/wp\/v2\/product_brand?post=24331"},{"taxonomy":"product_cat","embeddable":true,"href":"https:\/\/www.fjpremium.com\/pt\/wp-json\/wp\/v2\/product_cat?post=24331"},{"taxonomy":"product_tag","embeddable":true,"href":"https:\/\/www.fjpremium.com\/pt\/wp-json\/wp\/v2\/product_tag?post=24331"}],"curies":[{"name":"wp","href":"https:\/\/api.w.org\/{rel}","templated":true}]}}