{"id":24309,"date":"2024-01-16T17:40:09","date_gmt":"2024-01-16T09:40:09","guid":{"rendered":"https:\/\/www.fjpremium.com\/?post_type=product&#038;p=24309"},"modified":"2024-03-21T16:14:39","modified_gmt":"2024-03-21T08:14:39","slug":"angle-displayport-panel-mount-cable","status":"publish","type":"product","link":"https:\/\/www.fjpremium.com\/pt\/product\/angle-displayport-panel-mount-cable\/","title":{"rendered":"Cabo de montagem em painel Angle DisplayPort, cabo de extens\u00e3o DP 1.2 macho para f\u00eamea"},"content":{"rendered":"<p>Cabo de montagem em painel FARSINCE Angle DisplayPort: Perfeito para conectividade perfeita em espa\u00e7os apertados. Com quatro tipos de \u00e2ngulos dispon\u00edveis (Esquerda, Direita, Cima, Baixo), conseguir a conex\u00e3o perfeita \u00e9 f\u00e1cil.<\/p>\n<p>Este cabo de extens\u00e3o DP 1.2 macho para f\u00eamea \u00e9 ideal para combinar dois cabos DisplayPort atrav\u00e9s de um painel. Fabricado com condutor de cobre estanhado, folha de alum\u00ednio e blindagem tran\u00e7ada, juntamente com um inv\u00f3lucro ABS para Angle DisplayPort macho e moldagem por inje\u00e7\u00e3o para DisplayPort f\u00eamea, a durabilidade \u00e9 garantida.<\/p>\n<p>Experimente a impressionante resolu\u00e7\u00e3o 4K e suporte para largura de banda de alta taxa de bits, tudo desenvolvido de acordo com os padr\u00f5es DisplayPort 1.2. Al\u00e9m disso, com as certifica\u00e7\u00f5es RoHS e REACH e uma garantia de 2 anos, a qualidade e a tranquilidade est\u00e3o garantidas. Eleve sua conectividade hoje.<\/p>\n<p>As suas especifica\u00e7\u00f5es:<\/p>\n<ul>\n<li>Conector 1: DisplayPort macho \u00c2ngulo, banhado a ouro<\/li>\n<li>Conector 2: DisplayPort f\u00eamea com fecho de parafuso, contacto banhado a ouro, concha banhada a n\u00edquel<\/li>\n<li>Tipo de porca e parafuso: M3 niquelado<\/li>\n<li>Passo do furo: 25\u00b11mm<\/li>\n<li>Condutor do cabo: Cobre estanhado<\/li>\n<li>Isolamento: Espuma de PE SKIN\/HDPE<\/li>\n<li>Bitola do fio: 28AWG<\/li>\n<li>Di\u00e2metro exterior: 7,3\u00b10,2mm<\/li>\n<li>Blindagem: Folha de alum\u00ednio, tran\u00e7a<\/li>\n<li>Caixa: Concha em ABS para DisplayPort macho, moldagem por inje\u00e7\u00e3o para DisplayPort f\u00eamea<\/li>\n<li>Revestimento: PVC<\/li>\n<li>Tipos de \u00e2ngulos dispon\u00edveis: Esquerda, Direita, Cima, Baixo<\/li>\n<li>Suporta uma largura de banda de alta taxa de bits (HBR) e uma resolu\u00e7\u00e3o at\u00e9 4K<\/li>\n<li>Constru\u00eddo de acordo com a norma DisplayPort 1.2<\/li>\n<li>Conformidade: RoHS, REACH<\/li>\n<\/ul>","protected":false},"excerpt":{"rendered":"<p>Cabo de montagem em painel DisplayPort angular de alta velocidade, cabo adaptador macho-f\u00eamea com fecho de parafuso, 0,2 M<\/p>","protected":false},"featured_media":24316,"template":"","meta":{"_acf_changed":false,"_seopress_robots_primary_cat":"","_seopress_titles_title":"Angle DisplayPort Panel Mount Cable, DP Extension Cable","_seopress_titles_desc":"","_seopress_robots_index":"","site-sidebar-layout":"default","site-content-layout":"default","ast-site-content-layout":"default","site-content-style":"default","site-sidebar-style":"default","ast-global-header-display":"","ast-banner-title-visibility":"","ast-main-header-display":"","ast-hfb-above-header-display":"","ast-hfb-below-header-display":"","ast-hfb-mobile-header-display":"","site-post-title":"","ast-breadcrumbs-content":"","ast-featured-img":"","footer-sml-layout":"","ast-disable-related-posts":"","theme-transparent-header-meta":"default","adv-header-id-meta":"","stick-header-meta":"","header-above-stick-meta":"","header-main-stick-meta":"","header-below-stick-meta":"","astra-migrate-meta-layouts":"set","ast-page-background-enabled":"default","ast-page-background-meta":{"desktop":{"background-color":"","background-image":"","background-repeat":"repeat","background-position":"center center","background-size":"auto","background-attachment":"scroll","background-type":"","background-media":"","overlay-type":"","overlay-color":"","overlay-opacity":"","overlay-gradient":""},"tablet":{"background-color":"","background-image":"","background-repeat":"repeat","background-position":"center center","background-size":"auto","background-attachment":"scroll","background-type":"","background-media":"","overlay-type":"","overlay-color":"","overlay-opacity":"","overlay-gradient":""},"mobile":{"background-color":"","background-image":"","background-repeat":"repeat","background-position":"center center","background-size":"auto","background-attachment":"scroll","background-type":"","background-media":"","overlay-type":"","overlay-color":"","overlay-opacity":"","overlay-gradient":""}},"ast-content-background-meta":{"desktop":{"background-color":"var(--ast-global-color-5)","background-image":"","background-repeat":"repeat","background-position":"center center","background-size":"auto","background-attachment":"scroll","background-type":"","background-media":"","overlay-type":"","overlay-color":"","overlay-opacity":"","overlay-gradient":""},"tablet":{"background-color":"var(--ast-global-color-5)","background-image":"","background-repeat":"repeat","background-position":"center center","background-size":"auto","background-attachment":"scroll","background-type":"","background-media":"","overlay-type":"","overlay-color":"","overlay-opacity":"","overlay-gradient":""},"mobile":{"background-color":"var(--ast-global-color-5)","background-image":"","background-repeat":"repeat","background-position":"center center","background-size":"auto","background-attachment":"scroll","background-type":"","background-media":"","overlay-type":"","overlay-color":"","overlay-opacity":"","overlay-gradient":""}},"iawp_total_views":4},"product_brand":[],"product_cat":[238,678],"product_tag":[],"class_list":{"0":"post-24309","1":"product","2":"type-product","3":"status-publish","4":"has-post-thumbnail","6":"product_cat-panel-mount","7":"product_cat-panel-mount-cables","8":"desktop-align-left","9":"tablet-align-left","10":"mobile-align-left","12":"first","13":"instock","14":"shipping-taxable","15":"purchasable","16":"product-type-simple"},"acf":[],"_links":{"self":[{"href":"https:\/\/www.fjpremium.com\/pt\/wp-json\/wp\/v2\/product\/24309","targetHints":{"allow":["GET"]}}],"collection":[{"href":"https:\/\/www.fjpremium.com\/pt\/wp-json\/wp\/v2\/product"}],"about":[{"href":"https:\/\/www.fjpremium.com\/pt\/wp-json\/wp\/v2\/types\/product"}],"wp:featuredmedia":[{"embeddable":true,"href":"https:\/\/www.fjpremium.com\/pt\/wp-json\/wp\/v2\/media\/24316"}],"wp:attachment":[{"href":"https:\/\/www.fjpremium.com\/pt\/wp-json\/wp\/v2\/media?parent=24309"}],"wp:term":[{"taxonomy":"product_brand","embeddable":true,"href":"https:\/\/www.fjpremium.com\/pt\/wp-json\/wp\/v2\/product_brand?post=24309"},{"taxonomy":"product_cat","embeddable":true,"href":"https:\/\/www.fjpremium.com\/pt\/wp-json\/wp\/v2\/product_cat?post=24309"},{"taxonomy":"product_tag","embeddable":true,"href":"https:\/\/www.fjpremium.com\/pt\/wp-json\/wp\/v2\/product_tag?post=24309"}],"curies":[{"name":"wp","href":"https:\/\/api.w.org\/{rel}","templated":true}]}}