{"id":24265,"date":"2024-01-16T15:33:42","date_gmt":"2024-01-16T07:33:42","guid":{"rendered":"https:\/\/www.fjpremium.com\/?post_type=product&#038;p=24265"},"modified":"2024-03-21T11:33:01","modified_gmt":"2024-03-21T03:33:01","slug":"4k-angled-hdmi-2-0-panel-mount-cable","status":"publish","type":"product","link":"https:\/\/www.fjpremium.com\/pt\/product\/4k-angled-hdmi-2-0-panel-mount-cable\/","title":{"rendered":"Cabo de montagem em painel HDMI 2.0 angular 4K, cabo de extens\u00e3o macho-f\u00eamea"},"content":{"rendered":"<p>Apresentando nosso cabo angular HDMI 2.0 para montagem em painel, uma solu\u00e7\u00e3o elegante para suas necessidades de conectividade. Escolha entre os tipos de \u00e2ngulo esquerdo, direito, para cima ou para baixo para se adequar perfeitamente \u00e0 sua configura\u00e7\u00e3o.<\/p>\n<p>Fabricado com conectores banhados a ouro e um condutor de cobre puro, espere uma transmiss\u00e3o de sinal de primeira linha. Protegido com folha de alum\u00ednio e tran\u00e7ado, e envolto em uma capa de PVC dur\u00e1vel, a confiabilidade \u00e9 garantida.<\/p>\n<p>Desfrute de resolu\u00e7\u00f5es de v\u00eddeo vibrantes de at\u00e9 4K a 60 Hz e largura de banda de 18 Gbps, com suporte para v\u00eddeo 3D, Deep Color e xv Color\u2122.<\/p>\n<p>Atualize sua experi\u00eancia multim\u00eddia com nosso vers\u00e1til cabo de extens\u00e3o para montagem em painel HDMI Angle hoje.<\/p>\n<p>As suas especifica\u00e7\u00f5es:<\/p>\n<ul>\n<li>Conector 1: HDMI 2.0 macho angular, banhado a ouro<\/li>\n<li>Conector 2: HDMI 2.0 f\u00eamea com fecho de parafuso, banhado a ouro<\/li>\n<li>Tipo de porca e parafuso: M3 niquelado<\/li>\n<li>Passo do furo: 29\u00b11mm<\/li>\n<li>Condutor do cabo: Cobre nu<\/li>\n<li>Bitola do fio: 28+30AWG<\/li>\n<li>Di\u00e2metro exterior: 7,3 mm<\/li>\n<li>Blindagem: Folha de alum\u00ednio, tran\u00e7a<\/li>\n<li>Carca\u00e7a: Moldagem por inje\u00e7\u00e3o<\/li>\n<li>Revestimento: PVC<\/li>\n<li>Tipos de \u00e2ngulos dispon\u00edveis: Esquerda, Direita, Cima, Baixo<\/li>\n<li>Largura de banda at\u00e9 18 Gbps<\/li>\n<li>Resolu\u00e7\u00e3o de v\u00eddeo at\u00e9 4K@60Hz<\/li>\n<li>V\u00eddeo 3D, Deep Color e x.v. Color\u2122<\/li>\n<li>Conformidade: RoHS, REACH<\/li>\n<\/ul>","protected":false},"excerpt":{"rendered":"<p>Cabo de montagem em painel HDMI 2.0 angular 4K de alta velocidade, cabo adaptador macho-f\u00eamea com fecho de parafuso, 0,2 M<\/p>","protected":false},"featured_media":24267,"template":"","meta":{"_acf_changed":false,"_seopress_robots_primary_cat":"","_seopress_titles_title":"4K Angled HDMI 2.0 Panel Mount Cable- Farsince","_seopress_titles_desc":"","_seopress_robots_index":"","site-sidebar-layout":"default","site-content-layout":"default","ast-site-content-layout":"default","site-content-style":"default","site-sidebar-style":"default","ast-global-header-display":"","ast-banner-title-visibility":"","ast-main-header-display":"","ast-hfb-above-header-display":"","ast-hfb-below-header-display":"","ast-hfb-mobile-header-display":"","site-post-title":"","ast-breadcrumbs-content":"","ast-featured-img":"","footer-sml-layout":"","ast-disable-related-posts":"","theme-transparent-header-meta":"default","adv-header-id-meta":"","stick-header-meta":"","header-above-stick-meta":"","header-main-stick-meta":"","header-below-stick-meta":"","astra-migrate-meta-layouts":"set","ast-page-background-enabled":"default","ast-page-background-meta":{"desktop":{"background-color":"","background-image":"","background-repeat":"repeat","background-position":"center center","background-size":"auto","background-attachment":"scroll","background-type":"","background-media":"","overlay-type":"","overlay-color":"","overlay-opacity":"","overlay-gradient":""},"tablet":{"background-color":"","background-image":"","background-repeat":"repeat","background-position":"center center","background-size":"auto","background-attachment":"scroll","background-type":"","background-media":"","overlay-type":"","overlay-color":"","overlay-opacity":"","overlay-gradient":""},"mobile":{"background-color":"","background-image":"","background-repeat":"repeat","background-position":"center center","background-size":"auto","background-attachment":"scroll","background-type":"","background-media":"","overlay-type":"","overlay-color":"","overlay-opacity":"","overlay-gradient":""}},"ast-content-background-meta":{"desktop":{"background-color":"var(--ast-global-color-5)","background-image":"","background-repeat":"repeat","background-position":"center center","background-size":"auto","background-attachment":"scroll","background-type":"","background-media":"","overlay-type":"","overlay-color":"","overlay-opacity":"","overlay-gradient":""},"tablet":{"background-color":"var(--ast-global-color-5)","background-image":"","background-repeat":"repeat","background-position":"center center","background-size":"auto","background-attachment":"scroll","background-type":"","background-media":"","overlay-type":"","overlay-color":"","overlay-opacity":"","overlay-gradient":""},"mobile":{"background-color":"var(--ast-global-color-5)","background-image":"","background-repeat":"repeat","background-position":"center center","background-size":"auto","background-attachment":"scroll","background-type":"","background-media":"","overlay-type":"","overlay-color":"","overlay-opacity":"","overlay-gradient":""}},"iawp_total_views":12},"product_brand":[],"product_cat":[238,678],"product_tag":[],"class_list":{"0":"post-24265","1":"product","2":"type-product","3":"status-publish","4":"has-post-thumbnail","6":"product_cat-panel-mount","7":"product_cat-panel-mount-cables","8":"desktop-align-left","9":"tablet-align-left","10":"mobile-align-left","12":"first","13":"instock","14":"shipping-taxable","15":"purchasable","16":"product-type-simple"},"acf":[],"_links":{"self":[{"href":"https:\/\/www.fjpremium.com\/pt\/wp-json\/wp\/v2\/product\/24265","targetHints":{"allow":["GET"]}}],"collection":[{"href":"https:\/\/www.fjpremium.com\/pt\/wp-json\/wp\/v2\/product"}],"about":[{"href":"https:\/\/www.fjpremium.com\/pt\/wp-json\/wp\/v2\/types\/product"}],"wp:featuredmedia":[{"embeddable":true,"href":"https:\/\/www.fjpremium.com\/pt\/wp-json\/wp\/v2\/media\/24267"}],"wp:attachment":[{"href":"https:\/\/www.fjpremium.com\/pt\/wp-json\/wp\/v2\/media?parent=24265"}],"wp:term":[{"taxonomy":"product_brand","embeddable":true,"href":"https:\/\/www.fjpremium.com\/pt\/wp-json\/wp\/v2\/product_brand?post=24265"},{"taxonomy":"product_cat","embeddable":true,"href":"https:\/\/www.fjpremium.com\/pt\/wp-json\/wp\/v2\/product_cat?post=24265"},{"taxonomy":"product_tag","embeddable":true,"href":"https:\/\/www.fjpremium.com\/pt\/wp-json\/wp\/v2\/product_tag?post=24265"}],"curies":[{"name":"wp","href":"https:\/\/api.w.org\/{rel}","templated":true}]}}