{"id":24249,"date":"2024-01-16T14:43:01","date_gmt":"2024-01-16T06:43:01","guid":{"rendered":"https:\/\/www.fjpremium.com\/?post_type=product&#038;p=24249"},"modified":"2024-03-20T15:43:25","modified_gmt":"2024-03-20T07:43:25","slug":"8k-45-angle-hdmi-panel-mount-cable","status":"publish","type":"product","link":"https:\/\/www.fjpremium.com\/pt\/product\/8k-45-angle-hdmi-panel-mount-cable\/","title":{"rendered":"Cabo de montagem em painel HDMI 8K com \u00e2ngulo de 45\u00b0, f\u00eamea para f\u00eamea"},"content":{"rendered":"<p>Cabo de montagem em painel HDMI FARSINCE 8K com \u00e2ngulo de 45 \u00b0 - projetado para conectividade cont\u00ednua de alta defini\u00e7\u00e3o em espa\u00e7os apertados.<\/p>\n<p>Com um conector f\u00eamea em uma extremidade e um conector f\u00eamea de 45 graus com travamento por parafuso M3 niquelado e passo de furo de 25 \u00b1 1 mm na outra, a instala\u00e7\u00e3o \u00e9 f\u00e1cil.<\/p>\n<p>Constru\u00eddo com um condutor de cobre nu e bitola de fio 28 + 30 AWG, garante uma transmiss\u00e3o de sinal confi\u00e1vel.<\/p>\n<p>Protegido por folha de alum\u00ednio e tran\u00e7ado dentro de uma capa de PVC dur\u00e1vel, oferece prote\u00e7\u00e3o m\u00e1xima.<\/p>\n<p>Suportando resolu\u00e7\u00f5es de at\u00e9 8K a 60 Hz e 48 Gbps, bem como v\u00eddeo 3D, Deep Color e xv Color\u2122, oferece desempenho excepcional para todas as suas necessidades multim\u00eddia.<\/p>\n<p>As suas especifica\u00e7\u00f5es:<\/p>\n<ul>\n<li>Conector 1: HDMI 2.1 f\u00eamea<\/li>\n<li>Conector 2: HDMI 2.1 f\u00eamea em \u00e2ngulo de 45\u00b0 com fecho de parafuso<\/li>\n<li>Tipo de porca e parafuso: M3 niquelado<\/li>\n<li>Passo do furo: 25\u00b11mm<\/li>\n<li>Acabamento do conetor: contacto banhado a ouro, concha banhada a ouro<\/li>\n<li>Condutor do cabo: Cobre nu<\/li>\n<li>Bitola do fio: 28+30AWG<\/li>\n<li>Di\u00e2metro exterior: 7,3 mm<\/li>\n<li>Blindagem: Folha de alum\u00ednio, tran\u00e7a<\/li>\n<li>Carca\u00e7a: Moldagem por inje\u00e7\u00e3o<\/li>\n<li>Revestimento: PVC<\/li>\n<li>Suporta resolu\u00e7\u00f5es de v\u00eddeo at\u00e9 8K@60Hz, 48Gbps<\/li>\n<li>V\u00eddeo 3D, Deep Color e x.v. Color\u2122<\/li>\n<li>Conformidade: RoHS, REACH<\/li>\n<\/ul>","protected":false},"excerpt":{"rendered":"<p>Cabo de montagem em painel HDMI de \u00e2ngulo de 45\u00b0 de alta velocidade, cabo adaptador de \u00e2ngulo f\u00eamea para f\u00eamea com fecho de parafuso, 0,2M<\/p>","protected":false},"featured_media":24253,"template":"","meta":{"_acf_changed":false,"_seopress_robots_primary_cat":"","_seopress_titles_title":"8K 45\u00b0 Angle HDMI Panel Mount Cable- Farsince","_seopress_titles_desc":"","_seopress_robots_index":"","site-sidebar-layout":"default","site-content-layout":"default","ast-site-content-layout":"default","site-content-style":"default","site-sidebar-style":"default","ast-global-header-display":"","ast-banner-title-visibility":"","ast-main-header-display":"","ast-hfb-above-header-display":"","ast-hfb-below-header-display":"","ast-hfb-mobile-header-display":"","site-post-title":"","ast-breadcrumbs-content":"","ast-featured-img":"","footer-sml-layout":"","ast-disable-related-posts":"","theme-transparent-header-meta":"default","adv-header-id-meta":"","stick-header-meta":"","header-above-stick-meta":"","header-main-stick-meta":"","header-below-stick-meta":"","astra-migrate-meta-layouts":"set","ast-page-background-enabled":"default","ast-page-background-meta":{"desktop":{"background-color":"","background-image":"","background-repeat":"repeat","background-position":"center center","background-size":"auto","background-attachment":"scroll","background-type":"","background-media":"","overlay-type":"","overlay-color":"","overlay-opacity":"","overlay-gradient":""},"tablet":{"background-color":"","background-image":"","background-repeat":"repeat","background-position":"center center","background-size":"auto","background-attachment":"scroll","background-type":"","background-media":"","overlay-type":"","overlay-color":"","overlay-opacity":"","overlay-gradient":""},"mobile":{"background-color":"","background-image":"","background-repeat":"repeat","background-position":"center center","background-size":"auto","background-attachment":"scroll","background-type":"","background-media":"","overlay-type":"","overlay-color":"","overlay-opacity":"","overlay-gradient":""}},"ast-content-background-meta":{"desktop":{"background-color":"var(--ast-global-color-5)","background-image":"","background-repeat":"repeat","background-position":"center center","background-size":"auto","background-attachment":"scroll","background-type":"","background-media":"","overlay-type":"","overlay-color":"","overlay-opacity":"","overlay-gradient":""},"tablet":{"background-color":"var(--ast-global-color-5)","background-image":"","background-repeat":"repeat","background-position":"center center","background-size":"auto","background-attachment":"scroll","background-type":"","background-media":"","overlay-type":"","overlay-color":"","overlay-opacity":"","overlay-gradient":""},"mobile":{"background-color":"var(--ast-global-color-5)","background-image":"","background-repeat":"repeat","background-position":"center center","background-size":"auto","background-attachment":"scroll","background-type":"","background-media":"","overlay-type":"","overlay-color":"","overlay-opacity":"","overlay-gradient":""}},"iawp_total_views":7},"product_brand":[],"product_cat":[238,678],"product_tag":[],"class_list":{"0":"post-24249","1":"product","2":"type-product","3":"status-publish","4":"has-post-thumbnail","6":"product_cat-panel-mount","7":"product_cat-panel-mount-cables","8":"desktop-align-left","9":"tablet-align-left","10":"mobile-align-left","12":"first","13":"instock","14":"shipping-taxable","15":"purchasable","16":"product-type-simple"},"acf":[],"_links":{"self":[{"href":"https:\/\/www.fjpremium.com\/pt\/wp-json\/wp\/v2\/product\/24249","targetHints":{"allow":["GET"]}}],"collection":[{"href":"https:\/\/www.fjpremium.com\/pt\/wp-json\/wp\/v2\/product"}],"about":[{"href":"https:\/\/www.fjpremium.com\/pt\/wp-json\/wp\/v2\/types\/product"}],"wp:featuredmedia":[{"embeddable":true,"href":"https:\/\/www.fjpremium.com\/pt\/wp-json\/wp\/v2\/media\/24253"}],"wp:attachment":[{"href":"https:\/\/www.fjpremium.com\/pt\/wp-json\/wp\/v2\/media?parent=24249"}],"wp:term":[{"taxonomy":"product_brand","embeddable":true,"href":"https:\/\/www.fjpremium.com\/pt\/wp-json\/wp\/v2\/product_brand?post=24249"},{"taxonomy":"product_cat","embeddable":true,"href":"https:\/\/www.fjpremium.com\/pt\/wp-json\/wp\/v2\/product_cat?post=24249"},{"taxonomy":"product_tag","embeddable":true,"href":"https:\/\/www.fjpremium.com\/pt\/wp-json\/wp\/v2\/product_tag?post=24249"}],"curies":[{"name":"wp","href":"https:\/\/api.w.org\/{rel}","templated":true}]}}