{"id":24200,"date":"2023-12-27T10:24:02","date_gmt":"2023-12-27T02:24:02","guid":{"rendered":"https:\/\/www.fjpremium.com\/?post_type=product&#038;p=24200"},"modified":"2023-12-27T11:11:25","modified_gmt":"2023-12-27T03:11:25","slug":"high-speed-hdmi-2-0-cable-4k-60hz","status":"publish","type":"product","link":"https:\/\/www.fjpremium.com\/pt\/product\/high-speed-hdmi-2-0-cable-4k-60hz\/","title":{"rendered":"Cabo HDMI 2.0 de alta velocidade com Ethernet 4K 60Hz"},"content":{"rendered":"<p>O cabo FARSINCE HDMI 2.0 de alta velocidade com Ethernet \u00e9 ideal para aplica\u00e7\u00f5es de home theater ou de \u00e1udio e v\u00eddeo de secret\u00e1ria que requerem caracter\u00edsticas HDMI de alta velocidade e resolu\u00e7\u00f5es de v\u00eddeo at\u00e9 4k@60Hz (2160p). As capacidades Ethernet do cabo permitem ao utilizador ligar v\u00e1rios dispositivos HDMI com Ethernet atrav\u00e9s de uma \u00fanica liga\u00e7\u00e3o Ethernet para aceder a conte\u00fados interactivos online ou atualizar o firmware do dispositivo.<\/p>\n<p>As suas especifica\u00e7\u00f5es:<\/p>\n<ul>\n<li>Conector 1: HDMI 2.0 macho, banhado a ouro<\/li>\n<li>Conector 2: HDMI 2.0 macho, banhado a ouro<\/li>\n<li>Condutor do cabo: Cobre sem oxig\u00e9nio de alta pureza<\/li>\n<li>Bitola do fio: 30AWG (1-3M), 28\/30AWG (5M), 26\/30AWG (7,5-10m), 24\/28AWG (15M-20M)<\/li>\n<li>Blindagem tripla: Folha de alum\u00ednio de par individual, folha de alum\u00ednio geral, tran\u00e7a<\/li>\n<li>Carca\u00e7a: Molde de inje\u00e7\u00e3o<\/li>\n<li>Revestimento: PVC<\/li>\n<li>Suporta comandos de controlo CEC 2.0<\/li>\n<li>Resolu\u00e7\u00e3o at\u00e9 4096 x 2160 @ 60 Hz<\/li>\n<li>Transfer\u00eancia de dados at\u00e9 18Gbps<\/li>\n<li>Suporta Dolby\u00ae TrueHD e DTS-HD Master Audio\u2122, HDR<\/li>\n<li>Cont\u00e9m canal de retorno de \u00e1udio (ARC)<\/li>\n<li>Utiliza um novo espa\u00e7o de cor avan\u00e7ado para apresenta\u00e7\u00e3o de imagens digitais<\/li>\n<li>Conformidade: RoHS, REACH<\/li>\n<\/ul>","protected":false},"excerpt":{"rendered":"<p>Cabo HDMI 2.0 de alta velocidade com Ethernet, suporta 4k@60Hz, 3D, ARC, HDR, CEC 2.0, suporta o r\u00e1cio de aspeto de cinema 21:9.<\/p>","protected":false},"featured_media":24213,"template":"","meta":{"_acf_changed":false,"_seopress_robots_primary_cat":"","_seopress_titles_title":"High Speed With Ethernet HDMI 2.0 Cable 4K 60Hz - Farsince","_seopress_titles_desc":"","_seopress_robots_index":"","site-sidebar-layout":"default","site-content-layout":"default","ast-site-content-layout":"default","site-content-style":"default","site-sidebar-style":"default","ast-global-header-display":"","ast-banner-title-visibility":"","ast-main-header-display":"","ast-hfb-above-header-display":"","ast-hfb-below-header-display":"","ast-hfb-mobile-header-display":"","site-post-title":"","ast-breadcrumbs-content":"","ast-featured-img":"","footer-sml-layout":"","ast-disable-related-posts":"","theme-transparent-header-meta":"default","adv-header-id-meta":"","stick-header-meta":"","header-above-stick-meta":"","header-main-stick-meta":"","header-below-stick-meta":"","astra-migrate-meta-layouts":"set","ast-page-background-enabled":"default","ast-page-background-meta":{"desktop":{"background-color":"","background-image":"","background-repeat":"repeat","background-position":"center center","background-size":"auto","background-attachment":"scroll","background-type":"","background-media":"","overlay-type":"","overlay-color":"","overlay-opacity":"","overlay-gradient":""},"tablet":{"background-color":"","background-image":"","background-repeat":"repeat","background-position":"center center","background-size":"auto","background-attachment":"scroll","background-type":"","background-media":"","overlay-type":"","overlay-color":"","overlay-opacity":"","overlay-gradient":""},"mobile":{"background-color":"","background-image":"","background-repeat":"repeat","background-position":"center center","background-size":"auto","background-attachment":"scroll","background-type":"","background-media":"","overlay-type":"","overlay-color":"","overlay-opacity":"","overlay-gradient":""}},"ast-content-background-meta":{"desktop":{"background-color":"var(--ast-global-color-5)","background-image":"","background-repeat":"repeat","background-position":"center center","background-size":"auto","background-attachment":"scroll","background-type":"","background-media":"","overlay-type":"","overlay-color":"","overlay-opacity":"","overlay-gradient":""},"tablet":{"background-color":"var(--ast-global-color-5)","background-image":"","background-repeat":"repeat","background-position":"center center","background-size":"auto","background-attachment":"scroll","background-type":"","background-media":"","overlay-type":"","overlay-color":"","overlay-opacity":"","overlay-gradient":""},"mobile":{"background-color":"var(--ast-global-color-5)","background-image":"","background-repeat":"repeat","background-position":"center center","background-size":"auto","background-attachment":"scroll","background-type":"","background-media":"","overlay-type":"","overlay-color":"","overlay-opacity":"","overlay-gradient":""}},"iawp_total_views":11},"product_brand":[],"product_cat":[211,638],"product_tag":[],"class_list":{"0":"post-24200","1":"product","2":"type-product","3":"status-publish","4":"has-post-thumbnail","6":"product_cat-hdmi","7":"product_cat-hdmi-cables","8":"desktop-align-left","9":"tablet-align-left","10":"mobile-align-left","12":"first","13":"instock","14":"shipping-taxable","15":"purchasable","16":"product-type-simple"},"acf":[],"_links":{"self":[{"href":"https:\/\/www.fjpremium.com\/pt\/wp-json\/wp\/v2\/product\/24200","targetHints":{"allow":["GET"]}}],"collection":[{"href":"https:\/\/www.fjpremium.com\/pt\/wp-json\/wp\/v2\/product"}],"about":[{"href":"https:\/\/www.fjpremium.com\/pt\/wp-json\/wp\/v2\/types\/product"}],"wp:featuredmedia":[{"embeddable":true,"href":"https:\/\/www.fjpremium.com\/pt\/wp-json\/wp\/v2\/media\/24213"}],"wp:attachment":[{"href":"https:\/\/www.fjpremium.com\/pt\/wp-json\/wp\/v2\/media?parent=24200"}],"wp:term":[{"taxonomy":"product_brand","embeddable":true,"href":"https:\/\/www.fjpremium.com\/pt\/wp-json\/wp\/v2\/product_brand?post=24200"},{"taxonomy":"product_cat","embeddable":true,"href":"https:\/\/www.fjpremium.com\/pt\/wp-json\/wp\/v2\/product_cat?post=24200"},{"taxonomy":"product_tag","embeddable":true,"href":"https:\/\/www.fjpremium.com\/pt\/wp-json\/wp\/v2\/product_tag?post=24200"}],"curies":[{"name":"wp","href":"https:\/\/api.w.org\/{rel}","templated":true}]}}