{"id":24116,"date":"2023-12-08T10:34:27","date_gmt":"2023-12-08T02:34:27","guid":{"rendered":"https:\/\/www.fjpremium.com\/?post_type=product&#038;p=24116"},"modified":"2023-12-14T13:45:44","modified_gmt":"2023-12-14T05:45:44","slug":"8k-2-1-angle-male-to-female-hdmi-adapter","status":"publish","type":"product","link":"https:\/\/www.fjpremium.com\/pt\/product\/8k-2-1-angle-male-to-female-hdmi-adapter\/","title":{"rendered":"Acoplador de adaptador HDMI 8K 2.1 macho para f\u00eamea com \u00e2ngulo esquerdo direito para cima e para baixo"},"content":{"rendered":"<p>Este acoplador adaptador HDMI macho para f\u00eamea 8K 2.1 Left Right Up Down Angle da FARSINCE pode ser conectado \u00e0 porta f\u00eamea de dispositivos HDMI, como dispositivos HDMI. Ecr\u00e3 plano, etc. 90 \u00b0 para cima. Desta forma, mesmo que a porta f\u00eamea HDMI existente seja de dif\u00edcil acesso, o cabo HDMI pode ser conectado sem nenhum problema.<\/p>\n<p>Este adaptador HDMI de \u00e2ngulo ascendente\/descendente suporta resolu\u00e7\u00f5es at\u00e9 8K, incluindo 7680\u00d74320@60Hz, 4K@144Hz, 2K@240Hz, 1080P@240Hz.<\/p>\n<p>A Farsince oferece v\u00e1rios tipos de adaptador 8K HDMI 2.1 macho para f\u00eamea, incluindo reto, \u00e2ngulo esquerdo, \u00e2ngulo direito, \u00e2ngulo superior, tipo de \u00e2ngulo inferior.<\/p>\n<p>As suas especifica\u00e7\u00f5es:<\/p>\n<ul>\n<li style=\"list-style-type: none;\">\n<ul>\n<li>Conector1: HDMI A macho \u00e2ngulo ascendente\/descendente, banhado a ouro<\/li>\n<li>Conector2: HDMI A f\u00eamea, banhado a ouro<\/li>\n<li>Caixa: Carca\u00e7a de alum\u00ednio<\/li>\n<li>Resolu\u00e7\u00e3o at\u00e9 7680\u00d74320 @ 60 Hz<\/li>\n<li>Taxa de transfer\u00eancia de dados at\u00e9 48 Gbps<\/li>\n<li>Suporta 1080p HFR (alta taxa de quadros) 3D<\/li>\n<li>Cont\u00e9m canal de retorno de \u00e1udio (ARC)<\/li>\n<li>Conformidade: RoHS, REACH<\/li>\n<\/ul>\n<\/li>\n<\/ul>","protected":false},"excerpt":{"rendered":"<p>Os adaptadores HDMI macho-f\u00eamea angulares evitam dobrar os cabos HDMI e aliviam a tens\u00e3o nas portas HDMI para aumentar a vida \u00fatil do seu dispositivo e do cabo HDMI.<\/p>","protected":false},"featured_media":24117,"template":"","meta":{"_acf_changed":false,"_seopress_robots_primary_cat":"","_seopress_titles_title":"8K 2.1 Left Right Up Down Angle Male to Female HDMI Adapter","_seopress_titles_desc":"","_seopress_robots_index":"","site-sidebar-layout":"default","site-content-layout":"default","ast-site-content-layout":"default","site-content-style":"default","site-sidebar-style":"default","ast-global-header-display":"","ast-banner-title-visibility":"","ast-main-header-display":"","ast-hfb-above-header-display":"","ast-hfb-below-header-display":"","ast-hfb-mobile-header-display":"","site-post-title":"","ast-breadcrumbs-content":"","ast-featured-img":"","footer-sml-layout":"","ast-disable-related-posts":"","theme-transparent-header-meta":"default","adv-header-id-meta":"","stick-header-meta":"","header-above-stick-meta":"","header-main-stick-meta":"","header-below-stick-meta":"","astra-migrate-meta-layouts":"set","ast-page-background-enabled":"default","ast-page-background-meta":{"desktop":{"background-color":"","background-image":"","background-repeat":"repeat","background-position":"center center","background-size":"auto","background-attachment":"scroll","background-type":"","background-media":"","overlay-type":"","overlay-color":"","overlay-opacity":"","overlay-gradient":""},"tablet":{"background-color":"","background-image":"","background-repeat":"repeat","background-position":"center center","background-size":"auto","background-attachment":"scroll","background-type":"","background-media":"","overlay-type":"","overlay-color":"","overlay-opacity":"","overlay-gradient":""},"mobile":{"background-color":"","background-image":"","background-repeat":"repeat","background-position":"center center","background-size":"auto","background-attachment":"scroll","background-type":"","background-media":"","overlay-type":"","overlay-color":"","overlay-opacity":"","overlay-gradient":""}},"ast-content-background-meta":{"desktop":{"background-color":"var(--ast-global-color-5)","background-image":"","background-repeat":"repeat","background-position":"center center","background-size":"auto","background-attachment":"scroll","background-type":"","background-media":"","overlay-type":"","overlay-color":"","overlay-opacity":"","overlay-gradient":""},"tablet":{"background-color":"var(--ast-global-color-5)","background-image":"","background-repeat":"repeat","background-position":"center center","background-size":"auto","background-attachment":"scroll","background-type":"","background-media":"","overlay-type":"","overlay-color":"","overlay-opacity":"","overlay-gradient":""},"mobile":{"background-color":"var(--ast-global-color-5)","background-image":"","background-repeat":"repeat","background-position":"center center","background-size":"auto","background-attachment":"scroll","background-type":"","background-media":"","overlay-type":"","overlay-color":"","overlay-opacity":"","overlay-gradient":""}},"iawp_total_views":16},"product_brand":[],"product_cat":[211,642],"product_tag":[],"class_list":{"0":"post-24116","1":"product","2":"type-product","3":"status-publish","4":"has-post-thumbnail","6":"product_cat-hdmi","7":"product_cat-hdmi-adapters","8":"desktop-align-left","9":"tablet-align-left","10":"mobile-align-left","12":"first","13":"instock","14":"shipping-taxable","15":"purchasable","16":"product-type-simple"},"acf":[],"_links":{"self":[{"href":"https:\/\/www.fjpremium.com\/pt\/wp-json\/wp\/v2\/product\/24116","targetHints":{"allow":["GET"]}}],"collection":[{"href":"https:\/\/www.fjpremium.com\/pt\/wp-json\/wp\/v2\/product"}],"about":[{"href":"https:\/\/www.fjpremium.com\/pt\/wp-json\/wp\/v2\/types\/product"}],"wp:featuredmedia":[{"embeddable":true,"href":"https:\/\/www.fjpremium.com\/pt\/wp-json\/wp\/v2\/media\/24117"}],"wp:attachment":[{"href":"https:\/\/www.fjpremium.com\/pt\/wp-json\/wp\/v2\/media?parent=24116"}],"wp:term":[{"taxonomy":"product_brand","embeddable":true,"href":"https:\/\/www.fjpremium.com\/pt\/wp-json\/wp\/v2\/product_brand?post=24116"},{"taxonomy":"product_cat","embeddable":true,"href":"https:\/\/www.fjpremium.com\/pt\/wp-json\/wp\/v2\/product_cat?post=24116"},{"taxonomy":"product_tag","embeddable":true,"href":"https:\/\/www.fjpremium.com\/pt\/wp-json\/wp\/v2\/product_tag?post=24116"}],"curies":[{"name":"wp","href":"https:\/\/api.w.org\/{rel}","templated":true}]}}