{"id":24099,"date":"2023-12-08T09:51:11","date_gmt":"2023-12-08T01:51:11","guid":{"rendered":"https:\/\/www.fjpremium.com\/?post_type=product&#038;p=24099"},"modified":"2023-12-14T13:45:45","modified_gmt":"2023-12-14T05:45:45","slug":"4k-hdmi-male-to-female-adapter-coupler","status":"publish","type":"product","link":"https:\/\/www.fjpremium.com\/pt\/product\/4k-hdmi-male-to-female-adapter-coupler\/","title":{"rendered":"Acoplador adaptador macho-f\u00eamea HDMI 4K com cabo USB"},"content":{"rendered":"<p>FARSINCE Conector adaptador HDMI macho-f\u00eamea com cabo de alimenta\u00e7\u00e3o USB 2.0 de 50 cm para carregador.<br \/>\nOs conectores banhados a ouro resistem \u00e0 corros\u00e3o, proporcionando uma \u00f3ptima transmiss\u00e3o de sinal para uma melhor experi\u00eancia de visualiza\u00e7\u00e3o.<br \/>\nSuporta 480p, 720p, 1080i, 1080p, 1440i, 1440p, 2160i, 2160p, TV 3D, True-HD e DTS-HD.<br \/>\nNota: Este \u00e9 um adaptador HDMI M\/F! O cabo USB serve apenas para alimenta\u00e7\u00e3o! N\u00e3o \u00e9 um adaptador HDMI para USB<\/p>\n<p>As suas especifica\u00e7\u00f5es:<\/p>\n<ul>\n<li style=\"list-style-type: none;\">\n<ul>\n<li>Conector1: HDMI A macho, banhado a ouro<\/li>\n<li>Conector2: HDMI A f\u00eamea, banhado a ouro<\/li>\n<li>Conector3: USB A 2.0 f\u00eamea, banhado a ouro<\/li>\n<li>Condutor do cabo: Cobre nu<\/li>\n<li>Blindagem: Folha de alum\u00ednio<\/li>\n<li>Revestimento: PVC<\/li>\n<li>Carca\u00e7a: Molde de inje\u00e7\u00e3o<\/li>\n<li>Suporta 480p, 720p, 1080i, 1080p, 1440i, 1440p, 2160i, 2160p, TV 3D, True-HD e DTS-HD<\/li>\n<li>Suporta sinais de \u00e1udio e v\u00eddeo, liga\u00e7\u00e3o de rede e 3D atrav\u00e9s de HDMI<\/li>\n<li>Conformidade: RoHS, REACH<\/li>\n<\/ul>\n<\/li>\n<\/ul>","protected":false},"excerpt":{"rendered":"<p>Conversor de conetor adaptador HDMI macho para f\u00eamea com cabo de carregamento USB 2.0 de 50 cm para TV, v\u00eddeo e \u00e1udio dom\u00e9stico.<\/p>","protected":false},"featured_media":24104,"template":"","meta":{"_acf_changed":false,"_seopress_robots_primary_cat":"","_seopress_titles_title":"4K HDMI Male to Female Adapter Coupler With USB Cable","_seopress_titles_desc":"","_seopress_robots_index":"","site-sidebar-layout":"default","site-content-layout":"default","ast-site-content-layout":"default","site-content-style":"default","site-sidebar-style":"default","ast-global-header-display":"","ast-banner-title-visibility":"","ast-main-header-display":"","ast-hfb-above-header-display":"","ast-hfb-below-header-display":"","ast-hfb-mobile-header-display":"","site-post-title":"","ast-breadcrumbs-content":"","ast-featured-img":"","footer-sml-layout":"","ast-disable-related-posts":"","theme-transparent-header-meta":"default","adv-header-id-meta":"","stick-header-meta":"","header-above-stick-meta":"","header-main-stick-meta":"","header-below-stick-meta":"","astra-migrate-meta-layouts":"set","ast-page-background-enabled":"default","ast-page-background-meta":{"desktop":{"background-color":"","background-image":"","background-repeat":"repeat","background-position":"center center","background-size":"auto","background-attachment":"scroll","background-type":"","background-media":"","overlay-type":"","overlay-color":"","overlay-opacity":"","overlay-gradient":""},"tablet":{"background-color":"","background-image":"","background-repeat":"repeat","background-position":"center center","background-size":"auto","background-attachment":"scroll","background-type":"","background-media":"","overlay-type":"","overlay-color":"","overlay-opacity":"","overlay-gradient":""},"mobile":{"background-color":"","background-image":"","background-repeat":"repeat","background-position":"center center","background-size":"auto","background-attachment":"scroll","background-type":"","background-media":"","overlay-type":"","overlay-color":"","overlay-opacity":"","overlay-gradient":""}},"ast-content-background-meta":{"desktop":{"background-color":"var(--ast-global-color-5)","background-image":"","background-repeat":"repeat","background-position":"center center","background-size":"auto","background-attachment":"scroll","background-type":"","background-media":"","overlay-type":"","overlay-color":"","overlay-opacity":"","overlay-gradient":""},"tablet":{"background-color":"var(--ast-global-color-5)","background-image":"","background-repeat":"repeat","background-position":"center center","background-size":"auto","background-attachment":"scroll","background-type":"","background-media":"","overlay-type":"","overlay-color":"","overlay-opacity":"","overlay-gradient":""},"mobile":{"background-color":"var(--ast-global-color-5)","background-image":"","background-repeat":"repeat","background-position":"center center","background-size":"auto","background-attachment":"scroll","background-type":"","background-media":"","overlay-type":"","overlay-color":"","overlay-opacity":"","overlay-gradient":""}},"iawp_total_views":8},"product_brand":[],"product_cat":[211,642],"product_tag":[],"class_list":{"0":"post-24099","1":"product","2":"type-product","3":"status-publish","4":"has-post-thumbnail","6":"product_cat-hdmi","7":"product_cat-hdmi-adapters","8":"desktop-align-left","9":"tablet-align-left","10":"mobile-align-left","12":"first","13":"instock","14":"shipping-taxable","15":"purchasable","16":"product-type-simple"},"acf":[],"_links":{"self":[{"href":"https:\/\/www.fjpremium.com\/pt\/wp-json\/wp\/v2\/product\/24099","targetHints":{"allow":["GET"]}}],"collection":[{"href":"https:\/\/www.fjpremium.com\/pt\/wp-json\/wp\/v2\/product"}],"about":[{"href":"https:\/\/www.fjpremium.com\/pt\/wp-json\/wp\/v2\/types\/product"}],"wp:featuredmedia":[{"embeddable":true,"href":"https:\/\/www.fjpremium.com\/pt\/wp-json\/wp\/v2\/media\/24104"}],"wp:attachment":[{"href":"https:\/\/www.fjpremium.com\/pt\/wp-json\/wp\/v2\/media?parent=24099"}],"wp:term":[{"taxonomy":"product_brand","embeddable":true,"href":"https:\/\/www.fjpremium.com\/pt\/wp-json\/wp\/v2\/product_brand?post=24099"},{"taxonomy":"product_cat","embeddable":true,"href":"https:\/\/www.fjpremium.com\/pt\/wp-json\/wp\/v2\/product_cat?post=24099"},{"taxonomy":"product_tag","embeddable":true,"href":"https:\/\/www.fjpremium.com\/pt\/wp-json\/wp\/v2\/product_tag?post=24099"}],"curies":[{"name":"wp","href":"https:\/\/api.w.org\/{rel}","templated":true}]}}