{"id":24092,"date":"2023-12-08T09:28:33","date_gmt":"2023-12-08T01:28:33","guid":{"rendered":"https:\/\/www.fjpremium.com\/?post_type=product&#038;p=24092"},"modified":"2023-12-14T13:45:45","modified_gmt":"2023-12-14T05:45:45","slug":"4k-hdmi-to-dual-hdmi-adapter-for-laptop","status":"publish","type":"product","link":"https:\/\/www.fjpremium.com\/pt\/product\/4k-hdmi-to-dual-hdmi-adapter-for-laptop\/","title":{"rendered":"Adaptador HDMI 4K para HDMI duplo para port\u00e1til, macho para f\u00eamea"},"content":{"rendered":"<p>Adaptador HDMI 4K HDMI para Dual HDMI para port\u00e1til, Adaptador de cabo macho para 2x f\u00eamea para ligar 2 ecr\u00e3s HDMI a uma placa de v\u00eddeo Os contactos dourados garantem uma transmiss\u00e3o limpa, clara e sem interfer\u00eancias Ideal para apresenta\u00e7\u00f5es Resolu\u00e7\u00f5es at\u00e9 4096 x 2160 @ 60 Hz<br \/>\nApresenta a mesma imagem em ambos os monitores, ideal para aplica\u00e7\u00f5es educativas, utiliza\u00e7\u00e3o comercial ou apresenta\u00e7\u00f5es.<br \/>\nA parte mais importante do cabo de cobre interno \u00e9 a escolha do material condutor interno.<\/p>\n<p>As suas especifica\u00e7\u00f5es:<\/p>\n<ul>\n<li style=\"list-style-type: none;\">\n<ul>\n<li>Conector1: HDMI A macho, banhado a ouro<\/li>\n<li>Conector2: HDMI A f\u00eamea, banhado a ouro<\/li>\n<li>Conector3: HDMI A f\u00eamea, banhado a ouro<\/li>\n<li>Caixa: Moldagem de pl\u00e1stico<\/li>\n<li>HDMI Ethernet de alta velocidade (HEC)<\/li>\n<li>Suporta opera\u00e7\u00f5es simples e duplas<\/li>\n<li>Suporta resolu\u00e7\u00f5es at\u00e9 4096 x 2160 a 60 Hz<\/li>\n<li>Suporta sinais de \u00e1udio e v\u00eddeo, liga\u00e7\u00e3o de rede e 3D atrav\u00e9s de HDMI<\/li>\n<li>Conformidade: RoHS, REACH<\/li>\n<\/ul>\n<\/li>\n<\/ul>","protected":false},"excerpt":{"rendered":"<p>Adaptador 4K HDMI para Dual HDMI para port\u00e1til, adaptador de cabo HDMI macho para 2x f\u00eamea Suporta resolu\u00e7\u00f5es at\u00e9 4096 x 2160@60Hz.<\/p>","protected":false},"featured_media":24098,"template":"","meta":{"_acf_changed":false,"_seopress_robots_primary_cat":"","_seopress_titles_title":"4K HDMI to Dual HDMI Adapter for laptop, Male to Female","_seopress_titles_desc":"","_seopress_robots_index":"","site-sidebar-layout":"default","site-content-layout":"default","ast-site-content-layout":"default","site-content-style":"default","site-sidebar-style":"default","ast-global-header-display":"","ast-banner-title-visibility":"","ast-main-header-display":"","ast-hfb-above-header-display":"","ast-hfb-below-header-display":"","ast-hfb-mobile-header-display":"","site-post-title":"","ast-breadcrumbs-content":"","ast-featured-img":"","footer-sml-layout":"","ast-disable-related-posts":"","theme-transparent-header-meta":"default","adv-header-id-meta":"","stick-header-meta":"","header-above-stick-meta":"","header-main-stick-meta":"","header-below-stick-meta":"","astra-migrate-meta-layouts":"set","ast-page-background-enabled":"default","ast-page-background-meta":{"desktop":{"background-color":"","background-image":"","background-repeat":"repeat","background-position":"center center","background-size":"auto","background-attachment":"scroll","background-type":"","background-media":"","overlay-type":"","overlay-color":"","overlay-opacity":"","overlay-gradient":""},"tablet":{"background-color":"","background-image":"","background-repeat":"repeat","background-position":"center center","background-size":"auto","background-attachment":"scroll","background-type":"","background-media":"","overlay-type":"","overlay-color":"","overlay-opacity":"","overlay-gradient":""},"mobile":{"background-color":"","background-image":"","background-repeat":"repeat","background-position":"center center","background-size":"auto","background-attachment":"scroll","background-type":"","background-media":"","overlay-type":"","overlay-color":"","overlay-opacity":"","overlay-gradient":""}},"ast-content-background-meta":{"desktop":{"background-color":"var(--ast-global-color-5)","background-image":"","background-repeat":"repeat","background-position":"center center","background-size":"auto","background-attachment":"scroll","background-type":"","background-media":"","overlay-type":"","overlay-color":"","overlay-opacity":"","overlay-gradient":""},"tablet":{"background-color":"var(--ast-global-color-5)","background-image":"","background-repeat":"repeat","background-position":"center center","background-size":"auto","background-attachment":"scroll","background-type":"","background-media":"","overlay-type":"","overlay-color":"","overlay-opacity":"","overlay-gradient":""},"mobile":{"background-color":"var(--ast-global-color-5)","background-image":"","background-repeat":"repeat","background-position":"center center","background-size":"auto","background-attachment":"scroll","background-type":"","background-media":"","overlay-type":"","overlay-color":"","overlay-opacity":"","overlay-gradient":""}},"iawp_total_views":11},"product_brand":[],"product_cat":[211,642],"product_tag":[],"class_list":{"0":"post-24092","1":"product","2":"type-product","3":"status-publish","4":"has-post-thumbnail","6":"product_cat-hdmi","7":"product_cat-hdmi-adapters","8":"desktop-align-left","9":"tablet-align-left","10":"mobile-align-left","12":"first","13":"instock","14":"shipping-taxable","15":"purchasable","16":"product-type-simple"},"acf":[],"_links":{"self":[{"href":"https:\/\/www.fjpremium.com\/pt\/wp-json\/wp\/v2\/product\/24092","targetHints":{"allow":["GET"]}}],"collection":[{"href":"https:\/\/www.fjpremium.com\/pt\/wp-json\/wp\/v2\/product"}],"about":[{"href":"https:\/\/www.fjpremium.com\/pt\/wp-json\/wp\/v2\/types\/product"}],"wp:featuredmedia":[{"embeddable":true,"href":"https:\/\/www.fjpremium.com\/pt\/wp-json\/wp\/v2\/media\/24098"}],"wp:attachment":[{"href":"https:\/\/www.fjpremium.com\/pt\/wp-json\/wp\/v2\/media?parent=24092"}],"wp:term":[{"taxonomy":"product_brand","embeddable":true,"href":"https:\/\/www.fjpremium.com\/pt\/wp-json\/wp\/v2\/product_brand?post=24092"},{"taxonomy":"product_cat","embeddable":true,"href":"https:\/\/www.fjpremium.com\/pt\/wp-json\/wp\/v2\/product_cat?post=24092"},{"taxonomy":"product_tag","embeddable":true,"href":"https:\/\/www.fjpremium.com\/pt\/wp-json\/wp\/v2\/product_tag?post=24092"}],"curies":[{"name":"wp","href":"https:\/\/api.w.org\/{rel}","templated":true}]}}