{"id":24082,"date":"2023-12-08T08:49:25","date_gmt":"2023-12-08T00:49:25","guid":{"rendered":"https:\/\/www.fjpremium.com\/?post_type=product&#038;p=24082"},"modified":"2023-12-14T13:45:46","modified_gmt":"2023-12-14T05:45:46","slug":"4k-hdmi-adapter-ring","status":"publish","type":"product","link":"https:\/\/www.fjpremium.com\/pt\/product\/4k-hdmi-adapter-ring\/","title":{"rendered":"Anel adaptador HDMI 4K, combina\u00e7\u00e3o livre conforme necess\u00e1rio"},"content":{"rendered":"<p>O anel adaptador FARSINCE 4K com fixa\u00e7\u00e3o de cabo \u00e9 uma solu\u00e7\u00e3o inteligente para manter todos os seus adaptadores juntos de forma simples, organizada e segura. Utilize o anel adaptador para evitar eficazmente a perda do adaptador.<\/p>\n<p>O anel \u00e9 ideal para salas de confer\u00eancia, hot\u00e9is de escrit\u00f3rios ou locais semelhantes onde \u00e9 necess\u00e1rio combinar dispositivos com diferentes tecnologias de conetividade no mesmo ecr\u00e3.<\/p>\n<p>As suas especifica\u00e7\u00f5es:<\/p>\n<ul>\n<li style=\"list-style-type: none;\">\n<ul>\n<li>Conector1: HDMI A macho<\/li>\n<li>Conector1: HDMI A macho<\/li>\n<li>AdaptadorA: HDMI macho para HDMI f\u00eamea<\/li>\n<li>Adaptador B: Mini HDMI macho para HDMI f\u00eamea<\/li>\n<li>AdaptadorC: Micro HDMI macho para HDMI f\u00eamea<\/li>\n<li>Adaptador D: DisplayPort macho para HDMI f\u00eamea<\/li>\n<li>AdaptadorE: Mini DisplayPort macho para HDMI f\u00eamea<\/li>\n<li>AdaptadorF: USB-C macho para HDMI f\u00eamea<\/li>\n<li>Contacto banhado a ouro, concha banhada a ouro<\/li>\n<li>Condutor do cabo: Cobre nu<\/li>\n<li>Carca\u00e7a: Molde de inje\u00e7\u00e3o<\/li>\n<li>Plug and play, n\u00e3o \u00e9 necess\u00e1rio driver<\/li>\n<li>Suporta totalmente os formatos de sinal digital 720P, 1080iP e 1080P<\/li>\n<li>Conformidade: RoHS, REACH<\/li>\n<\/ul>\n<\/li>\n<\/ul>","protected":false},"excerpt":{"rendered":"<p>Anel adaptador 4K hdmi de alta velocidade, evita eficazmente que o adaptador se perca ao ligar o adaptador ao cabo e, em seguida, ao fixar o cabo.<\/p>","protected":false},"featured_media":24090,"template":"","meta":{"_acf_changed":false,"_seopress_robots_primary_cat":"","_seopress_titles_title":"4K HDMI Adapter Ring, Free combination as needed","_seopress_titles_desc":"","_seopress_robots_index":"","site-sidebar-layout":"default","site-content-layout":"default","ast-site-content-layout":"default","site-content-style":"default","site-sidebar-style":"default","ast-global-header-display":"","ast-banner-title-visibility":"","ast-main-header-display":"","ast-hfb-above-header-display":"","ast-hfb-below-header-display":"","ast-hfb-mobile-header-display":"","site-post-title":"","ast-breadcrumbs-content":"","ast-featured-img":"","footer-sml-layout":"","ast-disable-related-posts":"","theme-transparent-header-meta":"default","adv-header-id-meta":"","stick-header-meta":"","header-above-stick-meta":"","header-main-stick-meta":"","header-below-stick-meta":"","astra-migrate-meta-layouts":"set","ast-page-background-enabled":"default","ast-page-background-meta":{"desktop":{"background-color":"","background-image":"","background-repeat":"repeat","background-position":"center center","background-size":"auto","background-attachment":"scroll","background-type":"","background-media":"","overlay-type":"","overlay-color":"","overlay-opacity":"","overlay-gradient":""},"tablet":{"background-color":"","background-image":"","background-repeat":"repeat","background-position":"center center","background-size":"auto","background-attachment":"scroll","background-type":"","background-media":"","overlay-type":"","overlay-color":"","overlay-opacity":"","overlay-gradient":""},"mobile":{"background-color":"","background-image":"","background-repeat":"repeat","background-position":"center center","background-size":"auto","background-attachment":"scroll","background-type":"","background-media":"","overlay-type":"","overlay-color":"","overlay-opacity":"","overlay-gradient":""}},"ast-content-background-meta":{"desktop":{"background-color":"var(--ast-global-color-5)","background-image":"","background-repeat":"repeat","background-position":"center center","background-size":"auto","background-attachment":"scroll","background-type":"","background-media":"","overlay-type":"","overlay-color":"","overlay-opacity":"","overlay-gradient":""},"tablet":{"background-color":"var(--ast-global-color-5)","background-image":"","background-repeat":"repeat","background-position":"center center","background-size":"auto","background-attachment":"scroll","background-type":"","background-media":"","overlay-type":"","overlay-color":"","overlay-opacity":"","overlay-gradient":""},"mobile":{"background-color":"var(--ast-global-color-5)","background-image":"","background-repeat":"repeat","background-position":"center center","background-size":"auto","background-attachment":"scroll","background-type":"","background-media":"","overlay-type":"","overlay-color":"","overlay-opacity":"","overlay-gradient":""}},"iawp_total_views":8},"product_brand":[],"product_cat":[211,642],"product_tag":[],"class_list":{"0":"post-24082","1":"product","2":"type-product","3":"status-publish","4":"has-post-thumbnail","6":"product_cat-hdmi","7":"product_cat-hdmi-adapters","8":"desktop-align-left","9":"tablet-align-left","10":"mobile-align-left","12":"first","13":"instock","14":"shipping-taxable","15":"purchasable","16":"product-type-simple"},"acf":[],"_links":{"self":[{"href":"https:\/\/www.fjpremium.com\/pt\/wp-json\/wp\/v2\/product\/24082","targetHints":{"allow":["GET"]}}],"collection":[{"href":"https:\/\/www.fjpremium.com\/pt\/wp-json\/wp\/v2\/product"}],"about":[{"href":"https:\/\/www.fjpremium.com\/pt\/wp-json\/wp\/v2\/types\/product"}],"wp:featuredmedia":[{"embeddable":true,"href":"https:\/\/www.fjpremium.com\/pt\/wp-json\/wp\/v2\/media\/24090"}],"wp:attachment":[{"href":"https:\/\/www.fjpremium.com\/pt\/wp-json\/wp\/v2\/media?parent=24082"}],"wp:term":[{"taxonomy":"product_brand","embeddable":true,"href":"https:\/\/www.fjpremium.com\/pt\/wp-json\/wp\/v2\/product_brand?post=24082"},{"taxonomy":"product_cat","embeddable":true,"href":"https:\/\/www.fjpremium.com\/pt\/wp-json\/wp\/v2\/product_cat?post=24082"},{"taxonomy":"product_tag","embeddable":true,"href":"https:\/\/www.fjpremium.com\/pt\/wp-json\/wp\/v2\/product_tag?post=24082"}],"curies":[{"name":"wp","href":"https:\/\/api.w.org\/{rel}","templated":true}]}}