{"id":24068,"date":"2023-12-07T17:04:16","date_gmt":"2023-12-07T09:04:16","guid":{"rendered":"https:\/\/www.fjpremium.com\/?post_type=product&#038;p=24068"},"modified":"2023-12-14T13:45:47","modified_gmt":"2023-12-14T05:45:47","slug":"hdmi-female-to-dvi-male-coupler","status":"publish","type":"product","link":"https:\/\/www.fjpremium.com\/pt\/product\/hdmi-female-to-dvi-male-coupler\/","title":{"rendered":"Acoplador HDMI f\u00eamea para DVI macho, DVI-I de liga\u00e7\u00e3o dupla DVI 24+5"},"content":{"rendered":"<p>O acoplador FARSINCE HDMI f\u00eamea para DVI macho pode ser utilizado para ligar dispositivos HDMI, tais como ecr\u00e3s planos, etc. O adaptador tamb\u00e9m pode ser utilizado como um protetor de porta para proteger a interface em aplica\u00e7\u00f5es com elevada durabilidade de contacto.<\/p>\n<p>Este adaptador HDMI suporta uma resolu\u00e7\u00e3o de 1920\u00d71080. De notar que o \u00e1udio deve ser transmitido separadamente.<\/p>\n<p>As suas especifica\u00e7\u00f5es:<\/p>\n<ul>\n<li style=\"list-style-type: none;\">\n<ul>\n<li>Conector1: HDMI-A 19 pinos f\u00eamea, banhado a ouro<\/li>\n<li>Conector2: DVI-I 24+5 pinos f\u00eamea, banhado a ouro<\/li>\n<li>Caixa: Moldagem de pl\u00e1stico<\/li>\n<li>Especifica\u00e7\u00e3o HDMI de alta velocidade com Ethernet (HEC)<\/li>\n<li>Conversor HDMI DVI Suporte m\u00e1ximo para sa\u00edda de resolu\u00e7\u00e3o 1920\u00d71080<\/li>\n<li>Conformidade: RoHS, REACH<\/li>\n<\/ul>\n<\/li>\n<\/ul>","protected":false},"excerpt":{"rendered":"<p>Acoplador HDMI f\u00eamea para DVI macho, DVI-I Dual link DVI 24 + 5 suporta resolu\u00e7\u00e3o de 1920 \u00d7 1080.<\/p>","protected":false},"featured_media":24073,"template":"","meta":{"_acf_changed":false,"_seopress_robots_primary_cat":"","_seopress_titles_title":"HDMI Female to DVI Male Coupler, DVI-I Dual link DVI 24+5","_seopress_titles_desc":"","_seopress_robots_index":"","site-sidebar-layout":"default","site-content-layout":"default","ast-site-content-layout":"default","site-content-style":"default","site-sidebar-style":"default","ast-global-header-display":"","ast-banner-title-visibility":"","ast-main-header-display":"","ast-hfb-above-header-display":"","ast-hfb-below-header-display":"","ast-hfb-mobile-header-display":"","site-post-title":"","ast-breadcrumbs-content":"","ast-featured-img":"","footer-sml-layout":"","ast-disable-related-posts":"","theme-transparent-header-meta":"default","adv-header-id-meta":"","stick-header-meta":"","header-above-stick-meta":"","header-main-stick-meta":"","header-below-stick-meta":"","astra-migrate-meta-layouts":"set","ast-page-background-enabled":"default","ast-page-background-meta":{"desktop":{"background-color":"","background-image":"","background-repeat":"repeat","background-position":"center center","background-size":"auto","background-attachment":"scroll","background-type":"","background-media":"","overlay-type":"","overlay-color":"","overlay-opacity":"","overlay-gradient":""},"tablet":{"background-color":"","background-image":"","background-repeat":"repeat","background-position":"center center","background-size":"auto","background-attachment":"scroll","background-type":"","background-media":"","overlay-type":"","overlay-color":"","overlay-opacity":"","overlay-gradient":""},"mobile":{"background-color":"","background-image":"","background-repeat":"repeat","background-position":"center center","background-size":"auto","background-attachment":"scroll","background-type":"","background-media":"","overlay-type":"","overlay-color":"","overlay-opacity":"","overlay-gradient":""}},"ast-content-background-meta":{"desktop":{"background-color":"var(--ast-global-color-5)","background-image":"","background-repeat":"repeat","background-position":"center center","background-size":"auto","background-attachment":"scroll","background-type":"","background-media":"","overlay-type":"","overlay-color":"","overlay-opacity":"","overlay-gradient":""},"tablet":{"background-color":"var(--ast-global-color-5)","background-image":"","background-repeat":"repeat","background-position":"center center","background-size":"auto","background-attachment":"scroll","background-type":"","background-media":"","overlay-type":"","overlay-color":"","overlay-opacity":"","overlay-gradient":""},"mobile":{"background-color":"var(--ast-global-color-5)","background-image":"","background-repeat":"repeat","background-position":"center center","background-size":"auto","background-attachment":"scroll","background-type":"","background-media":"","overlay-type":"","overlay-color":"","overlay-opacity":"","overlay-gradient":""}},"iawp_total_views":6},"product_brand":[],"product_cat":[211,642],"product_tag":[],"class_list":{"0":"post-24068","1":"product","2":"type-product","3":"status-publish","4":"has-post-thumbnail","6":"product_cat-hdmi","7":"product_cat-hdmi-adapters","8":"desktop-align-left","9":"tablet-align-left","10":"mobile-align-left","12":"first","13":"instock","14":"shipping-taxable","15":"purchasable","16":"product-type-simple"},"acf":[],"_links":{"self":[{"href":"https:\/\/www.fjpremium.com\/pt\/wp-json\/wp\/v2\/product\/24068","targetHints":{"allow":["GET"]}}],"collection":[{"href":"https:\/\/www.fjpremium.com\/pt\/wp-json\/wp\/v2\/product"}],"about":[{"href":"https:\/\/www.fjpremium.com\/pt\/wp-json\/wp\/v2\/types\/product"}],"wp:featuredmedia":[{"embeddable":true,"href":"https:\/\/www.fjpremium.com\/pt\/wp-json\/wp\/v2\/media\/24073"}],"wp:attachment":[{"href":"https:\/\/www.fjpremium.com\/pt\/wp-json\/wp\/v2\/media?parent=24068"}],"wp:term":[{"taxonomy":"product_brand","embeddable":true,"href":"https:\/\/www.fjpremium.com\/pt\/wp-json\/wp\/v2\/product_brand?post=24068"},{"taxonomy":"product_cat","embeddable":true,"href":"https:\/\/www.fjpremium.com\/pt\/wp-json\/wp\/v2\/product_cat?post=24068"},{"taxonomy":"product_tag","embeddable":true,"href":"https:\/\/www.fjpremium.com\/pt\/wp-json\/wp\/v2\/product_tag?post=24068"}],"curies":[{"name":"wp","href":"https:\/\/api.w.org\/{rel}","templated":true}]}}