{"id":24055,"date":"2023-12-07T16:24:32","date_gmt":"2023-12-07T08:24:32","guid":{"rendered":"https:\/\/www.fjpremium.com\/?post_type=product&#038;p=24055"},"modified":"2023-12-14T13:45:48","modified_gmt":"2023-12-14T05:45:48","slug":"male-to-female-hdmi-coupler-adapter","status":"publish","type":"product","link":"https:\/\/www.fjpremium.com\/pt\/product\/male-to-female-hdmi-coupler-adapter\/","title":{"rendered":"Adaptador de acoplador HDMI 4K angular, girat\u00f3rio, reto macho para f\u00eamea"},"content":{"rendered":"<p>Este adaptador HDMI da FARSINCE pode ser ligado \u00e0 porta f\u00eamea de dispositivos HDMI, tais como dispositivos HDMI. Ecr\u00e3 plano, etc. 90\u00b0 para cima. Desta forma, mesmo que a porta f\u00eamea HDMI existente seja de dif\u00edcil acesso, o cabo HDMI pode ser ligado sem qualquer problema.<\/p>\n<p>Este \u00e2ngulo para cima \/ para baixo do adaptador HDMI suporta resolu\u00e7\u00e3o de 4k @ 60Hz \uff08UHD\uff09, incluindo 4096 \u00d7 2160, 3840 \u00d7 2160, 2560 \u00d7 1600, 2560 \u00d7 1440, 1920 \u00d7 1200 e 1080p<\/p>\n<p>A Farsince oferece v\u00e1rios tipos de adaptador HDMI macho para f\u00eamea, incluindo: Reto, \u00e2ngulo esquerdo, \u00e2ngulo direito, \u00e2ngulo superior, \u00e2ngulo inferior e tipo girat\u00f3rio... etc<\/p>\n<p>As suas especifica\u00e7\u00f5es:<\/p>\n<ul>\n<li>Conector1: HDMI A macho, banhado a ouro<\/li>\n<li>Conector1: HDMI A f\u00eamea, banhado a ouro<\/li>\n<li>Caixa: Moldagem por inje\u00e7\u00e3o de pl\u00e1stico, inv\u00f3lucro em ABS para o tipo girat\u00f3rio<\/li>\n<li>Resolu\u00e7\u00e3o at\u00e9 4096 x 2160 @ 60 Hz<\/li>\n<li>\u00c1udio de 32 canais, 7.1 Dolby e suporte de resolu\u00e7\u00f5es at\u00e9 4K x 2K<\/li>\n<li>Compat\u00edvel com a norma HDMI 2.0, pode ser capaz de transportar a maior largura de banda do HDMI 2.0 a 18 Gbps<\/li>\n<li>Conformidade: RoHS, REACH<\/li>\n<\/ul>","protected":false},"excerpt":{"rendered":"<p>Os adaptadores de acoplador HDMI 4K angular, girat\u00f3rio e reto evitam dobrar os cabos HDMI e aliviam a tens\u00e3o nas portas HDMI para aumentar a vida \u00fatil do seu dispositivo e do cabo HDMI.<\/p>","protected":false},"featured_media":24058,"template":"","meta":{"_acf_changed":false,"_seopress_robots_primary_cat":"","_seopress_titles_title":"4K Angle, Swivel, Straight Male to Female HDMI Coupler Adapter-FARSINCE","_seopress_titles_desc":"","_seopress_robots_index":"","site-sidebar-layout":"default","site-content-layout":"default","ast-site-content-layout":"default","site-content-style":"default","site-sidebar-style":"default","ast-global-header-display":"","ast-banner-title-visibility":"","ast-main-header-display":"","ast-hfb-above-header-display":"","ast-hfb-below-header-display":"","ast-hfb-mobile-header-display":"","site-post-title":"","ast-breadcrumbs-content":"","ast-featured-img":"","footer-sml-layout":"","ast-disable-related-posts":"","theme-transparent-header-meta":"default","adv-header-id-meta":"","stick-header-meta":"","header-above-stick-meta":"","header-main-stick-meta":"","header-below-stick-meta":"","astra-migrate-meta-layouts":"set","ast-page-background-enabled":"default","ast-page-background-meta":{"desktop":{"background-color":"","background-image":"","background-repeat":"repeat","background-position":"center center","background-size":"auto","background-attachment":"scroll","background-type":"","background-media":"","overlay-type":"","overlay-color":"","overlay-opacity":"","overlay-gradient":""},"tablet":{"background-color":"","background-image":"","background-repeat":"repeat","background-position":"center center","background-size":"auto","background-attachment":"scroll","background-type":"","background-media":"","overlay-type":"","overlay-color":"","overlay-opacity":"","overlay-gradient":""},"mobile":{"background-color":"","background-image":"","background-repeat":"repeat","background-position":"center center","background-size":"auto","background-attachment":"scroll","background-type":"","background-media":"","overlay-type":"","overlay-color":"","overlay-opacity":"","overlay-gradient":""}},"ast-content-background-meta":{"desktop":{"background-color":"var(--ast-global-color-5)","background-image":"","background-repeat":"repeat","background-position":"center center","background-size":"auto","background-attachment":"scroll","background-type":"","background-media":"","overlay-type":"","overlay-color":"","overlay-opacity":"","overlay-gradient":""},"tablet":{"background-color":"var(--ast-global-color-5)","background-image":"","background-repeat":"repeat","background-position":"center center","background-size":"auto","background-attachment":"scroll","background-type":"","background-media":"","overlay-type":"","overlay-color":"","overlay-opacity":"","overlay-gradient":""},"mobile":{"background-color":"var(--ast-global-color-5)","background-image":"","background-repeat":"repeat","background-position":"center center","background-size":"auto","background-attachment":"scroll","background-type":"","background-media":"","overlay-type":"","overlay-color":"","overlay-opacity":"","overlay-gradient":""}},"iawp_total_views":8},"product_brand":[],"product_cat":[211,642],"product_tag":[],"class_list":{"0":"post-24055","1":"product","2":"type-product","3":"status-publish","4":"has-post-thumbnail","6":"product_cat-hdmi","7":"product_cat-hdmi-adapters","8":"desktop-align-left","9":"tablet-align-left","10":"mobile-align-left","12":"first","13":"instock","14":"shipping-taxable","15":"purchasable","16":"product-type-simple"},"acf":[],"_links":{"self":[{"href":"https:\/\/www.fjpremium.com\/pt\/wp-json\/wp\/v2\/product\/24055","targetHints":{"allow":["GET"]}}],"collection":[{"href":"https:\/\/www.fjpremium.com\/pt\/wp-json\/wp\/v2\/product"}],"about":[{"href":"https:\/\/www.fjpremium.com\/pt\/wp-json\/wp\/v2\/types\/product"}],"wp:featuredmedia":[{"embeddable":true,"href":"https:\/\/www.fjpremium.com\/pt\/wp-json\/wp\/v2\/media\/24058"}],"wp:attachment":[{"href":"https:\/\/www.fjpremium.com\/pt\/wp-json\/wp\/v2\/media?parent=24055"}],"wp:term":[{"taxonomy":"product_brand","embeddable":true,"href":"https:\/\/www.fjpremium.com\/pt\/wp-json\/wp\/v2\/product_brand?post=24055"},{"taxonomy":"product_cat","embeddable":true,"href":"https:\/\/www.fjpremium.com\/pt\/wp-json\/wp\/v2\/product_cat?post=24055"},{"taxonomy":"product_tag","embeddable":true,"href":"https:\/\/www.fjpremium.com\/pt\/wp-json\/wp\/v2\/product_tag?post=24055"}],"curies":[{"name":"wp","href":"https:\/\/api.w.org\/{rel}","templated":true}]}}