{"id":24022,"date":"2023-12-07T14:42:34","date_gmt":"2023-12-07T06:42:34","guid":{"rendered":"https:\/\/www.fjpremium.com\/?post_type=product&#038;p=24022"},"modified":"2023-12-14T13:51:07","modified_gmt":"2023-12-14T05:51:07","slug":"hdmi-e-to-hdmi-a-snap-on-cable","status":"publish","type":"product","link":"https:\/\/www.fjpremium.com\/pt\/product\/hdmi-e-to-hdmi-a-snap-on-cable\/","title":{"rendered":"Cabo de encaixe HDMI E macho para HDMI A f\u00eamea"},"content":{"rendered":"<p>Os cabos de encaixe FARSINCE HDMI E macho para HDMI A f\u00eamea s\u00e3o utilizados para ligar ecr\u00e3s com conectores HDMI-E para autom\u00f3vel ao sistema multim\u00e9dia do ve\u00edculo. Transmite sinais de v\u00eddeo e \u00e1udio.<\/p>\n<p>O conetor HDMI-E tem um mecanismo de bloqueio e foi especialmente desenvolvido para satisfazer os requisitos do sector autom\u00f3vel. Suporta bem as flutua\u00e7\u00f5es de temperatura e as vibra\u00e7\u00f5es e impede a entrada de<span style=\"font-size: 16px;\"> poeira ou humidade.<\/span><\/p>\n<p>As suas especifica\u00e7\u00f5es:<\/p>\n<ul>\n<li>Conector1: HDMI tipo A f\u00eamea de encaixe, banhado a ouro<\/li>\n<li>Conector2: HDMI tipo E macho de encaixe, banhado a ouro<\/li>\n<li>Condutor do cabo: Cobre nu<\/li>\n<li>Bitola do fio: 30AWG<\/li>\n<li>Blindagem tripla: Folha de alum\u00ednio de par individual, folha de alum\u00ednio geral, tran\u00e7a<\/li>\n<li>Revestimento: PVC<\/li>\n<li>Carca\u00e7a: Molde de inje\u00e7\u00e3o<\/li>\n<li>Taxa de transfer\u00eancia de dados at\u00e9 10,2 Gbps<\/li>\n<li>Suporta resolu\u00e7\u00f5es at\u00e9 3840\u00d72160 @60Hz<\/li>\n<li>Suporta Dolby\u00ae TrueHD e DTS-HD Master Audio\u2122<\/li>\n<li>Conformidade: RoHS, REACH<\/li>\n<\/ul>","protected":false},"excerpt":{"rendered":"<p>Cabo \u00e1udio v\u00eddeo HDMI E macho para HDMI A f\u00eamea de encaixe para ve\u00edculos. Suporta resolu\u00e7\u00f5es at\u00e9 4K@60 Hz.<\/p>","protected":false},"featured_media":24028,"template":"","meta":{"_acf_changed":false,"_seopress_robots_primary_cat":"","_seopress_titles_title":"HDMI E Cable, HDMI E male to HDMI A female Snap on Cable- Farsince","_seopress_titles_desc":"","_seopress_robots_index":"","site-sidebar-layout":"default","site-content-layout":"default","ast-site-content-layout":"default","site-content-style":"default","site-sidebar-style":"default","ast-global-header-display":"","ast-banner-title-visibility":"","ast-main-header-display":"","ast-hfb-above-header-display":"","ast-hfb-below-header-display":"","ast-hfb-mobile-header-display":"","site-post-title":"","ast-breadcrumbs-content":"","ast-featured-img":"","footer-sml-layout":"","ast-disable-related-posts":"","theme-transparent-header-meta":"default","adv-header-id-meta":"","stick-header-meta":"","header-above-stick-meta":"","header-main-stick-meta":"","header-below-stick-meta":"","astra-migrate-meta-layouts":"set","ast-page-background-enabled":"default","ast-page-background-meta":{"desktop":{"background-color":"","background-image":"","background-repeat":"repeat","background-position":"center center","background-size":"auto","background-attachment":"scroll","background-type":"","background-media":"","overlay-type":"","overlay-color":"","overlay-opacity":"","overlay-gradient":""},"tablet":{"background-color":"","background-image":"","background-repeat":"repeat","background-position":"center center","background-size":"auto","background-attachment":"scroll","background-type":"","background-media":"","overlay-type":"","overlay-color":"","overlay-opacity":"","overlay-gradient":""},"mobile":{"background-color":"","background-image":"","background-repeat":"repeat","background-position":"center center","background-size":"auto","background-attachment":"scroll","background-type":"","background-media":"","overlay-type":"","overlay-color":"","overlay-opacity":"","overlay-gradient":""}},"ast-content-background-meta":{"desktop":{"background-color":"var(--ast-global-color-5)","background-image":"","background-repeat":"repeat","background-position":"center center","background-size":"auto","background-attachment":"scroll","background-type":"","background-media":"","overlay-type":"","overlay-color":"","overlay-opacity":"","overlay-gradient":""},"tablet":{"background-color":"var(--ast-global-color-5)","background-image":"","background-repeat":"repeat","background-position":"center center","background-size":"auto","background-attachment":"scroll","background-type":"","background-media":"","overlay-type":"","overlay-color":"","overlay-opacity":"","overlay-gradient":""},"mobile":{"background-color":"var(--ast-global-color-5)","background-image":"","background-repeat":"repeat","background-position":"center center","background-size":"auto","background-attachment":"scroll","background-type":"","background-media":"","overlay-type":"","overlay-color":"","overlay-opacity":"","overlay-gradient":""}},"iawp_total_views":8},"product_brand":[],"product_cat":[211,638],"product_tag":[],"class_list":{"0":"post-24022","1":"product","2":"type-product","3":"status-publish","4":"has-post-thumbnail","6":"product_cat-hdmi","7":"product_cat-hdmi-cables","8":"desktop-align-left","9":"tablet-align-left","10":"mobile-align-left","12":"first","13":"instock","14":"shipping-taxable","15":"purchasable","16":"product-type-simple"},"acf":[],"_links":{"self":[{"href":"https:\/\/www.fjpremium.com\/pt\/wp-json\/wp\/v2\/product\/24022","targetHints":{"allow":["GET"]}}],"collection":[{"href":"https:\/\/www.fjpremium.com\/pt\/wp-json\/wp\/v2\/product"}],"about":[{"href":"https:\/\/www.fjpremium.com\/pt\/wp-json\/wp\/v2\/types\/product"}],"wp:featuredmedia":[{"embeddable":true,"href":"https:\/\/www.fjpremium.com\/pt\/wp-json\/wp\/v2\/media\/24028"}],"wp:attachment":[{"href":"https:\/\/www.fjpremium.com\/pt\/wp-json\/wp\/v2\/media?parent=24022"}],"wp:term":[{"taxonomy":"product_brand","embeddable":true,"href":"https:\/\/www.fjpremium.com\/pt\/wp-json\/wp\/v2\/product_brand?post=24022"},{"taxonomy":"product_cat","embeddable":true,"href":"https:\/\/www.fjpremium.com\/pt\/wp-json\/wp\/v2\/product_cat?post=24022"},{"taxonomy":"product_tag","embeddable":true,"href":"https:\/\/www.fjpremium.com\/pt\/wp-json\/wp\/v2\/product_tag?post=24022"}],"curies":[{"name":"wp","href":"https:\/\/api.w.org\/{rel}","templated":true}]}}