{"id":23996,"date":"2023-12-07T13:28:16","date_gmt":"2023-12-07T05:28:16","guid":{"rendered":"https:\/\/www.fjpremium.com\/?post_type=product&#038;p=23996"},"modified":"2023-12-14T13:51:09","modified_gmt":"2023-12-14T05:51:09","slug":"micro-hdmi-to-hdmi-and-vga-2-in-1-adapter","status":"publish","type":"product","link":"https:\/\/www.fjpremium.com\/pt\/product\/micro-hdmi-to-hdmi-and-vga-2-in-1-adapter\/","title":{"rendered":"Adaptador Micro HDMI para HDMI e VGA 2 em 1"},"content":{"rendered":"<p>O adaptador FARSINCE Micro HDMI para HDMI e VGA suporta o espelhamento de ecr\u00e3 de um computador port\u00e1til\/desktop para 2 TV\/Projetor\/Monitor externos atrav\u00e9s da porta macho HDMI e VGA. Pode obter um ecr\u00e3 maior e espa\u00e7o de escrit\u00f3rio, uma boa escolha para an\u00e1lise de dados, produ\u00e7\u00e3o de v\u00eddeo, educa\u00e7\u00e3o online, escrit\u00f3rio em casa.<\/p>\n<p>Suporta o modo Mirror e suporta uma resolu\u00e7\u00e3o de alta defini\u00e7\u00e3o at\u00e9 4K@30hz (HDMI) e 1920x1080@60 (VGA).<!-- notionvc: ae95a4b4-5d3f-4f25-b1d1-e5932519ddea --><\/p>\n<p><!-- notionvc: d9c15d79-4891-45a8-8a22-7ae2c3a1195d --><\/p>\n<p>As suas especifica\u00e7\u00f5es:<\/p>\n<ul>\n<li>Entrada: HDMI-D macho de alta velocidade, banhado a ouro<\/li>\n<li>Sa\u00edda: VGA 15 pinos f\u00eamea com porcas de parafuso, HDMI f\u00eamea, banhado a ouro<\/li>\n<li>Condutor do cabo: Cobre nu<\/li>\n<li>Bitola do fio: 32AWG<\/li>\n<li>Comprimento do cabo: 25cm<\/li>\n<li>Blindagem tripla: Folha de alum\u00ednio de par individual, folha de alum\u00ednio geral, tran\u00e7a<\/li>\n<li>Revestimento: PVC<\/li>\n<li>Caixa: Inv\u00f3lucro em ABS<\/li>\n<li>Suporta sa\u00edda de v\u00eddeo em VGA:1920*1080@60Hz(Max), em HDMI 4K@30hz<\/li>\n<li>Inclui um chip IC ativo incorporado para obter uma melhor compatibilidade<\/li>\n<li>Conformidade: RoHS, REACH<\/li>\n<\/ul>","protected":false},"excerpt":{"rendered":"<p>O divisor 2 em 1 Micro HDMI para HDMI e VGA \u00e9 conveniente para ligar um ecr\u00e3 externo e um projetor a um computador port\u00e1til HDMI, computador, PC.<\/p>","protected":false},"featured_media":23997,"template":"","meta":{"_acf_changed":false,"_seopress_robots_primary_cat":"","_seopress_titles_title":"Micro HDMI to HDMI and VGA 2 in 1 Adapter-FARSINCE","_seopress_titles_desc":"","_seopress_robots_index":"","site-sidebar-layout":"default","site-content-layout":"default","ast-site-content-layout":"default","site-content-style":"default","site-sidebar-style":"default","ast-global-header-display":"","ast-banner-title-visibility":"","ast-main-header-display":"","ast-hfb-above-header-display":"","ast-hfb-below-header-display":"","ast-hfb-mobile-header-display":"","site-post-title":"","ast-breadcrumbs-content":"","ast-featured-img":"","footer-sml-layout":"","ast-disable-related-posts":"","theme-transparent-header-meta":"default","adv-header-id-meta":"","stick-header-meta":"","header-above-stick-meta":"","header-main-stick-meta":"","header-below-stick-meta":"","astra-migrate-meta-layouts":"set","ast-page-background-enabled":"default","ast-page-background-meta":{"desktop":{"background-color":"","background-image":"","background-repeat":"repeat","background-position":"center center","background-size":"auto","background-attachment":"scroll","background-type":"","background-media":"","overlay-type":"","overlay-color":"","overlay-opacity":"","overlay-gradient":""},"tablet":{"background-color":"","background-image":"","background-repeat":"repeat","background-position":"center center","background-size":"auto","background-attachment":"scroll","background-type":"","background-media":"","overlay-type":"","overlay-color":"","overlay-opacity":"","overlay-gradient":""},"mobile":{"background-color":"","background-image":"","background-repeat":"repeat","background-position":"center center","background-size":"auto","background-attachment":"scroll","background-type":"","background-media":"","overlay-type":"","overlay-color":"","overlay-opacity":"","overlay-gradient":""}},"ast-content-background-meta":{"desktop":{"background-color":"var(--ast-global-color-5)","background-image":"","background-repeat":"repeat","background-position":"center center","background-size":"auto","background-attachment":"scroll","background-type":"","background-media":"","overlay-type":"","overlay-color":"","overlay-opacity":"","overlay-gradient":""},"tablet":{"background-color":"var(--ast-global-color-5)","background-image":"","background-repeat":"repeat","background-position":"center center","background-size":"auto","background-attachment":"scroll","background-type":"","background-media":"","overlay-type":"","overlay-color":"","overlay-opacity":"","overlay-gradient":""},"mobile":{"background-color":"var(--ast-global-color-5)","background-image":"","background-repeat":"repeat","background-position":"center center","background-size":"auto","background-attachment":"scroll","background-type":"","background-media":"","overlay-type":"","overlay-color":"","overlay-opacity":"","overlay-gradient":""}},"iawp_total_views":5},"product_brand":[],"product_cat":[460,211,638],"product_tag":[],"class_list":{"0":"post-23996","1":"product","2":"type-product","3":"status-publish","4":"has-post-thumbnail","6":"product_cat-featured-products","7":"product_cat-hdmi","8":"product_cat-hdmi-cables","9":"desktop-align-left","10":"tablet-align-left","11":"mobile-align-left","13":"first","14":"instock","15":"shipping-taxable","16":"purchasable","17":"product-type-simple"},"acf":[],"_links":{"self":[{"href":"https:\/\/www.fjpremium.com\/pt\/wp-json\/wp\/v2\/product\/23996","targetHints":{"allow":["GET"]}}],"collection":[{"href":"https:\/\/www.fjpremium.com\/pt\/wp-json\/wp\/v2\/product"}],"about":[{"href":"https:\/\/www.fjpremium.com\/pt\/wp-json\/wp\/v2\/types\/product"}],"wp:featuredmedia":[{"embeddable":true,"href":"https:\/\/www.fjpremium.com\/pt\/wp-json\/wp\/v2\/media\/23997"}],"wp:attachment":[{"href":"https:\/\/www.fjpremium.com\/pt\/wp-json\/wp\/v2\/media?parent=23996"}],"wp:term":[{"taxonomy":"product_brand","embeddable":true,"href":"https:\/\/www.fjpremium.com\/pt\/wp-json\/wp\/v2\/product_brand?post=23996"},{"taxonomy":"product_cat","embeddable":true,"href":"https:\/\/www.fjpremium.com\/pt\/wp-json\/wp\/v2\/product_cat?post=23996"},{"taxonomy":"product_tag","embeddable":true,"href":"https:\/\/www.fjpremium.com\/pt\/wp-json\/wp\/v2\/product_tag?post=23996"}],"curies":[{"name":"wp","href":"https:\/\/api.w.org\/{rel}","templated":true}]}}