{"id":23965,"date":"2023-12-07T10:04:37","date_gmt":"2023-12-07T02:04:37","guid":{"rendered":"https:\/\/www.fjpremium.com\/?post_type=product&#038;p=23965"},"modified":"2023-12-14T13:51:13","modified_gmt":"2023-12-14T05:51:13","slug":"angle-hdmi-cable-4k","status":"publish","type":"product","link":"https:\/\/www.fjpremium.com\/pt\/product\/angle-hdmi-cable-4k\/","title":{"rendered":"Cabo HDMI angular 4K, cabo de extens\u00e3o HDMI 2.0 M\/F"},"content":{"rendered":"<p>O cabo de extens\u00e3o Ethernet HDMI de alta velocidade FARSINCE est\u00e1 em conformidade com o padr\u00e3o HDMI 2.0 e combina transfer\u00eancia r\u00e1pida de dados com conex\u00f5es de \u00e1udio \/ v\u00eddeo e Ethernet. Este cabo HDMI 4K prolonga a sua porta HDMI e pode ser utilizado para ligar dispositivos como o PC ou a unidade de DVD\/Blu-ray a um monitor ou televisor e suporta resolu\u00e7\u00f5es HD at\u00e9 4096 x 2160 @ 60 Hz.<\/p>\n<p>Os modelos com \u00e2ngulos de 90 e 270 graus oferecem possibilidades de liga\u00e7\u00e3o em espa\u00e7os pequenos<\/p>\n<p><!-- notionvc: 1a43a930-3921-422c-8297-9f19f4840efd --><\/p>\n<p>As suas especifica\u00e7\u00f5es:<\/p>\n<ul>\n<li>Conector 1: \u00c2ngulo macho HDMI 2.0, banhado a ouro<\/li>\n<li>Conector 2: HDMI 2.0 f\u00eamea, banhado a ouro<\/li>\n<li>Condutor do cabo: Cobre sem oxig\u00e9nio de alta pureza<\/li>\n<li>Bitola do fio: 30AWG<\/li>\n<li>Blindagem tripla: Folha de alum\u00ednio de par individual, folha de alum\u00ednio geral, tran\u00e7a<\/li>\n<li>Revestimento: PVC<\/li>\n<li>Carca\u00e7a: Molde de inje\u00e7\u00e3o<\/li>\n<li>Tipos de \u00e2ngulos dispon\u00edveis: Esquerda, Direita, Cima, Baixo<\/li>\n<li>Taxa de transfer\u00eancia de dados at\u00e9 18 Gbps<\/li>\n<li>Suporta uma resolu\u00e7\u00e3o at\u00e9 4096 x 2160 a 60 Hz<\/li>\n<li>Taxa de atualiza\u00e7\u00e3o at\u00e9 120 Hz<\/li>\n<li>Suporta comandos de controlo CEC 2.0<\/li>\n<li>Suporta HDR, HEC, ARC, 3D, Dolby\u00ae TrueHD e DTS-HD Master Audio\u2122<\/li>\n<li>Conformidade: RoHS, REACH<\/li>\n<\/ul>","protected":false},"excerpt":{"rendered":"<p>Cabo hdmi angular 4K Amplie a liga\u00e7\u00e3o HDMI entre o seu televisor Ultra 4K (UHD TV), HDTV, monitor ou projetor e o dispositivo de origem HDMI.<\/p>","protected":false},"featured_media":23969,"template":"","meta":{"_acf_changed":false,"_seopress_robots_primary_cat":"","_seopress_titles_title":"Angle HDMI Cable 4K-FARSINCE","_seopress_titles_desc":"Angle hdmi cable 4K Extend the HDMI connection between your Ultra 4K TV (UHD TV), HDTV, Monitor or Projector and HDMI source device.","_seopress_robots_index":"","site-sidebar-layout":"default","site-content-layout":"default","ast-site-content-layout":"default","site-content-style":"default","site-sidebar-style":"default","ast-global-header-display":"","ast-banner-title-visibility":"","ast-main-header-display":"","ast-hfb-above-header-display":"","ast-hfb-below-header-display":"","ast-hfb-mobile-header-display":"","site-post-title":"","ast-breadcrumbs-content":"","ast-featured-img":"","footer-sml-layout":"","ast-disable-related-posts":"","theme-transparent-header-meta":"default","adv-header-id-meta":"","stick-header-meta":"","header-above-stick-meta":"","header-main-stick-meta":"","header-below-stick-meta":"","astra-migrate-meta-layouts":"set","ast-page-background-enabled":"default","ast-page-background-meta":{"desktop":{"background-color":"","background-image":"","background-repeat":"repeat","background-position":"center center","background-size":"auto","background-attachment":"scroll","background-type":"","background-media":"","overlay-type":"","overlay-color":"","overlay-opacity":"","overlay-gradient":""},"tablet":{"background-color":"","background-image":"","background-repeat":"repeat","background-position":"center center","background-size":"auto","background-attachment":"scroll","background-type":"","background-media":"","overlay-type":"","overlay-color":"","overlay-opacity":"","overlay-gradient":""},"mobile":{"background-color":"","background-image":"","background-repeat":"repeat","background-position":"center center","background-size":"auto","background-attachment":"scroll","background-type":"","background-media":"","overlay-type":"","overlay-color":"","overlay-opacity":"","overlay-gradient":""}},"ast-content-background-meta":{"desktop":{"background-color":"var(--ast-global-color-5)","background-image":"","background-repeat":"repeat","background-position":"center center","background-size":"auto","background-attachment":"scroll","background-type":"","background-media":"","overlay-type":"","overlay-color":"","overlay-opacity":"","overlay-gradient":""},"tablet":{"background-color":"var(--ast-global-color-5)","background-image":"","background-repeat":"repeat","background-position":"center center","background-size":"auto","background-attachment":"scroll","background-type":"","background-media":"","overlay-type":"","overlay-color":"","overlay-opacity":"","overlay-gradient":""},"mobile":{"background-color":"var(--ast-global-color-5)","background-image":"","background-repeat":"repeat","background-position":"center center","background-size":"auto","background-attachment":"scroll","background-type":"","background-media":"","overlay-type":"","overlay-color":"","overlay-opacity":"","overlay-gradient":""}},"iawp_total_views":3},"product_brand":[],"product_cat":[211,638],"product_tag":[],"class_list":{"0":"post-23965","1":"product","2":"type-product","3":"status-publish","4":"has-post-thumbnail","6":"product_cat-hdmi","7":"product_cat-hdmi-cables","8":"desktop-align-left","9":"tablet-align-left","10":"mobile-align-left","12":"first","13":"instock","14":"shipping-taxable","15":"purchasable","16":"product-type-simple"},"acf":[],"_links":{"self":[{"href":"https:\/\/www.fjpremium.com\/pt\/wp-json\/wp\/v2\/product\/23965","targetHints":{"allow":["GET"]}}],"collection":[{"href":"https:\/\/www.fjpremium.com\/pt\/wp-json\/wp\/v2\/product"}],"about":[{"href":"https:\/\/www.fjpremium.com\/pt\/wp-json\/wp\/v2\/types\/product"}],"wp:featuredmedia":[{"embeddable":true,"href":"https:\/\/www.fjpremium.com\/pt\/wp-json\/wp\/v2\/media\/23969"}],"wp:attachment":[{"href":"https:\/\/www.fjpremium.com\/pt\/wp-json\/wp\/v2\/media?parent=23965"}],"wp:term":[{"taxonomy":"product_brand","embeddable":true,"href":"https:\/\/www.fjpremium.com\/pt\/wp-json\/wp\/v2\/product_brand?post=23965"},{"taxonomy":"product_cat","embeddable":true,"href":"https:\/\/www.fjpremium.com\/pt\/wp-json\/wp\/v2\/product_cat?post=23965"},{"taxonomy":"product_tag","embeddable":true,"href":"https:\/\/www.fjpremium.com\/pt\/wp-json\/wp\/v2\/product_tag?post=23965"}],"curies":[{"name":"wp","href":"https:\/\/api.w.org\/{rel}","templated":true}]}}