{"id":23963,"date":"2023-12-07T09:21:06","date_gmt":"2023-12-07T01:21:06","guid":{"rendered":"https:\/\/www.fjpremium.com\/?post_type=product&#038;p=23963"},"modified":"2023-12-14T13:51:13","modified_gmt":"2023-12-14T05:51:13","slug":"8k-hdmi-2-1-extension-cable","status":"publish","type":"product","link":"https:\/\/www.fjpremium.com\/pt\/product\/8k-hdmi-2-1-extension-cable\/","title":{"rendered":"Melhor cabo de extens\u00e3o 8K HDMI 2.1"},"content":{"rendered":"<p>O cabo de extens\u00e3o HDMI 2.1 de alta velocidade FARSINCE com Ethernet est\u00e1 em conformidade com a mais recente norma HDMI e combina uma r\u00e1pida transfer\u00eancia de dados, bem como uma liga\u00e7\u00e3o \u00e1udio\/v\u00eddeo e Ethernet. O cabo prolonga a sua interface HDMI e pode ser utilizado para ligar dispositivos como, por exemplo, um PC ou uma unidade de DVD\/Blu-ray a um monitor ou televisor. suporta uma resolu\u00e7\u00e3o de v\u00eddeo at\u00e9 8K@60Hz, A interface HDMI-A \u00e9 compat\u00edvel com os seus antecessores e permite-lhe utilizar os dispositivos existentes.<\/p>\n<p>As suas especifica\u00e7\u00f5es:<\/p>\n<ul>\n<li>Conector 1: HDMI 2.1 macho<\/li>\n<li>Conector 2: HDMI 2.1 F\u00eamea<\/li>\n<li>Condutor do cabo: Cobre sem oxig\u00e9nio de alta pureza<\/li>\n<li>Bitola do fio: 28+30AWG<\/li>\n<li>Blindagem tripla: Folha de alum\u00ednio de par individual, folha de alum\u00ednio geral, tran\u00e7a<\/li>\n<li>Revestimento: PVC<\/li>\n<li>Caixa: Carca\u00e7a de alum\u00ednio<\/li>\n<li>Taxa de transfer\u00eancia de dados at\u00e9 48 Gbps<\/li>\n<li>Resolu\u00e7\u00e3o at\u00e9: 7680 x 4320 a 60 Hz \/ 5120 x 2880 a 120 Hz \/ 3840 x 2160 a 240 Hz<\/li>\n<li>Suporte 3D: at\u00e9 3840 x 2160 a 120 Hz<\/li>\n<li>Suporta Display Stream Compression 1.2 (DSC), Dolby\u00ae Vision, Dynamic HDR, Game Mode VRR, eARC<\/li>\n<li>Suporta Dolby\u00ae TrueHD e DTS-HD Master Audio\u2122<\/li>\n<li>Suporta comandos de controlo CEC 2.0<\/li>\n<li>Conformidade: RoHS, REACH<\/li>\n<\/ul>","protected":false},"excerpt":{"rendered":"<p>O cabo de extens\u00e3o 8K HDMI 2.1 prolonga a liga\u00e7\u00e3o HDMI entre o seu televisor Ultra 8K (UHD TV), HDTV, monitor ou projetor e o dispositivo de origem HDMI.<\/p>","protected":false},"featured_media":23957,"template":"","meta":{"_acf_changed":false,"_seopress_robots_primary_cat":"","_seopress_titles_title":"8K HDMI 2.1 Extension Cable-FARSINCE","_seopress_titles_desc":"8K HDMI 2.1 Extension Cable extend the HDMI connection between your Ultra 8K TV (UHD TV), HDTV, Monitor or Projector and HDMI source device.","_seopress_robots_index":"","site-sidebar-layout":"default","site-content-layout":"default","ast-site-content-layout":"default","site-content-style":"default","site-sidebar-style":"default","ast-global-header-display":"","ast-banner-title-visibility":"","ast-main-header-display":"","ast-hfb-above-header-display":"","ast-hfb-below-header-display":"","ast-hfb-mobile-header-display":"","site-post-title":"","ast-breadcrumbs-content":"","ast-featured-img":"","footer-sml-layout":"","ast-disable-related-posts":"","theme-transparent-header-meta":"default","adv-header-id-meta":"","stick-header-meta":"","header-above-stick-meta":"","header-main-stick-meta":"","header-below-stick-meta":"","astra-migrate-meta-layouts":"set","ast-page-background-enabled":"default","ast-page-background-meta":{"desktop":{"background-color":"","background-image":"","background-repeat":"repeat","background-position":"center center","background-size":"auto","background-attachment":"scroll","background-type":"","background-media":"","overlay-type":"","overlay-color":"","overlay-opacity":"","overlay-gradient":""},"tablet":{"background-color":"","background-image":"","background-repeat":"repeat","background-position":"center center","background-size":"auto","background-attachment":"scroll","background-type":"","background-media":"","overlay-type":"","overlay-color":"","overlay-opacity":"","overlay-gradient":""},"mobile":{"background-color":"","background-image":"","background-repeat":"repeat","background-position":"center center","background-size":"auto","background-attachment":"scroll","background-type":"","background-media":"","overlay-type":"","overlay-color":"","overlay-opacity":"","overlay-gradient":""}},"ast-content-background-meta":{"desktop":{"background-color":"var(--ast-global-color-5)","background-image":"","background-repeat":"repeat","background-position":"center center","background-size":"auto","background-attachment":"scroll","background-type":"","background-media":"","overlay-type":"","overlay-color":"","overlay-opacity":"","overlay-gradient":""},"tablet":{"background-color":"var(--ast-global-color-5)","background-image":"","background-repeat":"repeat","background-position":"center center","background-size":"auto","background-attachment":"scroll","background-type":"","background-media":"","overlay-type":"","overlay-color":"","overlay-opacity":"","overlay-gradient":""},"mobile":{"background-color":"var(--ast-global-color-5)","background-image":"","background-repeat":"repeat","background-position":"center center","background-size":"auto","background-attachment":"scroll","background-type":"","background-media":"","overlay-type":"","overlay-color":"","overlay-opacity":"","overlay-gradient":""}},"iawp_total_views":7},"product_brand":[],"product_cat":[211,638],"product_tag":[],"class_list":{"0":"post-23963","1":"product","2":"type-product","3":"status-publish","4":"has-post-thumbnail","6":"product_cat-hdmi","7":"product_cat-hdmi-cables","8":"desktop-align-left","9":"tablet-align-left","10":"mobile-align-left","12":"first","13":"instock","14":"shipping-taxable","15":"purchasable","16":"product-type-simple"},"acf":[],"_links":{"self":[{"href":"https:\/\/www.fjpremium.com\/pt\/wp-json\/wp\/v2\/product\/23963","targetHints":{"allow":["GET"]}}],"collection":[{"href":"https:\/\/www.fjpremium.com\/pt\/wp-json\/wp\/v2\/product"}],"about":[{"href":"https:\/\/www.fjpremium.com\/pt\/wp-json\/wp\/v2\/types\/product"}],"wp:featuredmedia":[{"embeddable":true,"href":"https:\/\/www.fjpremium.com\/pt\/wp-json\/wp\/v2\/media\/23957"}],"wp:attachment":[{"href":"https:\/\/www.fjpremium.com\/pt\/wp-json\/wp\/v2\/media?parent=23963"}],"wp:term":[{"taxonomy":"product_brand","embeddable":true,"href":"https:\/\/www.fjpremium.com\/pt\/wp-json\/wp\/v2\/product_brand?post=23963"},{"taxonomy":"product_cat","embeddable":true,"href":"https:\/\/www.fjpremium.com\/pt\/wp-json\/wp\/v2\/product_cat?post=23963"},{"taxonomy":"product_tag","embeddable":true,"href":"https:\/\/www.fjpremium.com\/pt\/wp-json\/wp\/v2\/product_tag?post=23963"}],"curies":[{"name":"wp","href":"https:\/\/api.w.org\/{rel}","templated":true}]}}