{"id":17936,"date":"2022-01-06T15:02:44","date_gmt":"2022-01-06T07:02:44","guid":{"rendered":"https:\/\/www.fjpremium.com\/?post_type=product&#038;p=17936"},"modified":"2023-12-14T14:09:48","modified_gmt":"2023-12-14T06:09:48","slug":"braided-usb4-0-cable-8k-40gbps-twist-cable","status":"publish","type":"product","link":"https:\/\/www.fjpremium.com\/pt\/product\/braided-usb4-0-cable-8k-40gbps-twist-cable\/","title":{"rendered":"Cabo USB 4.0 entran\u00e7ado, cabo de tor\u00e7\u00e3o 8K 40Gbps"},"content":{"rendered":"<p>Compat\u00edvel com as portas Thunderbolt 4, 3, USB-C e at\u00e9 compat\u00edvel com dispositivos Thunderbolt 2 e USB 2.0 a 3.2 Gen 2, este cabo promete uma utiliza\u00e7\u00e3o abrangente.<\/p>\n<p>Garante uma liga\u00e7\u00e3o robusta entre v\u00e1rios dispositivos, desde os mais recentes dispositivos m\u00f3veis, computadores port\u00e1teis, eGPUs e dispositivos de RV a adaptadores 10GbE e esta\u00e7\u00f5es de ancoragem.<\/p>\n<p>A sua capacidade de transfer\u00eancia de dados bidirecional e de canal duplo proporciona uma taxa de dados espantosa de 40 Gbps, garantindo uma transmiss\u00e3o de dados extremamente r\u00e1pida.<\/p>\n<p>Al\u00e9m disso, suporta resolu\u00e7\u00f5es de ecr\u00e3 at\u00e9 7680*4320@60Hz e d\u00e1 vida \u00e0 sua experi\u00eancia de visualiza\u00e7\u00e3o.<\/p>\n<p>O cabo suporta HDR10, HDCP 1.4 e 2, juntamente com os protocolos PCI Express 3.0 e DisplayPort 1.4a, proporcionando uma utilidade diversificada.<\/p>\n<p>Concebido com um condutor de cobre estanhado por tor\u00e7\u00e3o e alojado numa liga de alum\u00ednio, apresenta uma durabilidade excecional.<\/p>\n<p>A constru\u00e7\u00e3o do cabo entran\u00e7ado e torcido proporciona maior resist\u00eancia, enquanto o contacto banhado a ouro e o inv\u00f3lucro banhado a n\u00edquel garantem uma liga\u00e7\u00e3o est\u00e1vel.<\/p>\n<p>Al\u00e9m disso, o nosso cabo USB 4.0 suporta o fornecimento de energia USB (USB PD 3.0) at\u00e9 100 watts (20V\/5A), tornando-o numa solu\u00e7\u00e3o de carregamento eficiente.<\/p>\n<p>Al\u00e9m disso, est\u00e1 em conformidade com as normas RoHS e REACH, o que garante o cumprimento de normas de seguran\u00e7a rigorosas. Em geral, contacte-nos hoje e invista neste cabo USB 4.0.<\/p>\n<h2>Descarregar:<\/h2>\n<ul>\n<li>Descarregar o <em><strong><span style=\"color: #00569c;\"><a style=\"color: #00569c;\" href=\"https:\/\/www.fjpremium.com\/download\/Spec Sheet_FS16703B U4 cable twist.pdf\" target=\"_blank\" rel=\"noopener\">Folha de especifica\u00e7\u00f5es<\/a><\/span><\/strong><\/em><\/li>\n<\/ul>","protected":false},"excerpt":{"rendered":"<p>Prepare-se para uma conetividade de n\u00edvel superior com o nosso cabo USB 4.0 entran\u00e7ado, que oferece uma transfer\u00eancia de dados extremamente r\u00e1pida de 40 Gbps e suporte para ecr\u00e3s 8K.<\/p>","protected":false},"featured_media":17946,"template":"","meta":{"_acf_changed":false,"_seopress_robots_primary_cat":"","_seopress_titles_title":"Best Braided USB 4.0 Cable - Farsince","_seopress_titles_desc":"Get ready for next-level connectivity with our braided USB 4.0 cable, which offers lightning-fast 40Gbps data transfer and 8K display support.","_seopress_robots_index":"","site-sidebar-layout":"default","site-content-layout":"default","ast-site-content-layout":"default","site-content-style":"default","site-sidebar-style":"default","ast-global-header-display":"","ast-banner-title-visibility":"","ast-main-header-display":"","ast-hfb-above-header-display":"","ast-hfb-below-header-display":"","ast-hfb-mobile-header-display":"","site-post-title":"","ast-breadcrumbs-content":"","ast-featured-img":"","footer-sml-layout":"","ast-disable-related-posts":"","theme-transparent-header-meta":"default","adv-header-id-meta":"","stick-header-meta":"","header-above-stick-meta":"","header-main-stick-meta":"","header-below-stick-meta":"","astra-migrate-meta-layouts":"set","ast-page-background-enabled":"default","ast-page-background-meta":{"desktop":{"background-color":"","background-image":"","background-repeat":"repeat","background-position":"center center","background-size":"auto","background-attachment":"scroll","background-type":"","background-media":"","overlay-type":"","overlay-color":"","overlay-opacity":"","overlay-gradient":""},"tablet":{"background-color":"","background-image":"","background-repeat":"repeat","background-position":"center center","background-size":"auto","background-attachment":"scroll","background-type":"","background-media":"","overlay-type":"","overlay-color":"","overlay-opacity":"","overlay-gradient":""},"mobile":{"background-color":"","background-image":"","background-repeat":"repeat","background-position":"center center","background-size":"auto","background-attachment":"scroll","background-type":"","background-media":"","overlay-type":"","overlay-color":"","overlay-opacity":"","overlay-gradient":""}},"ast-content-background-meta":{"desktop":{"background-color":"var(--ast-global-color-5)","background-image":"","background-repeat":"repeat","background-position":"center center","background-size":"auto","background-attachment":"scroll","background-type":"","background-media":"","overlay-type":"","overlay-color":"","overlay-opacity":"","overlay-gradient":""},"tablet":{"background-color":"var(--ast-global-color-5)","background-image":"","background-repeat":"repeat","background-position":"center center","background-size":"auto","background-attachment":"scroll","background-type":"","background-media":"","overlay-type":"","overlay-color":"","overlay-opacity":"","overlay-gradient":""},"mobile":{"background-color":"var(--ast-global-color-5)","background-image":"","background-repeat":"repeat","background-position":"center center","background-size":"auto","background-attachment":"scroll","background-type":"","background-media":"","overlay-type":"","overlay-color":"","overlay-opacity":"","overlay-gradient":""}},"iawp_total_views":9},"product_brand":[],"product_cat":[653,634],"product_tag":[],"class_list":{"0":"post-17936","1":"product","2":"type-product","3":"status-publish","4":"has-post-thumbnail","6":"product_cat-usb-c","7":"product_cat-usb4-thunderbolt","8":"desktop-align-left","9":"tablet-align-left","10":"mobile-align-left","12":"first","13":"instock","14":"shipping-taxable","15":"purchasable","16":"product-type-simple"},"acf":[],"_links":{"self":[{"href":"https:\/\/www.fjpremium.com\/pt\/wp-json\/wp\/v2\/product\/17936","targetHints":{"allow":["GET"]}}],"collection":[{"href":"https:\/\/www.fjpremium.com\/pt\/wp-json\/wp\/v2\/product"}],"about":[{"href":"https:\/\/www.fjpremium.com\/pt\/wp-json\/wp\/v2\/types\/product"}],"wp:featuredmedia":[{"embeddable":true,"href":"https:\/\/www.fjpremium.com\/pt\/wp-json\/wp\/v2\/media\/17946"}],"wp:attachment":[{"href":"https:\/\/www.fjpremium.com\/pt\/wp-json\/wp\/v2\/media?parent=17936"}],"wp:term":[{"taxonomy":"product_brand","embeddable":true,"href":"https:\/\/www.fjpremium.com\/pt\/wp-json\/wp\/v2\/product_brand?post=17936"},{"taxonomy":"product_cat","embeddable":true,"href":"https:\/\/www.fjpremium.com\/pt\/wp-json\/wp\/v2\/product_cat?post=17936"},{"taxonomy":"product_tag","embeddable":true,"href":"https:\/\/www.fjpremium.com\/pt\/wp-json\/wp\/v2\/product_tag?post=17936"}],"curies":[{"name":"wp","href":"https:\/\/api.w.org\/{rel}","templated":true}]}}