{"id":17926,"date":"2022-01-06T14:29:22","date_gmt":"2022-01-06T06:29:22","guid":{"rendered":"https:\/\/www.fjpremium.com\/?post_type=product&#038;p=17926"},"modified":"2023-12-14T14:09:54","modified_gmt":"2023-12-14T06:09:54","slug":"usb4-cable-8k-40gbps-coaxial-cable","status":"publish","type":"product","link":"https:\/\/www.fjpremium.com\/pt\/product\/usb4-cable-8k-40gbps-coaxial-cable\/","title":{"rendered":"Cabo USB 4, cabo coaxial 8k 40Gbps"},"content":{"rendered":"<p>Concebido para ser compat\u00edvel, o cabo USB 4 liga-se sem problemas a dispositivos com portas Thunderbolt 4, 3 e USB-C e \u00e9 retrocompat\u00edvel com dispositivos Thunderbolt 2 e USB 3.2 Gen 2 para USB 2.0.<\/p>\n<p>Esta versatilidade permite-lhe ligar smartphones, monitores, SSDs externos, eGPUs, dispositivos de RV, adaptadores 10GbE e v\u00e1rios outros dispositivos atrav\u00e9s de uma porta USB Type-C ou Thunderbolt 3.<\/p>\n<p>Com uma taxa de transfer\u00eancia de dados de 40Gbps e suporte para uma resolu\u00e7\u00e3o de ecr\u00e3 at\u00e9 7680*4320@60Hz, obt\u00e9m um fluxo de dados suave e r\u00e1pido e imagens vibrantes.<\/p>\n<p>O nosso cabo tamb\u00e9m \u00e9 fornecido com transfer\u00eancia de dados bidirecional de canal duplo e suporta USB Power Delivery (USB PD 3.0) at\u00e9 100 watts, o que o torna uma solu\u00e7\u00e3o de fornecimento de energia eficiente.<\/p>\n<p>Al\u00e9m disso, constru\u00eddo para durar, este cabo possui oito condutores coaxiais de cobre estanhado, contactos banhados a ouro e um inv\u00f3lucro banhado a n\u00edquel.<\/p>\n<p>A blindagem tripla proporciona uma prote\u00e7\u00e3o superior, enquanto a robusta estrutura em liga de alum\u00ednio aumenta a durabilidade do cabo.<\/p>\n<p>E, em conformidade com as normas RoHS e REACH, cumpre elevados padr\u00f5es de seguran\u00e7a, prometendo-lhe um produto fi\u00e1vel e seguro.<\/p>\n<p>Assim, contacte-nos hoje mesmo e invista no nosso cabo USB 4.<\/p>\n<h2>Descarregar:<\/h2>\n<ul>\n<li>Descarregar o <a href=\"https:\/\/www.fjpremium.com\/download\/Spec Sheet_FS16703A U4 cable coaxial.pdf\" target=\"_blank\" rel=\"noopener\">Folha de especifica\u00e7\u00f5es<\/a><\/li>\n<\/ul>","protected":false},"excerpt":{"rendered":"<p>Renove a sua conetividade digital com este cabo USB 4 de \u00faltima gera\u00e7\u00e3o, cabo coaxial 8K 40Gbps, equipado com transfer\u00eancia de dados ultra-r\u00e1pida e compatibilidade universal<\/p>","protected":false},"featured_media":17934,"template":"","meta":{"_acf_changed":false,"_seopress_robots_primary_cat":"","_seopress_titles_title":"Best USB 4 Cable, 8k 40Gbps Coaxial Cable - FARSINCE","_seopress_titles_desc":"","_seopress_robots_index":"","site-sidebar-layout":"default","site-content-layout":"default","ast-site-content-layout":"default","site-content-style":"default","site-sidebar-style":"default","ast-global-header-display":"","ast-banner-title-visibility":"","ast-main-header-display":"","ast-hfb-above-header-display":"","ast-hfb-below-header-display":"","ast-hfb-mobile-header-display":"","site-post-title":"","ast-breadcrumbs-content":"","ast-featured-img":"","footer-sml-layout":"","ast-disable-related-posts":"","theme-transparent-header-meta":"default","adv-header-id-meta":"","stick-header-meta":"","header-above-stick-meta":"","header-main-stick-meta":"","header-below-stick-meta":"","astra-migrate-meta-layouts":"set","ast-page-background-enabled":"default","ast-page-background-meta":{"desktop":{"background-color":"","background-image":"","background-repeat":"repeat","background-position":"center center","background-size":"auto","background-attachment":"scroll","background-type":"","background-media":"","overlay-type":"","overlay-color":"","overlay-opacity":"","overlay-gradient":""},"tablet":{"background-color":"","background-image":"","background-repeat":"repeat","background-position":"center center","background-size":"auto","background-attachment":"scroll","background-type":"","background-media":"","overlay-type":"","overlay-color":"","overlay-opacity":"","overlay-gradient":""},"mobile":{"background-color":"","background-image":"","background-repeat":"repeat","background-position":"center center","background-size":"auto","background-attachment":"scroll","background-type":"","background-media":"","overlay-type":"","overlay-color":"","overlay-opacity":"","overlay-gradient":""}},"ast-content-background-meta":{"desktop":{"background-color":"var(--ast-global-color-5)","background-image":"","background-repeat":"repeat","background-position":"center center","background-size":"auto","background-attachment":"scroll","background-type":"","background-media":"","overlay-type":"","overlay-color":"","overlay-opacity":"","overlay-gradient":""},"tablet":{"background-color":"var(--ast-global-color-5)","background-image":"","background-repeat":"repeat","background-position":"center center","background-size":"auto","background-attachment":"scroll","background-type":"","background-media":"","overlay-type":"","overlay-color":"","overlay-opacity":"","overlay-gradient":""},"mobile":{"background-color":"var(--ast-global-color-5)","background-image":"","background-repeat":"repeat","background-position":"center center","background-size":"auto","background-attachment":"scroll","background-type":"","background-media":"","overlay-type":"","overlay-color":"","overlay-opacity":"","overlay-gradient":""}},"iawp_total_views":9},"product_brand":[],"product_cat":[653,634],"product_tag":[],"class_list":{"0":"post-17926","1":"product","2":"type-product","3":"status-publish","4":"has-post-thumbnail","6":"product_cat-usb-c","7":"product_cat-usb4-thunderbolt","8":"desktop-align-left","9":"tablet-align-left","10":"mobile-align-left","12":"first","13":"instock","14":"shipping-taxable","15":"purchasable","16":"product-type-simple"},"acf":[],"_links":{"self":[{"href":"https:\/\/www.fjpremium.com\/pt\/wp-json\/wp\/v2\/product\/17926","targetHints":{"allow":["GET"]}}],"collection":[{"href":"https:\/\/www.fjpremium.com\/pt\/wp-json\/wp\/v2\/product"}],"about":[{"href":"https:\/\/www.fjpremium.com\/pt\/wp-json\/wp\/v2\/types\/product"}],"wp:featuredmedia":[{"embeddable":true,"href":"https:\/\/www.fjpremium.com\/pt\/wp-json\/wp\/v2\/media\/17934"}],"wp:attachment":[{"href":"https:\/\/www.fjpremium.com\/pt\/wp-json\/wp\/v2\/media?parent=17926"}],"wp:term":[{"taxonomy":"product_brand","embeddable":true,"href":"https:\/\/www.fjpremium.com\/pt\/wp-json\/wp\/v2\/product_brand?post=17926"},{"taxonomy":"product_cat","embeddable":true,"href":"https:\/\/www.fjpremium.com\/pt\/wp-json\/wp\/v2\/product_cat?post=17926"},{"taxonomy":"product_tag","embeddable":true,"href":"https:\/\/www.fjpremium.com\/pt\/wp-json\/wp\/v2\/product_tag?post=17926"}],"curies":[{"name":"wp","href":"https:\/\/api.w.org\/{rel}","templated":true}]}}