{"id":17736,"date":"2021-03-12T14:38:17","date_gmt":"2021-03-12T06:38:17","guid":{"rendered":"https:\/\/www.fjpremium.com\/?post_type=product&#038;p=17736"},"modified":"2023-12-14T13:58:47","modified_gmt":"2023-12-14T05:58:47","slug":"pd-wall-charger-kit-pd-18w-charger-adapter-and-cable-usb-c-to-8pin-charger-cable","status":"publish","type":"product","link":"https:\/\/www.fjpremium.com\/pt\/product\/pd-wall-charger-kit-pd-18w-charger-adapter-and-cable-usb-c-to-8pin-charger-cable\/","title":{"rendered":"Kit de carregador de parede PD Adaptador de carregador PD 18W e cabo USB C para cabo de carregador de 8 pinos"},"content":{"rendered":"<div>\n<div id=\"ali-anchor-AliMagic-osc0im\" data-section=\"AliMagic-osc0im\" data-section-title=\"Product Description\" data-spm-anchor-id=\"a2700.details.0.i21.bb5b731fRqv8Da\">\n<p>Este eficiente kit de carregador inclui um robusto adaptador de carregador PD 18W e um cabo de carregador USB C para 8 pinos.<\/p>\n<p>Fabricado com tecnologia de ponta, o conetor tipo C garante um carregamento r\u00e1pido e eficiente, enquanto o conetor lightning oferece versatilidade.<\/p>\n<p>Envolvido num revestimento de PVC e TPE ABS, o kit foi concebido para ser dur\u00e1vel. Pode escolher entre o preto elegante ou o branco puro para corresponder \u00e0 sua prefer\u00eancia est\u00e9tica.<\/p>\n<p>E com cada compra, receber\u00e1 o produto numa caixa de cor vibrante, simbolizando o nosso compromisso com a qualidade e a experi\u00eancia do utilizador.<\/p>\n<p>Al\u00e9m disso, o nosso kit de adaptador de carregador de 18 W cumpre as normas ROHS e tem uma garantia de 2 anos. Em conclus\u00e3o, contacte-nos hoje mesmo e invista nele.<\/p>\n<\/div>\n<\/div>\n<div><\/div>","protected":false},"excerpt":{"rendered":"<p>Aumente a efici\u00eancia do carregamento com o adaptador de carregador Farsince PD 18W e um cabo USB C para 8 pinos, que oferece um carregamento r\u00e1pido e fi\u00e1vel em duas cores elegantes.<\/p>","protected":false},"featured_media":17737,"template":"","meta":{"_acf_changed":false,"_seopress_robots_primary_cat":"","_seopress_titles_title":"PD Wall Charger Kit PD 18W Charger Adapter - Farsince","_seopress_titles_desc":"","_seopress_robots_index":"","site-sidebar-layout":"default","site-content-layout":"default","ast-site-content-layout":"default","site-content-style":"default","site-sidebar-style":"default","ast-global-header-display":"","ast-banner-title-visibility":"","ast-main-header-display":"","ast-hfb-above-header-display":"","ast-hfb-below-header-display":"","ast-hfb-mobile-header-display":"","site-post-title":"","ast-breadcrumbs-content":"","ast-featured-img":"","footer-sml-layout":"","ast-disable-related-posts":"","theme-transparent-header-meta":"default","adv-header-id-meta":"","stick-header-meta":"","header-above-stick-meta":"","header-main-stick-meta":"","header-below-stick-meta":"","astra-migrate-meta-layouts":"set","ast-page-background-enabled":"default","ast-page-background-meta":{"desktop":{"background-color":"","background-image":"","background-repeat":"repeat","background-position":"center center","background-size":"auto","background-attachment":"scroll","background-type":"","background-media":"","overlay-type":"","overlay-color":"","overlay-opacity":"","overlay-gradient":""},"tablet":{"background-color":"","background-image":"","background-repeat":"repeat","background-position":"center center","background-size":"auto","background-attachment":"scroll","background-type":"","background-media":"","overlay-type":"","overlay-color":"","overlay-opacity":"","overlay-gradient":""},"mobile":{"background-color":"","background-image":"","background-repeat":"repeat","background-position":"center center","background-size":"auto","background-attachment":"scroll","background-type":"","background-media":"","overlay-type":"","overlay-color":"","overlay-opacity":"","overlay-gradient":""}},"ast-content-background-meta":{"desktop":{"background-color":"var(--ast-global-color-5)","background-image":"","background-repeat":"repeat","background-position":"center center","background-size":"auto","background-attachment":"scroll","background-type":"","background-media":"","overlay-type":"","overlay-color":"","overlay-opacity":"","overlay-gradient":""},"tablet":{"background-color":"var(--ast-global-color-5)","background-image":"","background-repeat":"repeat","background-position":"center center","background-size":"auto","background-attachment":"scroll","background-type":"","background-media":"","overlay-type":"","overlay-color":"","overlay-opacity":"","overlay-gradient":""},"mobile":{"background-color":"var(--ast-global-color-5)","background-image":"","background-repeat":"repeat","background-position":"center center","background-size":"auto","background-attachment":"scroll","background-type":"","background-media":"","overlay-type":"","overlay-color":"","overlay-opacity":"","overlay-gradient":""}},"iawp_total_views":6},"product_brand":[],"product_cat":[636,207],"product_tag":[],"class_list":{"0":"post-17736","1":"product","2":"type-product","3":"status-publish","4":"has-post-thumbnail","6":"product_cat-usb-2-0-cables","7":"product_cat-pc-phone-accessories","8":"desktop-align-left","9":"tablet-align-left","10":"mobile-align-left","12":"first","13":"instock","14":"shipping-taxable","15":"purchasable","16":"product-type-simple"},"acf":[],"_links":{"self":[{"href":"https:\/\/www.fjpremium.com\/pt\/wp-json\/wp\/v2\/product\/17736","targetHints":{"allow":["GET"]}}],"collection":[{"href":"https:\/\/www.fjpremium.com\/pt\/wp-json\/wp\/v2\/product"}],"about":[{"href":"https:\/\/www.fjpremium.com\/pt\/wp-json\/wp\/v2\/types\/product"}],"wp:featuredmedia":[{"embeddable":true,"href":"https:\/\/www.fjpremium.com\/pt\/wp-json\/wp\/v2\/media\/17737"}],"wp:attachment":[{"href":"https:\/\/www.fjpremium.com\/pt\/wp-json\/wp\/v2\/media?parent=17736"}],"wp:term":[{"taxonomy":"product_brand","embeddable":true,"href":"https:\/\/www.fjpremium.com\/pt\/wp-json\/wp\/v2\/product_brand?post=17736"},{"taxonomy":"product_cat","embeddable":true,"href":"https:\/\/www.fjpremium.com\/pt\/wp-json\/wp\/v2\/product_cat?post=17736"},{"taxonomy":"product_tag","embeddable":true,"href":"https:\/\/www.fjpremium.com\/pt\/wp-json\/wp\/v2\/product_tag?post=17736"}],"curies":[{"name":"wp","href":"https:\/\/api.w.org\/{rel}","templated":true}]}}