{"id":17718,"date":"2021-03-11T10:51:11","date_gmt":"2021-03-11T02:51:11","guid":{"rendered":"https:\/\/www.fjpremium.com\/?post_type=product&#038;p=17718"},"modified":"2023-05-24T14:41:22","modified_gmt":"2023-05-24T06:41:22","slug":"apple-lightning-to-3-5mm-male-headphone-audio-adapter-cable-3ft-6ft","status":"publish","type":"product","link":"https:\/\/www.fjpremium.com\/pt\/product\/apple-lightning-to-3-5mm-male-headphone-audio-adapter-cable-3ft-6ft\/","title":{"rendered":"Cabo adaptador de \u00e1udio para auscultadores Apple Lightning para macho de 3,5 mm 3 p\u00e9s 6 p\u00e9s"},"content":{"rendered":"<p>Este cabo adaptador de \u00e1udio foi concebido para funcionar na perfei\u00e7\u00e3o com todos os dispositivos com um conetor Lightning e compat\u00edveis com iOS 10 ou posterior, incluindo iPod touch, iPad e iPhone.<\/p>\n<p>Oferece uma forma f\u00e1cil de utilizar os seus auscultadores de 3,5 mm existentes com v\u00e1rios modelos de iPhone, como o iPhone s\u00e9rie 12, s\u00e9rie 11, XS, XR, X, 8, 7 e 6 Plus.<\/p>\n<p>E tamb\u00e9m alarga a compatibilidade aos iPod Touches de 6\u00aa gera\u00e7\u00e3o, iPad Mini, iPad Air e iPad Pro.<\/p>\n<p>No entanto, o cabo n\u00e3o \u00e9 compat\u00edvel com os modelos iPad Pro 11\u2033 \/ 12,9\u2033 de 2018, que utilizam uma interface USB-C.<\/p>\n<p>Equipado com o chipset original C100 ou C101, o nosso cabo adaptador de \u00e1udio suporta as funcionalidades de auscultadores e microfone.<\/p>\n<p>Inclui tecnologia avan\u00e7ada de redu\u00e7\u00e3o de ru\u00eddo e suporta uma sa\u00edda de \u00e1udio de at\u00e9 48 kHz e 26 bits, proporcionando uma qualidade de som perfeita para melhorar a sua experi\u00eancia de audi\u00e7\u00e3o.<\/p>\n<p>Para al\u00e9m de ouvir m\u00fasica, o cabo tamb\u00e9m suporta fun\u00e7\u00f5es de controlo de fios, como um microfone, controlo de volume, fun\u00e7\u00f5es de pausa e reprodu\u00e7\u00e3o.<\/p>\n<p>\u00c9 \"plug-and-play\", n\u00e3o requerendo altera\u00e7\u00f5es de defini\u00e7\u00f5es.<\/p>\n<p>Este cabo adaptador de \u00e1udio possui um conetor macho Lightning de 8 pinos e um conetor macho de \u00e1udio est\u00e9reo de 3,5 mm.<\/p>\n<p>Tanto os contactos como o inv\u00f3lucro s\u00e3o banhados a ouro para maior durabilidade e resist\u00eancia \u00e0 corros\u00e3o.<\/p>\n<p>O condutor do cabo \u00e9 um fio lacado alojado em ABS ou alum\u00ednio.<\/p>\n<p>\u00c9 revestido por uma capa de TPE flex\u00edvel e dur\u00e1vel, garantindo a sua longevidade e resist\u00eancia \u00e0 utiliza\u00e7\u00e3o di\u00e1ria.<\/p>\n<p>E o seu di\u00e2metro exterior \u00e9 de 3,2 mm.<\/p>\n<p>Al\u00e9m disso, o nosso cabo adaptador de \u00e1udio est\u00e1 em conformidade com as normas RoHS e REACH, o que reflecte o nosso empenho em fabricar produtos amigos do ambiente.<\/p>\n<p>Assim, este cabo \u00e9 uma excelente escolha para quem procura um cabo fi\u00e1vel e de alta qualidade para os seus dispositivos Apple.<\/p>\n<p>Oferece um equil\u00edbrio ideal entre praticidade, desempenho e durabilidade.<\/p>\n<h2>Descarregar:<\/h2>\n<ul>\n<li>Ficha t\u00e9cnica de Cabo adaptador de \u00e1udio Apple Lightning para auscultadores macho de 3,5 mm<\/li>\n<\/ul>\n<h2>Informa\u00e7\u00f5es sobre a encomenda:<\/h2>\n<ul>\n<li>FS18502A-010: Concha em ABS estilo original da Apple, 3,3 p\u00e9s\/1,0 m<\/li>\n<li>FS18502A-018: Concha em ABS estilo original da Apple, 6 p\u00e9s\/1,8 m<\/li>\n<li>FS18502B-010: Estilo de cabo tran\u00e7ado com concha de metal, 3,3 p\u00e9s\/1,0 m<\/li>\n<li>FS18502B-018: Estilo de cabo entran\u00e7ado com revestimento met\u00e1lico, 6 p\u00e9s\/1,8 m<\/li>\n<\/ul>","protected":false},"excerpt":{"rendered":"<p>Apresentamos o nosso cabo adaptador de \u00e1udio para auscultadores Apple Lightning para macho de 3,5 mm, uma solu\u00e7\u00e3o vers\u00e1til para ligar os seus dispositivos Apple ao seu equipamento de \u00e1udio.<\/p>","protected":false},"featured_media":17725,"template":"","meta":{"_acf_changed":false,"_seopress_robots_primary_cat":"","_seopress_titles_title":"Headphone Audio Adapter Cable 3ft 6ft - Farsince","_seopress_titles_desc":"","_seopress_robots_index":"","site-sidebar-layout":"default","site-content-layout":"default","ast-site-content-layout":"default","site-content-style":"default","site-sidebar-style":"default","ast-global-header-display":"","ast-banner-title-visibility":"","ast-main-header-display":"","ast-hfb-above-header-display":"","ast-hfb-below-header-display":"","ast-hfb-mobile-header-display":"","site-post-title":"","ast-breadcrumbs-content":"","ast-featured-img":"","footer-sml-layout":"","ast-disable-related-posts":"","theme-transparent-header-meta":"default","adv-header-id-meta":"","stick-header-meta":"","header-above-stick-meta":"","header-main-stick-meta":"","header-below-stick-meta":"","astra-migrate-meta-layouts":"default","ast-page-background-enabled":"default","ast-page-background-meta":{"desktop":{"background-color":"","background-image":"","background-repeat":"repeat","background-position":"center center","background-size":"auto","background-attachment":"scroll","background-type":"","background-media":"","overlay-type":"","overlay-color":"","overlay-opacity":"","overlay-gradient":""},"tablet":{"background-color":"","background-image":"","background-repeat":"repeat","background-position":"center center","background-size":"auto","background-attachment":"scroll","background-type":"","background-media":"","overlay-type":"","overlay-color":"","overlay-opacity":"","overlay-gradient":""},"mobile":{"background-color":"","background-image":"","background-repeat":"repeat","background-position":"center center","background-size":"auto","background-attachment":"scroll","background-type":"","background-media":"","overlay-type":"","overlay-color":"","overlay-opacity":"","overlay-gradient":""}},"ast-content-background-meta":{"desktop":{"background-color":"var(--ast-global-color-5)","background-image":"","background-repeat":"repeat","background-position":"center center","background-size":"auto","background-attachment":"scroll","background-type":"","background-media":"","overlay-type":"","overlay-color":"","overlay-opacity":"","overlay-gradient":""},"tablet":{"background-color":"var(--ast-global-color-5)","background-image":"","background-repeat":"repeat","background-position":"center center","background-size":"auto","background-attachment":"scroll","background-type":"","background-media":"","overlay-type":"","overlay-color":"","overlay-opacity":"","overlay-gradient":""},"mobile":{"background-color":"var(--ast-global-color-5)","background-image":"","background-repeat":"repeat","background-position":"center center","background-size":"auto","background-attachment":"scroll","background-type":"","background-media":"","overlay-type":"","overlay-color":"","overlay-opacity":"","overlay-gradient":""}},"iawp_total_views":6},"product_brand":[],"product_cat":[219],"product_tag":[],"class_list":{"0":"post-17718","1":"product","2":"type-product","3":"status-publish","4":"has-post-thumbnail","6":"product_cat-audio-video","7":"desktop-align-left","8":"tablet-align-left","9":"mobile-align-left","11":"first","12":"instock","13":"shipping-taxable","14":"purchasable","15":"product-type-simple"},"acf":[],"_links":{"self":[{"href":"https:\/\/www.fjpremium.com\/pt\/wp-json\/wp\/v2\/product\/17718","targetHints":{"allow":["GET"]}}],"collection":[{"href":"https:\/\/www.fjpremium.com\/pt\/wp-json\/wp\/v2\/product"}],"about":[{"href":"https:\/\/www.fjpremium.com\/pt\/wp-json\/wp\/v2\/types\/product"}],"wp:featuredmedia":[{"embeddable":true,"href":"https:\/\/www.fjpremium.com\/pt\/wp-json\/wp\/v2\/media\/17725"}],"wp:attachment":[{"href":"https:\/\/www.fjpremium.com\/pt\/wp-json\/wp\/v2\/media?parent=17718"}],"wp:term":[{"taxonomy":"product_brand","embeddable":true,"href":"https:\/\/www.fjpremium.com\/pt\/wp-json\/wp\/v2\/product_brand?post=17718"},{"taxonomy":"product_cat","embeddable":true,"href":"https:\/\/www.fjpremium.com\/pt\/wp-json\/wp\/v2\/product_cat?post=17718"},{"taxonomy":"product_tag","embeddable":true,"href":"https:\/\/www.fjpremium.com\/pt\/wp-json\/wp\/v2\/product_tag?post=17718"}],"curies":[{"name":"wp","href":"https:\/\/api.w.org\/{rel}","templated":true}]}}