{"id":17709,"date":"2021-03-11T10:48:59","date_gmt":"2021-03-11T02:48:59","guid":{"rendered":"https:\/\/www.fjpremium.com\/?post_type=product&#038;p=17709"},"modified":"2023-05-24T14:44:14","modified_gmt":"2023-05-24T06:44:14","slug":"apple-lightning-to-3-5mm-female-headphone-jack-audio-adapter","status":"publish","type":"product","link":"https:\/\/www.fjpremium.com\/pt\/product\/apple-lightning-to-3-5mm-female-headphone-jack-audio-adapter\/","title":{"rendered":"Adaptador Apple Lightning para ficha de auscultadores de 3,5 mm f\u00eamea"},"content":{"rendered":"<p>Este adaptador de tomada para auscultadores permite-lhe utilizar os seus auscultadores de 3,5 mm existentes com v\u00e1rios modelos de iPhone, desde o iPhone 12\/12 Mini\/12 Pro\/12 Pro Max at\u00e9 \u00e0 s\u00e9rie iPhone 11, XS, XR, X, 8, 7 e 6 Plus.<\/p>\n<p>Tamb\u00e9m \u00e9 compat\u00edvel com os iPod Touches de 6\u00aa gera\u00e7\u00e3o, iPad Mini, iPad Air e iPad Pro.<\/p>\n<p>No entanto, n\u00e3o \u00e9 adequado para os modelos iPad Pro 11\u2033 \/ 12,9\u2033 de 2018, que t\u00eam uma interface USB-C.<\/p>\n<p>Equipado com o avan\u00e7ado chipset C100 ou C101, o nosso adaptador de tomada de auscultadores suporta as funcionalidades de auscultador e microfone.<\/p>\n<p>Disp\u00f5e de tecnologia avan\u00e7ada de redu\u00e7\u00e3o de ru\u00eddo e suporta uma sa\u00edda de \u00e1udio de at\u00e9 48 kHz e 26 bits.<\/p>\n<p>Isto garante-lhe uma qualidade de som perfeita para uma experi\u00eancia de \u00e1udio envolvente.<\/p>\n<p>Para al\u00e9m de ouvir m\u00fasica, tamb\u00e9m suporta fun\u00e7\u00f5es de controlo de fios, como um microfone, controlo de volume, fun\u00e7\u00f5es de pausa e reprodu\u00e7\u00e3o.<\/p>\n<p>A funcionalidade \"plug-and-play\" permite-lhe utiliz\u00e1-lo sem qualquer altera\u00e7\u00e3o das defini\u00e7\u00f5es.<\/p>\n<p>Al\u00e9m disso, o adaptador possui um conetor macho Lightning de 8 pinos e um conetor f\u00eamea de \u00e1udio est\u00e9reo de 3,5 mm.<\/p>\n<p>Tanto os contactos como o inv\u00f3lucro s\u00e3o banhados a ouro para resistir \u00e0 corros\u00e3o e garantir a longevidade.<\/p>\n<p>O condutor do cabo \u00e9 feito de fio lacado, com caixa em ABS ou alum\u00ednio.<\/p>\n<p>E o revestimento TPE \u00e9 flex\u00edvel e dur\u00e1vel, garantindo que o cabo resiste a uma utiliza\u00e7\u00e3o a longo prazo. O seu di\u00e2metro exterior \u00e9 de 3,2 mm.<\/p>\n<p>Em conformidade com as normas RoHS e REACH, este adaptador de tomada para auscultadores reflecte o nosso empenho em produzir produtos amigos do ambiente.<\/p>\n<p>Em suma, o nosso adaptador \u00e9 um excelente acess\u00f3rio para o seu dispositivo Apple, oferecendo uma qualidade de som superior, versatilidade e durabilidade.<\/p>\n<h2>Descarregar:<\/h2>\n<ul>\n<li>Ficha t\u00e9cnica de Adaptador de \u00e1udio Apple Lightning para tomada de auscultadores f\u00eamea de 3,5 mm<\/li>\n<\/ul>\n<h2>Informa\u00e7\u00f5es sobre a encomenda:<\/h2>\n<ul>\n<li>FS18501A: 8CM concha em ABS de estilo original da Apple<\/li>\n<li>FS18501b: Cabo entran\u00e7ado de 8 cm com revestimento met\u00e1lico<\/li>\n<\/ul>","protected":false},"excerpt":{"rendered":"<p>Melhore a sua experi\u00eancia \u00e1udio com o nosso adaptador para auscultadores Jack, um acess\u00f3rio vers\u00e1til concebido para todos os dispositivos Apple equipados com um conetor Lightning.<\/p>","protected":false},"featured_media":17712,"template":"","meta":{"_acf_changed":false,"_seopress_robots_primary_cat":"","_seopress_titles_title":"Headphone Jack Adapter - Farsince","_seopress_titles_desc":"","_seopress_robots_index":"","site-sidebar-layout":"default","site-content-layout":"default","ast-site-content-layout":"default","site-content-style":"default","site-sidebar-style":"default","ast-global-header-display":"","ast-banner-title-visibility":"","ast-main-header-display":"","ast-hfb-above-header-display":"","ast-hfb-below-header-display":"","ast-hfb-mobile-header-display":"","site-post-title":"","ast-breadcrumbs-content":"","ast-featured-img":"","footer-sml-layout":"","ast-disable-related-posts":"","theme-transparent-header-meta":"default","adv-header-id-meta":"","stick-header-meta":"","header-above-stick-meta":"","header-main-stick-meta":"","header-below-stick-meta":"","astra-migrate-meta-layouts":"default","ast-page-background-enabled":"default","ast-page-background-meta":{"desktop":{"background-color":"","background-image":"","background-repeat":"repeat","background-position":"center center","background-size":"auto","background-attachment":"scroll","background-type":"","background-media":"","overlay-type":"","overlay-color":"","overlay-opacity":"","overlay-gradient":""},"tablet":{"background-color":"","background-image":"","background-repeat":"repeat","background-position":"center center","background-size":"auto","background-attachment":"scroll","background-type":"","background-media":"","overlay-type":"","overlay-color":"","overlay-opacity":"","overlay-gradient":""},"mobile":{"background-color":"","background-image":"","background-repeat":"repeat","background-position":"center center","background-size":"auto","background-attachment":"scroll","background-type":"","background-media":"","overlay-type":"","overlay-color":"","overlay-opacity":"","overlay-gradient":""}},"ast-content-background-meta":{"desktop":{"background-color":"var(--ast-global-color-5)","background-image":"","background-repeat":"repeat","background-position":"center center","background-size":"auto","background-attachment":"scroll","background-type":"","background-media":"","overlay-type":"","overlay-color":"","overlay-opacity":"","overlay-gradient":""},"tablet":{"background-color":"var(--ast-global-color-5)","background-image":"","background-repeat":"repeat","background-position":"center center","background-size":"auto","background-attachment":"scroll","background-type":"","background-media":"","overlay-type":"","overlay-color":"","overlay-opacity":"","overlay-gradient":""},"mobile":{"background-color":"var(--ast-global-color-5)","background-image":"","background-repeat":"repeat","background-position":"center center","background-size":"auto","background-attachment":"scroll","background-type":"","background-media":"","overlay-type":"","overlay-color":"","overlay-opacity":"","overlay-gradient":""}},"iawp_total_views":3},"product_brand":[],"product_cat":[219],"product_tag":[],"class_list":{"0":"post-17709","1":"product","2":"type-product","3":"status-publish","4":"has-post-thumbnail","6":"product_cat-audio-video","7":"desktop-align-left","8":"tablet-align-left","9":"mobile-align-left","11":"first","12":"instock","13":"shipping-taxable","14":"purchasable","15":"product-type-simple"},"acf":[],"_links":{"self":[{"href":"https:\/\/www.fjpremium.com\/pt\/wp-json\/wp\/v2\/product\/17709","targetHints":{"allow":["GET"]}}],"collection":[{"href":"https:\/\/www.fjpremium.com\/pt\/wp-json\/wp\/v2\/product"}],"about":[{"href":"https:\/\/www.fjpremium.com\/pt\/wp-json\/wp\/v2\/types\/product"}],"wp:featuredmedia":[{"embeddable":true,"href":"https:\/\/www.fjpremium.com\/pt\/wp-json\/wp\/v2\/media\/17712"}],"wp:attachment":[{"href":"https:\/\/www.fjpremium.com\/pt\/wp-json\/wp\/v2\/media?parent=17709"}],"wp:term":[{"taxonomy":"product_brand","embeddable":true,"href":"https:\/\/www.fjpremium.com\/pt\/wp-json\/wp\/v2\/product_brand?post=17709"},{"taxonomy":"product_cat","embeddable":true,"href":"https:\/\/www.fjpremium.com\/pt\/wp-json\/wp\/v2\/product_cat?post=17709"},{"taxonomy":"product_tag","embeddable":true,"href":"https:\/\/www.fjpremium.com\/pt\/wp-json\/wp\/v2\/product_tag?post=17709"}],"curies":[{"name":"wp","href":"https:\/\/api.w.org\/{rel}","templated":true}]}}