{"id":17704,"date":"2021-03-11T10:47:04","date_gmt":"2021-03-11T02:47:04","guid":{"rendered":"https:\/\/www.fjpremium.com\/?post_type=product&#038;p=17704"},"modified":"2023-05-24T15:00:14","modified_gmt":"2023-05-24T07:00:14","slug":"digital-optical-audio-cable-toslink-fiber-optic-cable","status":"publish","type":"product","link":"https:\/\/www.fjpremium.com\/pt\/product\/digital-optical-audio-cable-toslink-fiber-optic-cable\/","title":{"rendered":"Cabo de \u00e1udio \u00f3tico digital, cabo de fibra \u00f3tica Toslink"},"content":{"rendered":"<p>O cabo de fibra \u00f3tica Toslink, o nosso cabo de \u00e1udio \u00f3tico digital, liga componentes de \u00e1udio de elevado desempenho, como a Xbox 360 e a Xbox One, ao seu televisor, recetor AV, DAC e PS4.<\/p>\n<p>Funciona com VD\/CD, Blu-ray e outros equipamentos com conectores Toslink (S\/PDIF, \u00f3pticos) padr\u00e3o e de alta defini\u00e7\u00e3o.<\/p>\n<p>Este cabo de \u00e1udio \u00f3tico digital inclui cabos de \u00e1udio Toslink macho para macho e conectores banhados a ouro para uma conetividade s\u00f3lida e resist\u00eancia \u00e0 corros\u00e3o.<\/p>\n<p>Uma tecnologia especial de lentes micro convexas permite que o feixe seja bem concentrado, diminuindo a perda de sinal, e uma tampa protetora de borracha impede que part\u00edculas de p\u00f3 se aproximem das extremidades \u00f3pticas.<\/p>\n<p>O cabo \u00e9 adequado para PCM de 2 canais, som surround Dolby 2.0\/5.1\/7.1, DTS, LPCM 5.1 e outros sinais de \u00e1udio devido \u00e0 sua extensa compatibilidade com o protocolo S\/PDIF padr\u00e3o e ao revestimento de PVC flex\u00edvel e robusto, que garante uma utiliza\u00e7\u00e3o prolongada.<\/p>\n<p>Uma cabe\u00e7a de pl\u00e1stico e uma liga\u00e7\u00e3o met\u00e1lica, bem como contactos banhados a ouro e uma concha, s\u00e3o tamb\u00e9m utilizados para construir o cabo de \u00e1udio \u00f3tico digital para aumentar a longevidade.<\/p>\n<p>O seu condutor \u00e9 feito de cobre nu ou CCS e \u00e9 protegido ainda mais ao ser colocado dentro de um molde de inje\u00e7\u00e3o.<\/p>\n<p>Al\u00e9m disso, possui um di\u00e2metro exterior de 6,0 mm, atenua\u00e7\u00e3o inferior a 180 dB\/km e uma gama de temperaturas de funcionamento de -55 \u00b0C a +85 \u00b0C.<\/p>\n<p>Como resultado, o nosso cabo proporciona uma liga\u00e7\u00e3o fi\u00e1vel e de alta qualidade para os seus dispositivos de \u00e1udio, permitindo-lhe experimentar uma melhor qualidade de som em todos os seus sistemas de entretenimento.<\/p>\n<p>\u00c9 totalmente compat\u00edvel com RoHS e REACH. Por isso, contacte-nos imediatamente!<\/p>\n<h2>Descarregar:<\/h2>\n<ul>\n<li>Ficha t\u00e9cnica de Cabo \u00e1udio v\u00eddeo composto 3RCA macho para 3RCA macho<\/li>\n<\/ul>\n<h2>Informa\u00e7\u00f5es sobre a encomenda:<\/h2>\n<ul>\n<li>FS18202-010: 1.0M<\/li>\n<li>FS18202-018: 1,8M<\/li>\n<li>FS18202-030: 3,0M<\/li>\n<li>FS18202-050: 5,0M<\/li>\n<\/ul>","protected":false},"excerpt":{"rendered":"<p>Experimente uma qualidade de \u00e1udio superior com o cabo de \u00e1udio \u00f3tico digital da Farsince, o companheiro perfeito para o seu sistema de cinema em casa, barra de som, consola de jogos e muito mais.<\/p>","protected":false},"featured_media":17707,"template":"","meta":{"_acf_changed":false,"_seopress_robots_primary_cat":"","_seopress_titles_title":"Best Digital Optical Audio Cable - Farsince","_seopress_titles_desc":"","_seopress_robots_index":"","site-sidebar-layout":"default","site-content-layout":"default","ast-site-content-layout":"default","site-content-style":"default","site-sidebar-style":"default","ast-global-header-display":"","ast-banner-title-visibility":"","ast-main-header-display":"","ast-hfb-above-header-display":"","ast-hfb-below-header-display":"","ast-hfb-mobile-header-display":"","site-post-title":"","ast-breadcrumbs-content":"","ast-featured-img":"","footer-sml-layout":"","ast-disable-related-posts":"","theme-transparent-header-meta":"default","adv-header-id-meta":"","stick-header-meta":"","header-above-stick-meta":"","header-main-stick-meta":"","header-below-stick-meta":"","astra-migrate-meta-layouts":"default","ast-page-background-enabled":"default","ast-page-background-meta":{"desktop":{"background-color":"","background-image":"","background-repeat":"repeat","background-position":"center center","background-size":"auto","background-attachment":"scroll","background-type":"","background-media":"","overlay-type":"","overlay-color":"","overlay-opacity":"","overlay-gradient":""},"tablet":{"background-color":"","background-image":"","background-repeat":"repeat","background-position":"center center","background-size":"auto","background-attachment":"scroll","background-type":"","background-media":"","overlay-type":"","overlay-color":"","overlay-opacity":"","overlay-gradient":""},"mobile":{"background-color":"","background-image":"","background-repeat":"repeat","background-position":"center center","background-size":"auto","background-attachment":"scroll","background-type":"","background-media":"","overlay-type":"","overlay-color":"","overlay-opacity":"","overlay-gradient":""}},"ast-content-background-meta":{"desktop":{"background-color":"var(--ast-global-color-5)","background-image":"","background-repeat":"repeat","background-position":"center center","background-size":"auto","background-attachment":"scroll","background-type":"","background-media":"","overlay-type":"","overlay-color":"","overlay-opacity":"","overlay-gradient":""},"tablet":{"background-color":"var(--ast-global-color-5)","background-image":"","background-repeat":"repeat","background-position":"center center","background-size":"auto","background-attachment":"scroll","background-type":"","background-media":"","overlay-type":"","overlay-color":"","overlay-opacity":"","overlay-gradient":""},"mobile":{"background-color":"var(--ast-global-color-5)","background-image":"","background-repeat":"repeat","background-position":"center center","background-size":"auto","background-attachment":"scroll","background-type":"","background-media":"","overlay-type":"","overlay-color":"","overlay-opacity":"","overlay-gradient":""}},"iawp_total_views":16},"product_brand":[],"product_cat":[219],"product_tag":[],"class_list":{"0":"post-17704","1":"product","2":"type-product","3":"status-publish","4":"has-post-thumbnail","6":"product_cat-audio-video","7":"desktop-align-left","8":"tablet-align-left","9":"mobile-align-left","11":"first","12":"instock","13":"shipping-taxable","14":"purchasable","15":"product-type-simple"},"acf":[],"_links":{"self":[{"href":"https:\/\/www.fjpremium.com\/pt\/wp-json\/wp\/v2\/product\/17704","targetHints":{"allow":["GET"]}}],"collection":[{"href":"https:\/\/www.fjpremium.com\/pt\/wp-json\/wp\/v2\/product"}],"about":[{"href":"https:\/\/www.fjpremium.com\/pt\/wp-json\/wp\/v2\/types\/product"}],"wp:featuredmedia":[{"embeddable":true,"href":"https:\/\/www.fjpremium.com\/pt\/wp-json\/wp\/v2\/media\/17707"}],"wp:attachment":[{"href":"https:\/\/www.fjpremium.com\/pt\/wp-json\/wp\/v2\/media?parent=17704"}],"wp:term":[{"taxonomy":"product_brand","embeddable":true,"href":"https:\/\/www.fjpremium.com\/pt\/wp-json\/wp\/v2\/product_brand?post=17704"},{"taxonomy":"product_cat","embeddable":true,"href":"https:\/\/www.fjpremium.com\/pt\/wp-json\/wp\/v2\/product_cat?post=17704"},{"taxonomy":"product_tag","embeddable":true,"href":"https:\/\/www.fjpremium.com\/pt\/wp-json\/wp\/v2\/product_tag?post=17704"}],"curies":[{"name":"wp","href":"https:\/\/api.w.org\/{rel}","templated":true}]}}