{"id":17698,"date":"2021-03-11T10:45:43","date_gmt":"2021-03-11T02:45:43","guid":{"rendered":"https:\/\/www.fjpremium.com\/?post_type=product&#038;p=17698"},"modified":"2023-05-24T15:02:34","modified_gmt":"2023-05-24T07:02:34","slug":"3rca-male-to-3rca-male-audio-video-composite-cable","status":"publish","type":"product","link":"https:\/\/www.fjpremium.com\/pt\/product\/3rca-male-to-3rca-male-audio-video-composite-cable\/","title":{"rendered":"Cabo composto de \u00e1udio e v\u00eddeo 3RCA macho para 3RCA macho"},"content":{"rendered":"<p>Para ligar o seu videogravador, descodificador, leitor de DVD ou outros dispositivos a um televisor, recetor AV, amplificador, projetor, r\u00e1dio ou qualquer equipamento com terminais RCA, este cabo composto de \u00e1udio e v\u00eddeo \u00e9 uma excelente escolha.<\/p>\n<p>Foi concebido para transmitir sinais \u00e1udio e v\u00eddeo de baixa frequ\u00eancia com elevada fidelidade.<\/p>\n<p>A constru\u00e7\u00e3o do cabo \u00e1udio v\u00eddeo composto \u00e9 louv\u00e1vel, apresentando um revestimento e moldagem em PVC macio para maior flexibilidade e durabilidade.<\/p>\n<p>Os conectores banhados a ouro e os condutores de cobre nu combinam-se para garantir um desempenho superior do cabo e uma transmiss\u00e3o de \u00e1udio sem perdas.<\/p>\n<p>Este cabo de v\u00eddeo composto possui liga\u00e7\u00f5es 3RCA macho para 3RCA macho, incluindo um cabo de v\u00eddeo composto RCA (RG59) e um cabo de \u00e1udio est\u00e9reo 2RCA (esquerdo e direito).<\/p>\n<p>Em termos de especifica\u00e7\u00f5es, possui conectores RCA macho x 3 em ambas as extremidades, contactos e conchas banhados a ouro e um condutor CCS.<\/p>\n<p>Utiliza um fio de calibre 28AWG e est\u00e1 alojado num molde de inje\u00e7\u00e3o, prometendo durabilidade.<\/p>\n<p>Tamb\u00e9m \u00e9 fornecido com isolamento de espuma de polietileno (PF), com 2,6\u00d77,8 mm de di\u00e2metro exterior.<\/p>\n<p>Consequentemente, em conformidade com as normas RoHS e REACH, o nosso cabo \u00e9 a sua escolha para uma conetividade de \u00e1udio e v\u00eddeo fi\u00e1vel e de alta qualidade.<\/p>\n<h2>Descarregar:<\/h2>\n<ul>\n<li>Ficha t\u00e9cnica de Cabo \u00e1udio v\u00eddeo composto 3RCA macho para 3RCA macho<\/li>\n<\/ul>\n<h2>Informa\u00e7\u00f5es sobre a encomenda:<\/h2>\n<ul>\n<li>FS18103-010: 1.0M<\/li>\n<li>FS18103-018: 1,8 M<\/li>\n<li>FS18103-030: 3,0M<\/li>\n<li>FS18103-050: 5,0M<\/li>\n<\/ul>","protected":false},"excerpt":{"rendered":"<p>Experimente a transmiss\u00e3o de \u00e1udio e v\u00eddeo com o nosso cabo composto de \u00e1udio e v\u00eddeo que simplifica os seus requisitos de liga\u00e7\u00e3o, mantendo uma elevada qualidade de sinal<\/p>","protected":false},"featured_media":17701,"template":"","meta":{"_acf_changed":false,"_seopress_robots_primary_cat":"","_seopress_titles_title":"Audio Video Composite Cable - Farsince","_seopress_titles_desc":"","_seopress_robots_index":"","site-sidebar-layout":"default","site-content-layout":"default","ast-site-content-layout":"default","site-content-style":"default","site-sidebar-style":"default","ast-global-header-display":"","ast-banner-title-visibility":"","ast-main-header-display":"","ast-hfb-above-header-display":"","ast-hfb-below-header-display":"","ast-hfb-mobile-header-display":"","site-post-title":"","ast-breadcrumbs-content":"","ast-featured-img":"","footer-sml-layout":"","ast-disable-related-posts":"","theme-transparent-header-meta":"default","adv-header-id-meta":"","stick-header-meta":"","header-above-stick-meta":"","header-main-stick-meta":"","header-below-stick-meta":"","astra-migrate-meta-layouts":"default","ast-page-background-enabled":"default","ast-page-background-meta":{"desktop":{"background-color":"","background-image":"","background-repeat":"repeat","background-position":"center center","background-size":"auto","background-attachment":"scroll","background-type":"","background-media":"","overlay-type":"","overlay-color":"","overlay-opacity":"","overlay-gradient":""},"tablet":{"background-color":"","background-image":"","background-repeat":"repeat","background-position":"center center","background-size":"auto","background-attachment":"scroll","background-type":"","background-media":"","overlay-type":"","overlay-color":"","overlay-opacity":"","overlay-gradient":""},"mobile":{"background-color":"","background-image":"","background-repeat":"repeat","background-position":"center center","background-size":"auto","background-attachment":"scroll","background-type":"","background-media":"","overlay-type":"","overlay-color":"","overlay-opacity":"","overlay-gradient":""}},"ast-content-background-meta":{"desktop":{"background-color":"var(--ast-global-color-5)","background-image":"","background-repeat":"repeat","background-position":"center center","background-size":"auto","background-attachment":"scroll","background-type":"","background-media":"","overlay-type":"","overlay-color":"","overlay-opacity":"","overlay-gradient":""},"tablet":{"background-color":"var(--ast-global-color-5)","background-image":"","background-repeat":"repeat","background-position":"center center","background-size":"auto","background-attachment":"scroll","background-type":"","background-media":"","overlay-type":"","overlay-color":"","overlay-opacity":"","overlay-gradient":""},"mobile":{"background-color":"var(--ast-global-color-5)","background-image":"","background-repeat":"repeat","background-position":"center center","background-size":"auto","background-attachment":"scroll","background-type":"","background-media":"","overlay-type":"","overlay-color":"","overlay-opacity":"","overlay-gradient":""}},"iawp_total_views":3},"product_brand":[],"product_cat":[219],"product_tag":[],"class_list":{"0":"post-17698","1":"product","2":"type-product","3":"status-publish","4":"has-post-thumbnail","6":"product_cat-audio-video","7":"desktop-align-left","8":"tablet-align-left","9":"mobile-align-left","11":"first","12":"instock","13":"shipping-taxable","14":"purchasable","15":"product-type-simple"},"acf":[],"_links":{"self":[{"href":"https:\/\/www.fjpremium.com\/pt\/wp-json\/wp\/v2\/product\/17698","targetHints":{"allow":["GET"]}}],"collection":[{"href":"https:\/\/www.fjpremium.com\/pt\/wp-json\/wp\/v2\/product"}],"about":[{"href":"https:\/\/www.fjpremium.com\/pt\/wp-json\/wp\/v2\/types\/product"}],"wp:featuredmedia":[{"embeddable":true,"href":"https:\/\/www.fjpremium.com\/pt\/wp-json\/wp\/v2\/media\/17701"}],"wp:attachment":[{"href":"https:\/\/www.fjpremium.com\/pt\/wp-json\/wp\/v2\/media?parent=17698"}],"wp:term":[{"taxonomy":"product_brand","embeddable":true,"href":"https:\/\/www.fjpremium.com\/pt\/wp-json\/wp\/v2\/product_brand?post=17698"},{"taxonomy":"product_cat","embeddable":true,"href":"https:\/\/www.fjpremium.com\/pt\/wp-json\/wp\/v2\/product_cat?post=17698"},{"taxonomy":"product_tag","embeddable":true,"href":"https:\/\/www.fjpremium.com\/pt\/wp-json\/wp\/v2\/product_tag?post=17698"}],"curies":[{"name":"wp","href":"https:\/\/api.w.org\/{rel}","templated":true}]}}