{"id":17690,"date":"2021-03-11T10:44:23","date_gmt":"2021-03-11T02:44:23","guid":{"rendered":"https:\/\/www.fjpremium.com\/?post_type=product&#038;p=17690"},"modified":"2023-05-24T15:03:58","modified_gmt":"2023-05-24T07:03:58","slug":"2rca-male-to-2rca-male-stereo-coaxial-audio-cable","status":"publish","type":"product","link":"https:\/\/www.fjpremium.com\/pt\/product\/2rca-male-to-2rca-male-stereo-coaxial-audio-cable\/","title":{"rendered":"Cabo de \u00e1udio coaxial est\u00e9reo macho 2RCA para macho 2RCA"},"content":{"rendered":"<p>O nosso cabo \u00e1udio coaxial est\u00e9reo de alta qualidade \u00e9 uma excelente escolha para melhorar o seu sistema de cinema em casa, HDTV, consolas de jogos ou sistemas de alta fidelidade, amplificando a qualidade do som para uma experi\u00eancia \u00e1udio mais rica e envolvente.<\/p>\n<p>Est\u00e1 equipado com conectores banhados a ouro, conhecidos por facilitarem uma transfer\u00eancia superior do sinal de \u00e1udio\/v\u00eddeo, reduzindo simultaneamente a interfer\u00eancia do sinal.<\/p>\n<p>Al\u00e9m disso, quando os tipos de liga\u00e7\u00e3o contempor\u00e2neos n\u00e3o s\u00e3o uma op\u00e7\u00e3o, serve como uma excelente alternativa para as suas aplica\u00e7\u00f5es \u00e1udio\/v\u00eddeo.<\/p>\n<p>O cabo possui conetividade de \u00e1udio 2RCA macho para 2RCA macho, concebido para funcionar na perfei\u00e7\u00e3o com o seu televisor, leitor de DVD, leitor de CD, amplificador, gira-discos e sistema de altifalantes.<\/p>\n<p>O seu condutor de cobre nu ou CCS com um calibre de fio de 28AWG garante a m\u00e1xima condutividade e durabilidade, enquanto o revestimento de PVC macio permite uma gest\u00e3o conveniente do cabo.<\/p>\n<p>Al\u00e9m disso, em termos de especifica\u00e7\u00f5es, este cabo de \u00e1udio coaxial est\u00e9reo \u00e9 fornecido com conectores RCA macho x 2 em ambas as extremidades, com contactos e conchas banhados a ouro.<\/p>\n<p>Alojado num molde de inje\u00e7\u00e3o, tamb\u00e9m fornece isolamento de espuma de polietileno (PF) e \u00e9 coberto por um revestimento de PVC dur\u00e1vel. O di\u00e2metro exterior mede 2,6\u00d75,2 mm.<\/p>\n<p>O nosso cabo de \u00e1udio coaxial est\u00e9reo est\u00e1 em conformidade com as normas RoHS e REACH, o que o torna uma escolha fi\u00e1vel e ambientalmente consciente para as suas necessidades de conetividade \u00e1udio.<\/p>\n<p>Assim, actualize a sua experi\u00eancia de \u00e1udio hoje mesmo com este produto superior.<\/p>\n<h2>Descarregar:<\/h2>\n<ul>\n<li>Ficha t\u00e9cnica de Cabo de \u00e1udio est\u00e9reo 2RCA macho para 2RCA macho<\/li>\n<\/ul>\n<h2>Informa\u00e7\u00f5es sobre a encomenda:<\/h2>\n<ul>\n<li>FS18102-010: 1.0M<\/li>\n<li>FS18102-018: 1,8M<\/li>\n<li>FS18102-030: 3,0M<\/li>\n<li>FS18102-050: 5,0M<\/li>\n<\/ul>","protected":false},"excerpt":{"rendered":"<p>Este cabo de \u00e1udio coaxial est\u00e9reo \u00e9 perfeito para ligar o seu equipamento de \u00e1udio ou qualquer dispositivo com tomada L\/R ao sistema de \u00e1udio est\u00e9reo da sua casa ou escrit\u00f3rio.<\/p>","protected":false},"featured_media":17694,"template":"","meta":{"_acf_changed":false,"_seopress_robots_primary_cat":"","_seopress_titles_title":"2RCA Male to 2RCA Male Stereo Coaxial Audio Cable - Farsince","_seopress_titles_desc":"","_seopress_robots_index":"","site-sidebar-layout":"default","site-content-layout":"default","ast-site-content-layout":"default","site-content-style":"default","site-sidebar-style":"default","ast-global-header-display":"","ast-banner-title-visibility":"","ast-main-header-display":"","ast-hfb-above-header-display":"","ast-hfb-below-header-display":"","ast-hfb-mobile-header-display":"","site-post-title":"","ast-breadcrumbs-content":"","ast-featured-img":"","footer-sml-layout":"","ast-disable-related-posts":"","theme-transparent-header-meta":"default","adv-header-id-meta":"","stick-header-meta":"","header-above-stick-meta":"","header-main-stick-meta":"","header-below-stick-meta":"","astra-migrate-meta-layouts":"default","ast-page-background-enabled":"default","ast-page-background-meta":{"desktop":{"background-color":"","background-image":"","background-repeat":"repeat","background-position":"center center","background-size":"auto","background-attachment":"scroll","background-type":"","background-media":"","overlay-type":"","overlay-color":"","overlay-opacity":"","overlay-gradient":""},"tablet":{"background-color":"","background-image":"","background-repeat":"repeat","background-position":"center center","background-size":"auto","background-attachment":"scroll","background-type":"","background-media":"","overlay-type":"","overlay-color":"","overlay-opacity":"","overlay-gradient":""},"mobile":{"background-color":"","background-image":"","background-repeat":"repeat","background-position":"center center","background-size":"auto","background-attachment":"scroll","background-type":"","background-media":"","overlay-type":"","overlay-color":"","overlay-opacity":"","overlay-gradient":""}},"ast-content-background-meta":{"desktop":{"background-color":"var(--ast-global-color-5)","background-image":"","background-repeat":"repeat","background-position":"center center","background-size":"auto","background-attachment":"scroll","background-type":"","background-media":"","overlay-type":"","overlay-color":"","overlay-opacity":"","overlay-gradient":""},"tablet":{"background-color":"var(--ast-global-color-5)","background-image":"","background-repeat":"repeat","background-position":"center center","background-size":"auto","background-attachment":"scroll","background-type":"","background-media":"","overlay-type":"","overlay-color":"","overlay-opacity":"","overlay-gradient":""},"mobile":{"background-color":"var(--ast-global-color-5)","background-image":"","background-repeat":"repeat","background-position":"center center","background-size":"auto","background-attachment":"scroll","background-type":"","background-media":"","overlay-type":"","overlay-color":"","overlay-opacity":"","overlay-gradient":""}},"iawp_total_views":6},"product_brand":[],"product_cat":[219],"product_tag":[],"class_list":{"0":"post-17690","1":"product","2":"type-product","3":"status-publish","4":"has-post-thumbnail","6":"product_cat-audio-video","7":"desktop-align-left","8":"tablet-align-left","9":"mobile-align-left","11":"first","12":"instock","13":"shipping-taxable","14":"purchasable","15":"product-type-simple"},"acf":[],"_links":{"self":[{"href":"https:\/\/www.fjpremium.com\/pt\/wp-json\/wp\/v2\/product\/17690","targetHints":{"allow":["GET"]}}],"collection":[{"href":"https:\/\/www.fjpremium.com\/pt\/wp-json\/wp\/v2\/product"}],"about":[{"href":"https:\/\/www.fjpremium.com\/pt\/wp-json\/wp\/v2\/types\/product"}],"wp:featuredmedia":[{"embeddable":true,"href":"https:\/\/www.fjpremium.com\/pt\/wp-json\/wp\/v2\/media\/17694"}],"wp:attachment":[{"href":"https:\/\/www.fjpremium.com\/pt\/wp-json\/wp\/v2\/media?parent=17690"}],"wp:term":[{"taxonomy":"product_brand","embeddable":true,"href":"https:\/\/www.fjpremium.com\/pt\/wp-json\/wp\/v2\/product_brand?post=17690"},{"taxonomy":"product_cat","embeddable":true,"href":"https:\/\/www.fjpremium.com\/pt\/wp-json\/wp\/v2\/product_cat?post=17690"},{"taxonomy":"product_tag","embeddable":true,"href":"https:\/\/www.fjpremium.com\/pt\/wp-json\/wp\/v2\/product_tag?post=17690"}],"curies":[{"name":"wp","href":"https:\/\/api.w.org\/{rel}","templated":true}]}}