{"id":17686,"date":"2021-03-11T10:42:55","date_gmt":"2021-03-11T02:42:55","guid":{"rendered":"https:\/\/www.fjpremium.com\/?post_type=product&#038;p=17686"},"modified":"2023-05-24T15:05:30","modified_gmt":"2023-05-24T07:05:30","slug":"rca-male-to-rca-male-digital-subwoofer-coaxial-audio-cable","status":"publish","type":"product","link":"https:\/\/www.fjpremium.com\/pt\/product\/rca-male-to-rca-male-digital-subwoofer-coaxial-audio-cable\/","title":{"rendered":"Cabo de \u00e1udio coaxial digital de subwoofer macho RCA para macho RCA"},"content":{"rendered":"<p>Especificamente concebido para fornecer sinais de graves e de baixa frequ\u00eancia de qualidade excecional, este cabo \u00e1udio digital coaxial liga perfeitamente o altifalante ou amplificador do subwoofer a um recetor AV com terminais RCA.<\/p>\n<p>Envolvido num revestimento de PVC macio, oferece maior flexibilidade e durabilidade.<\/p>\n<p>Al\u00e9m disso, combina conectores banhados a ouro e condutores de cobre nu para proporcionar um desempenho superior do cabo e uma transmiss\u00e3o de \u00e1udio sem perdas, tornando-o uma parte essencial da sua configura\u00e7\u00e3o de \u00e1udio.<\/p>\n<p>O nosso cabo \u00e1udio digital coaxial tem conetividade \u00e1udio RCA macho para macho para subwoofer.<\/p>\n<p>Al\u00e9m disso, foi concebido para funcionar sem esfor\u00e7o com interfaces COAXIAL e S\/PDIF e suporta Dolby Digital, DTS e som surround 5.1.<\/p>\n<p>Al\u00e9m disso, ao analisar as suas especifica\u00e7\u00f5es, o cabo possui conectores macho RCA em ambas as extremidades e um condutor feito de cobre nu ou CCS com um calibre de fio de 24AWG.<\/p>\n<p>Al\u00e9m disso, isolado com espuma de polietileno (PF), alojado num molde de inje\u00e7\u00e3o e com um di\u00e2metro exterior de 5,0 mm, est\u00e1 em conformidade com as normas RoHS e REACH.<\/p>\n<p>Em suma, melhore a sua experi\u00eancia de \u00e1udio com o nosso cabo, indispens\u00e1vel para qualquer audi\u00f3filo que procure uma qualidade de som \u00f3ptima.<\/p>\n<h2>Descarregar:<\/h2>\n<ul>\n<li>Ficha t\u00e9cnica de Cabo de subwoofer coaxial de \u00e1udio digital RCA para RCA<\/li>\n<\/ul>\n<h2>Informa\u00e7\u00f5es sobre a encomenda:<\/h2>\n<ul>\n<li>FS18101-010: 1.0M<\/li>\n<li>FS18101-018: 1,8M<\/li>\n<li>FS18101-030: 3,0M<\/li>\n<li>FS18101-050: 5,0M<\/li>\n<\/ul>","protected":false},"excerpt":{"rendered":"<p>Descubra o nosso cabo \u00e1udio digital coaxial, um companheiro ideal para ligar colunas subwoofer a componentes \u00e1udio, como receptores est\u00e9reo ou sistemas de som.<\/p>","protected":false},"featured_media":17688,"template":"","meta":{"_acf_changed":false,"_seopress_robots_primary_cat":"","_seopress_titles_title":"Best Digital Coaxial Audio Cable - Farsince","_seopress_titles_desc":"","_seopress_robots_index":"","site-sidebar-layout":"default","site-content-layout":"default","ast-site-content-layout":"default","site-content-style":"default","site-sidebar-style":"default","ast-global-header-display":"","ast-banner-title-visibility":"","ast-main-header-display":"","ast-hfb-above-header-display":"","ast-hfb-below-header-display":"","ast-hfb-mobile-header-display":"","site-post-title":"","ast-breadcrumbs-content":"","ast-featured-img":"","footer-sml-layout":"","ast-disable-related-posts":"","theme-transparent-header-meta":"default","adv-header-id-meta":"","stick-header-meta":"","header-above-stick-meta":"","header-main-stick-meta":"","header-below-stick-meta":"","astra-migrate-meta-layouts":"default","ast-page-background-enabled":"default","ast-page-background-meta":{"desktop":{"background-color":"","background-image":"","background-repeat":"repeat","background-position":"center center","background-size":"auto","background-attachment":"scroll","background-type":"","background-media":"","overlay-type":"","overlay-color":"","overlay-opacity":"","overlay-gradient":""},"tablet":{"background-color":"","background-image":"","background-repeat":"repeat","background-position":"center center","background-size":"auto","background-attachment":"scroll","background-type":"","background-media":"","overlay-type":"","overlay-color":"","overlay-opacity":"","overlay-gradient":""},"mobile":{"background-color":"","background-image":"","background-repeat":"repeat","background-position":"center center","background-size":"auto","background-attachment":"scroll","background-type":"","background-media":"","overlay-type":"","overlay-color":"","overlay-opacity":"","overlay-gradient":""}},"ast-content-background-meta":{"desktop":{"background-color":"var(--ast-global-color-5)","background-image":"","background-repeat":"repeat","background-position":"center center","background-size":"auto","background-attachment":"scroll","background-type":"","background-media":"","overlay-type":"","overlay-color":"","overlay-opacity":"","overlay-gradient":""},"tablet":{"background-color":"var(--ast-global-color-5)","background-image":"","background-repeat":"repeat","background-position":"center center","background-size":"auto","background-attachment":"scroll","background-type":"","background-media":"","overlay-type":"","overlay-color":"","overlay-opacity":"","overlay-gradient":""},"mobile":{"background-color":"var(--ast-global-color-5)","background-image":"","background-repeat":"repeat","background-position":"center center","background-size":"auto","background-attachment":"scroll","background-type":"","background-media":"","overlay-type":"","overlay-color":"","overlay-opacity":"","overlay-gradient":""}},"iawp_total_views":16},"product_brand":[],"product_cat":[219],"product_tag":[],"class_list":{"0":"post-17686","1":"product","2":"type-product","3":"status-publish","4":"has-post-thumbnail","6":"product_cat-audio-video","7":"desktop-align-left","8":"tablet-align-left","9":"mobile-align-left","11":"first","12":"instock","13":"shipping-taxable","14":"purchasable","15":"product-type-simple"},"acf":[],"_links":{"self":[{"href":"https:\/\/www.fjpremium.com\/pt\/wp-json\/wp\/v2\/product\/17686","targetHints":{"allow":["GET"]}}],"collection":[{"href":"https:\/\/www.fjpremium.com\/pt\/wp-json\/wp\/v2\/product"}],"about":[{"href":"https:\/\/www.fjpremium.com\/pt\/wp-json\/wp\/v2\/types\/product"}],"wp:featuredmedia":[{"embeddable":true,"href":"https:\/\/www.fjpremium.com\/pt\/wp-json\/wp\/v2\/media\/17688"}],"wp:attachment":[{"href":"https:\/\/www.fjpremium.com\/pt\/wp-json\/wp\/v2\/media?parent=17686"}],"wp:term":[{"taxonomy":"product_brand","embeddable":true,"href":"https:\/\/www.fjpremium.com\/pt\/wp-json\/wp\/v2\/product_brand?post=17686"},{"taxonomy":"product_cat","embeddable":true,"href":"https:\/\/www.fjpremium.com\/pt\/wp-json\/wp\/v2\/product_cat?post=17686"},{"taxonomy":"product_tag","embeddable":true,"href":"https:\/\/www.fjpremium.com\/pt\/wp-json\/wp\/v2\/product_tag?post=17686"}],"curies":[{"name":"wp","href":"https:\/\/api.w.org\/{rel}","templated":true}]}}