{"id":17678,"date":"2021-03-11T10:41:25","date_gmt":"2021-03-11T02:41:25","guid":{"rendered":"https:\/\/www.fjpremium.com\/?post_type=product&#038;p=17678"},"modified":"2023-11-02T14:07:53","modified_gmt":"2023-11-02T06:07:53","slug":"3-5mm-male-to-3rca-male-plug-stereo-audio-video-aux-cable","status":"publish","type":"product","link":"https:\/\/www.fjpremium.com\/pt\/product\/3-5mm-male-to-3rca-male-plug-stereo-audio-video-aux-cable\/","title":{"rendered":"Cabo AUX de \u00e1udio e v\u00eddeo est\u00e9reo com ficha macho de 3,5 mm para macho 3RCA"},"content":{"rendered":"<p>Quer se trate de um smartphone (excluindo iPhones), de um leitor de MP3 como um iPod ou Walkman, ou de um tablet como um iPad, Galaxy ou Fire, este cabo AUX de \u00e1udio e v\u00eddeo \u00e9 a solu\u00e7\u00e3o para ligar estes dispositivos a um televisor (excluindo televisores Sony), recetor AV, amplificador, projetor ou qualquer outro dispositivo compat\u00edvel com RCA.<\/p>\n<p>Inclui uma configura\u00e7\u00e3o de cabo de \u00e1udio de 3,5 mm macho para 3 RCA macho, conectores banhados a ouro concebidos para resistir \u00e0 corros\u00e3o e garantir uma conetividade fi\u00e1vel e um condutor de cobre para maximizar a condutividade e a durabilidade.<\/p>\n<p>Al\u00e9m disso, envolto num revestimento de PVC macio e flex\u00edvel, \u00e9 f\u00e1cil de manusear e os seus condutores de cobre nu melhoram o desempenho.<\/p>\n<p>Mas tenha em aten\u00e7\u00e3o que este cabo n\u00e3o \u00e9 compat\u00edvel com os televisores Sony, como o Sony XBV TV\/Bra Via TV e outros modelos Sony, nem com as c\u00e2maras de v\u00eddeo Sony.<\/p>\n<p>Al\u00e9m disso, o nosso cabo \u00e1udio v\u00eddeo AUX est\u00e1 alojado num molde de inje\u00e7\u00e3o e tem um di\u00e2metro exterior de 2,6\u00d77,8 mm. E est\u00e1 em conformidade com as normas RoHS e REACH.<\/p>\n<p>Assim, eleve a sua experi\u00eancia \u00e1udio-v\u00eddeo com este cabo, uma liga\u00e7\u00e3o fi\u00e1vel e de alta qualidade para as suas necessidades de entretenimento.<\/p>\n<h2>Descarregar:<\/h2>\n<ul>\n<li>Ficha t\u00e9cnica de Cabo coaxial adaptador de \u00e1udio est\u00e9reo macho de 3,5 mm para macho 3RCA<\/li>\n<\/ul>\n<h2>Informa\u00e7\u00f5es sobre a encomenda:<\/h2>\n<ul>\n<li>FS18010-010: 1.0M<\/li>\n<li>FS18010-018: 1,8M<\/li>\n<li>FS18010-030: 3,0M<\/li>\n<li>FS18010-050: 5,0M<\/li>\n<\/ul>","protected":false},"excerpt":{"rendered":"<p>Apresentamos este cabo AUX de \u00e1udio e v\u00eddeo est\u00e9reo com ficha macho de 3,5 mm para macho 3RCA, um conetor vers\u00e1til que liga os seus dispositivos de \u00e1udio port\u00e1teis a sistemas de \u00e1udio dom\u00e9sticos.<\/p>","protected":false},"featured_media":17679,"template":"","meta":{"_acf_changed":false,"_seopress_robots_primary_cat":"","_seopress_titles_title":"3.5mm Male to 3RCA Male Plug Stereo Audio Video AUX Cable - Farsince","_seopress_titles_desc":"Connect your audio and video devices with Farsince&#039;s 3.5mm Male to 3RCA Male Plug Stereo Audio Video AUX Cable. Our cable provides reliable and seamless connection for high-quality audio and video transfer. ","_seopress_robots_index":"","site-sidebar-layout":"default","site-content-layout":"default","ast-site-content-layout":"default","site-content-style":"default","site-sidebar-style":"default","ast-global-header-display":"","ast-banner-title-visibility":"","ast-main-header-display":"","ast-hfb-above-header-display":"","ast-hfb-below-header-display":"","ast-hfb-mobile-header-display":"","site-post-title":"","ast-breadcrumbs-content":"","ast-featured-img":"","footer-sml-layout":"","ast-disable-related-posts":"","theme-transparent-header-meta":"default","adv-header-id-meta":"","stick-header-meta":"","header-above-stick-meta":"","header-main-stick-meta":"","header-below-stick-meta":"","astra-migrate-meta-layouts":"set","ast-page-background-enabled":"default","ast-page-background-meta":{"desktop":{"background-color":"","background-image":"","background-repeat":"repeat","background-position":"center center","background-size":"auto","background-attachment":"scroll","background-type":"","background-media":"","overlay-type":"","overlay-color":"","overlay-opacity":"","overlay-gradient":""},"tablet":{"background-color":"","background-image":"","background-repeat":"repeat","background-position":"center center","background-size":"auto","background-attachment":"scroll","background-type":"","background-media":"","overlay-type":"","overlay-color":"","overlay-opacity":"","overlay-gradient":""},"mobile":{"background-color":"","background-image":"","background-repeat":"repeat","background-position":"center center","background-size":"auto","background-attachment":"scroll","background-type":"","background-media":"","overlay-type":"","overlay-color":"","overlay-opacity":"","overlay-gradient":""}},"ast-content-background-meta":{"desktop":{"background-color":"var(--ast-global-color-5)","background-image":"","background-repeat":"repeat","background-position":"center center","background-size":"auto","background-attachment":"scroll","background-type":"","background-media":"","overlay-type":"","overlay-color":"","overlay-opacity":"","overlay-gradient":""},"tablet":{"background-color":"var(--ast-global-color-5)","background-image":"","background-repeat":"repeat","background-position":"center center","background-size":"auto","background-attachment":"scroll","background-type":"","background-media":"","overlay-type":"","overlay-color":"","overlay-opacity":"","overlay-gradient":""},"mobile":{"background-color":"var(--ast-global-color-5)","background-image":"","background-repeat":"repeat","background-position":"center center","background-size":"auto","background-attachment":"scroll","background-type":"","background-media":"","overlay-type":"","overlay-color":"","overlay-opacity":"","overlay-gradient":""}},"iawp_total_views":9},"product_brand":[],"product_cat":[219],"product_tag":[],"class_list":{"0":"post-17678","1":"product","2":"type-product","3":"status-publish","4":"has-post-thumbnail","6":"product_cat-audio-video","7":"desktop-align-left","8":"tablet-align-left","9":"mobile-align-left","11":"first","12":"instock","13":"shipping-taxable","14":"purchasable","15":"product-type-simple"},"acf":[],"_links":{"self":[{"href":"https:\/\/www.fjpremium.com\/pt\/wp-json\/wp\/v2\/product\/17678","targetHints":{"allow":["GET"]}}],"collection":[{"href":"https:\/\/www.fjpremium.com\/pt\/wp-json\/wp\/v2\/product"}],"about":[{"href":"https:\/\/www.fjpremium.com\/pt\/wp-json\/wp\/v2\/types\/product"}],"wp:featuredmedia":[{"embeddable":true,"href":"https:\/\/www.fjpremium.com\/pt\/wp-json\/wp\/v2\/media\/17679"}],"wp:attachment":[{"href":"https:\/\/www.fjpremium.com\/pt\/wp-json\/wp\/v2\/media?parent=17678"}],"wp:term":[{"taxonomy":"product_brand","embeddable":true,"href":"https:\/\/www.fjpremium.com\/pt\/wp-json\/wp\/v2\/product_brand?post=17678"},{"taxonomy":"product_cat","embeddable":true,"href":"https:\/\/www.fjpremium.com\/pt\/wp-json\/wp\/v2\/product_cat?post=17678"},{"taxonomy":"product_tag","embeddable":true,"href":"https:\/\/www.fjpremium.com\/pt\/wp-json\/wp\/v2\/product_tag?post=17678"}],"curies":[{"name":"wp","href":"https:\/\/api.w.org\/{rel}","templated":true}]}}