{"id":17669,"date":"2021-03-11T10:39:39","date_gmt":"2021-03-11T02:39:39","guid":{"rendered":"https:\/\/www.fjpremium.com\/?post_type=product&#038;p=17669"},"modified":"2023-05-24T15:10:52","modified_gmt":"2023-05-24T07:10:52","slug":"high-quality-3-5mm-male-to-2rca-male-stereo-audio-cable-with-metal-housing","status":"publish","type":"product","link":"https:\/\/www.fjpremium.com\/pt\/product\/high-quality-3-5mm-male-to-2rca-male-stereo-audio-cable-with-metal-housing\/","title":{"rendered":"Cabo de \u00e1udio est\u00e9reo de 3,5 mm macho para 2RCA macho de alta qualidade com caixa met\u00e1lica"},"content":{"rendered":"<p>Este cabo de \u00e1udio est\u00e9reo de qualidade superior garante uma experi\u00eancia de \u00e1udio rica ao incluir uma liga\u00e7\u00e3o de 3,5 mm que funciona com a tomada de auscultadores de qualquer dispositivo e dois conectores RCA que s\u00e3o feitos para corresponder \u00e0s entradas auxiliares esquerda e direita do seu sistema de som.<\/p>\n<p>Outra vantagem \u00e9 que pode fix\u00e1-lo ao dispositivo de origem sem retirar a capa do telem\u00f3vel, gra\u00e7as ao design compacto do conetor da capa met\u00e1lica.<\/p>\n<p>O nosso cabo de \u00e1udio est\u00e9reo superior \u00e9 fabricado em cobre para uma condutividade e longevidade \u00f3ptimas, liga\u00e7\u00f5es banhadas a ouro que evitam a corros\u00e3o e garantem uma conetividade fi\u00e1vel, e uma constru\u00e7\u00e3o de cabo de \u00e1udio de 3,5 mm macho para 2 RCA macho.<\/p>\n<p>Al\u00e9m disso, o cabo est\u00e1 coberto por um revestimento de PVC macio e flex\u00edvel para aumentar a sua longevidade e facilidade de manuseamento.<\/p>\n<p>Al\u00e9m disso, o condutor do cabo \u00e9 constru\u00eddo em cobre nu ou CCS com um calibre de fio de 28AWG 10\/0,1 mm.<\/p>\n<p>Apresenta um di\u00e2metro exterior de 2,6\u00d75,2 mm, uma caixa de molde de inje\u00e7\u00e3o e est\u00e1 em conformidade com os regulamentos RoHS e REACH.<\/p>\n<p>Em geral, confie neste cabo para uma maior qualidade de \u00e1udio. Serve como liga\u00e7\u00e3o fi\u00e1vel e de qualidade superior para todos os seus requisitos de \u00e1udio est\u00e9reo.<\/p>\n<h2>Descarregar:<\/h2>\n<ul>\n<li>Ficha t\u00e9cnica de Cabo coaxial adaptador de \u00e1udio est\u00e9reo de 3,5 mm macho para 2RCA macho de alta qualidade<\/li>\n<\/ul>\n<h2>Informa\u00e7\u00f5es sobre a encomenda:<\/h2>\n<ul>\n<li>FS18009A-010: 1.0M<\/li>\n<li>FS18009A-018: 1,8 M<\/li>\n<li>FS18009A-030: 3,0M<\/li>\n<li>FS18009A-050: 5,0M<\/li>\n<\/ul>","protected":false},"excerpt":{"rendered":"<p>Experimente a melhor nitidez de \u00e1udio com o nosso cabo de \u00e1udio est\u00e9reo, uma solu\u00e7\u00e3o ideal para ligar o seu telem\u00f3vel, leitor de MP3 ou PC ao seu sistema de \u00e1udio dom\u00e9stico<\/p>","protected":false},"featured_media":17670,"template":"","meta":{"_acf_changed":false,"_seopress_robots_primary_cat":"","_seopress_titles_title":"3.5mm Male to 2RCA Male Stereo Audio Cable - Farsince","_seopress_titles_desc":"","_seopress_robots_index":"","site-sidebar-layout":"default","site-content-layout":"default","ast-site-content-layout":"default","site-content-style":"default","site-sidebar-style":"default","ast-global-header-display":"","ast-banner-title-visibility":"","ast-main-header-display":"","ast-hfb-above-header-display":"","ast-hfb-below-header-display":"","ast-hfb-mobile-header-display":"","site-post-title":"","ast-breadcrumbs-content":"","ast-featured-img":"","footer-sml-layout":"","ast-disable-related-posts":"","theme-transparent-header-meta":"default","adv-header-id-meta":"","stick-header-meta":"","header-above-stick-meta":"","header-main-stick-meta":"","header-below-stick-meta":"","astra-migrate-meta-layouts":"default","ast-page-background-enabled":"default","ast-page-background-meta":{"desktop":{"background-color":"","background-image":"","background-repeat":"repeat","background-position":"center center","background-size":"auto","background-attachment":"scroll","background-type":"","background-media":"","overlay-type":"","overlay-color":"","overlay-opacity":"","overlay-gradient":""},"tablet":{"background-color":"","background-image":"","background-repeat":"repeat","background-position":"center center","background-size":"auto","background-attachment":"scroll","background-type":"","background-media":"","overlay-type":"","overlay-color":"","overlay-opacity":"","overlay-gradient":""},"mobile":{"background-color":"","background-image":"","background-repeat":"repeat","background-position":"center center","background-size":"auto","background-attachment":"scroll","background-type":"","background-media":"","overlay-type":"","overlay-color":"","overlay-opacity":"","overlay-gradient":""}},"ast-content-background-meta":{"desktop":{"background-color":"var(--ast-global-color-5)","background-image":"","background-repeat":"repeat","background-position":"center center","background-size":"auto","background-attachment":"scroll","background-type":"","background-media":"","overlay-type":"","overlay-color":"","overlay-opacity":"","overlay-gradient":""},"tablet":{"background-color":"var(--ast-global-color-5)","background-image":"","background-repeat":"repeat","background-position":"center center","background-size":"auto","background-attachment":"scroll","background-type":"","background-media":"","overlay-type":"","overlay-color":"","overlay-opacity":"","overlay-gradient":""},"mobile":{"background-color":"var(--ast-global-color-5)","background-image":"","background-repeat":"repeat","background-position":"center center","background-size":"auto","background-attachment":"scroll","background-type":"","background-media":"","overlay-type":"","overlay-color":"","overlay-opacity":"","overlay-gradient":""}},"iawp_total_views":2},"product_brand":[],"product_cat":[219],"product_tag":[],"class_list":{"0":"post-17669","1":"product","2":"type-product","3":"status-publish","4":"has-post-thumbnail","6":"product_cat-audio-video","7":"desktop-align-left","8":"tablet-align-left","9":"mobile-align-left","11":"first","12":"instock","13":"shipping-taxable","14":"purchasable","15":"product-type-simple"},"acf":[],"_links":{"self":[{"href":"https:\/\/www.fjpremium.com\/pt\/wp-json\/wp\/v2\/product\/17669","targetHints":{"allow":["GET"]}}],"collection":[{"href":"https:\/\/www.fjpremium.com\/pt\/wp-json\/wp\/v2\/product"}],"about":[{"href":"https:\/\/www.fjpremium.com\/pt\/wp-json\/wp\/v2\/types\/product"}],"wp:featuredmedia":[{"embeddable":true,"href":"https:\/\/www.fjpremium.com\/pt\/wp-json\/wp\/v2\/media\/17670"}],"wp:attachment":[{"href":"https:\/\/www.fjpremium.com\/pt\/wp-json\/wp\/v2\/media?parent=17669"}],"wp:term":[{"taxonomy":"product_brand","embeddable":true,"href":"https:\/\/www.fjpremium.com\/pt\/wp-json\/wp\/v2\/product_brand?post=17669"},{"taxonomy":"product_cat","embeddable":true,"href":"https:\/\/www.fjpremium.com\/pt\/wp-json\/wp\/v2\/product_cat?post=17669"},{"taxonomy":"product_tag","embeddable":true,"href":"https:\/\/www.fjpremium.com\/pt\/wp-json\/wp\/v2\/product_tag?post=17669"}],"curies":[{"name":"wp","href":"https:\/\/api.w.org\/{rel}","templated":true}]}}